{"id":142,"date":"2019-08-08T13:12:55","date_gmt":"2019-08-08T06:12:55","guid":{"rendered":"http:\/\/tedisouth.vn\/?page_id=142"},"modified":"2021-03-27T09:26:18","modified_gmt":"2021-03-27T02:26:18","slug":"thong-tin-chung","status":"publish","type":"page","link":"http:\/\/tedisouth.vn\/?page_id=142","title":{"rendered":"Th\u00f4ng tin chung"},"content":{"rendered":"\n<hr class=\"wp-block-separator is-style-wide\"\/>\n\n\n\n<h2 class=\"wp-block-heading\" style=\"text-align:center\"><strong>Th\u00f4ng tin chung<\/strong><\/h2>\n\n\n\n<hr class=\"wp-block-separator is-style-wide\"\/>\n\n\n\n<p class=\"has-normal-font-size\"><strong>T\u00ean \u0111\u01a1n v\u1ecb:<\/strong>&nbsp;C\u00f4ng ty C\u1ed5 Ph\u1ea7n T\u01b0 v\u1ea5n Thi\u1ebft k\u1ebf Giao th\u00f4ng V\u1eadn t\u1ea3i ph\u00eda Nam<\/p>\n\n\n\n<p class=\"has-normal-font-size\"><strong>T\u00ean vi\u1ebft t\u1eaft:<\/strong>&nbsp;TEDI SOUTH<\/p>\n\n\n\n<p class=\"has-normal-font-size\"><strong>Tr\u1ee5 s\u1edf ch\u00ednh:<\/strong><\/p>\n\n\n\n<p class=\"has-normal-font-size\">&#8211; \u0110\u1ecba ch\u1ec9: 92 Nam K\u1ef3 Kh\u1edfi Ngh\u0129a, Qu\u1eadn 1, TP. H\u1ed3 Ch\u00ed Minh<\/p>\n\n\n\n<p class=\"has-normal-font-size\">&#8211; \u0110i\u1ec7n tho\u1ea1i: (028) 3829 9988 &#8211; 3829 2679<\/p>\n\n\n\n<p class=\"has-normal-font-size\">&#8211; Fax: (028) 3829 2661<\/p>\n\n\n\n<p class=\"has-normal-font-size\">&#8211; E-mail: tedisouth@tedisouth.com<\/p>\n\n\n\n<p class=\"has-normal-font-size\">&#8211; Website: http:\/\/tedisouth.com<\/p>\n\n\n\n<p class=\"has-normal-font-size\"><strong>V\u0103n ph\u00f2ng 2:<\/strong><\/p>\n\n\n\n<p class=\"has-normal-font-size\">&#8211; \u0110\u1ecba ch\u1ec9: 530 V\u00f5 V\u0103n Ki\u1ec7t, Qu\u1eadn 1, TP. H\u1ed3 Ch\u00ed Minh<\/p>\n\n\n\n<p class=\"has-normal-font-size\"><strong>V\u0103n ph\u00f2ng 3:<\/strong><\/p>\n\n\n\n<p class=\"has-normal-font-size\">&#8211; \u0110\u1ecba ch\u1ec9: 98\/13 Ung V\u0103n Khi\u00eam, Qu\u1eadn B\u00ecnh Th\u1ea1nh, TP. H\u1ed3 Ch\u00ed Minh<\/p>\n\n\n\n<p class=\"has-normal-font-size\"><strong>Chi nh\u00e1nh ph\u00eda B\u1eafc:<\/strong><\/p>\n\n\n\n<p class=\"has-normal-font-size\">\u00a0&#8211; \u0110\u1ecba ch\u1ec9: 02 LK15, khu \u0111\u1ea5t d\u1ecbch v\u1ee5, \u0111\u1ea5t \u1edf H\u00e0 Tr\u00ec,  ph\u01b0\u1eddng H\u00e0 C\u1ea7u, qu\u1eadn H\u00e0 \u0110\u00f4ng, H\u00e0 N\u1ed9i<\/p>\n\n\n\n<p class=\"has-normal-font-size\">&#8211; \u0110i\u1ec7n tho\u1ea1i: (024) 6286 3357<\/p>\n\n\n\n<p class=\"has-normal-font-size\">&#8211; Fax: (024) 6286 3357<\/p>\n\n\n\n<p class=\"has-normal-font-size\"><strong>Gi\u1ea5y ch\u1ee9ng nh\u1eadn \u0111\u0103ng k\u00fd kinh doanh s\u1ed1 0300422323 do Ph\u00f2ng \u0111\u0103ng k\u00fd kinh doanh &#8211; S\u1edf K\u1ebf ho\u1ea1ch v\u00e0 \u0110\u1ea7u t\u01b0 TP. H\u1ed3 Ch\u00ed Minh c\u1ea5p<\/strong><\/p>\n\n\n\n<ul class=\"wp-block-gallery aligncenter columns-2 is-cropped wp-block-gallery-1 is-layout-flex wp-block-gallery-is-layout-flex\"><li class=\"blocks-gallery-item\"><figure><img loading=\"lazy\" decoding=\"async\" width=\"600\" height=\"863\" src=\"http:\/\/tedisouth.vn\/wp-content\/uploads\/2019\/08\/DKKD-lan10-1.jpg\" alt=\"\" data-id=\"166\" data-link=\"http:\/\/tedisouth.vn\/?attachment_id=166\" class=\"wp-image-166\" srcset=\"http:\/\/tedisouth.vn\/wp-content\/uploads\/2019\/08\/DKKD-lan10-1.jpg 600w, http:\/\/tedisouth.vn\/wp-content\/uploads\/2019\/08\/DKKD-lan10-1-209x300.jpg 209w\" sizes=\"(max-width: 600px) 100vw, 600px\" \/><\/figure><\/li><li class=\"blocks-gallery-item\"><figure><img loading=\"lazy\" decoding=\"async\" width=\"600\" height=\"871\" src=\"http:\/\/tedisouth.vn\/wp-content\/uploads\/2019\/08\/DKKD-lan10-2.jpg\" alt=\"\" data-id=\"167\" data-link=\"http:\/\/tedisouth.vn\/?attachment_id=167\" class=\"wp-image-167\" srcset=\"http:\/\/tedisouth.vn\/wp-content\/uploads\/2019\/08\/DKKD-lan10-2.jpg 600w, http:\/\/tedisouth.vn\/wp-content\/uploads\/2019\/08\/DKKD-lan10-2-207x300.jpg 207w\" sizes=\"(max-width: 600px) 100vw, 600px\" \/><\/figure><\/li><\/ul>\n","protected":false},"excerpt":{"rendered":"<p>Th\u00f4ng tin chung T\u00ean \u0111\u01a1n v\u1ecb:&nbsp;C\u00f4ng ty C\u1ed5 Ph\u1ea7n T\u01b0 v\u1ea5n Thi\u1ebft k\u1ebf Giao th\u00f4ng V\u1eadn t\u1ea3i ph\u00eda Nam T\u00ean vi\u1ebft t\u1eaft:&nbsp;TEDI SOUTH Tr\u1ee5 s\u1edf ch\u00ednh: &#8211; \u0110\u1ecba ch\u1ec9: 92 Nam K\u1ef3 Kh\u1edfi Ngh\u0129a, Qu\u1eadn 1, TP. H\u1ed3 Ch\u00ed Minh &hellip; <a href=\"http:\/\/tedisouth.vn\/?page_id=142\">Continued<\/a><\/p>\n","protected":false},"author":1,"featured_media":0,"parent":92,"menu_order":0,"comment_status":"closed","ping_status":"closed","template":"","meta":{"kt_blocks_editor_width":"","footnotes":""},"_links":{"self":[{"href":"http:\/\/tedisouth.vn\/index.php?rest_route=\/wp\/v2\/pages\/142"}],"collection":[{"href":"http:\/\/tedisouth.vn\/index.php?rest_route=\/wp\/v2\/pages"}],"about":[{"href":"http:\/\/tedisouth.vn\/index.php?rest_route=\/wp\/v2\/types\/page"}],"author":[{"embeddable":true,"href":"http:\/\/tedisouth.vn\/index.php?rest_route=\/wp\/v2\/users\/1"}],"replies":[{"embeddable":true,"href":"http:\/\/tedisouth.vn\/index.php?rest_route=%2Fwp%2Fv2%2Fcomments&post=142"}],"version-history":[{"count":11,"href":"http:\/\/tedisouth.vn\/index.php?rest_route=\/wp\/v2\/pages\/142\/revisions"}],"predecessor-version":[{"id":1082,"href":"http:\/\/tedisouth.vn\/index.php?rest_route=\/wp\/v2\/pages\/142\/revisions\/1082"}],"up":[{"embeddable":true,"href":"http:\/\/tedisouth.vn\/index.php?rest_route=\/wp\/v2\/pages\/92"}],"wp:attachment":[{"href":"http:\/\/tedisouth.vn\/index.php?rest_route=%2Fwp%2Fv2%2Fmedia&parent=142"}],"curies":[{"name":"wp","href":"https:\/\/api.w.org\/{rel}","templated":true}]}}