{"id":170,"date":"2019-08-08T14:02:31","date_gmt":"2019-08-08T07:02:31","guid":{"rendered":"http:\/\/tedisouth.vn\/?page_id=170"},"modified":"2024-05-07T07:56:31","modified_gmt":"2024-05-07T00:56:31","slug":"general-information","status":"publish","type":"page","link":"http:\/\/tedisouth.vn\/?page_id=170&lang=en","title":{"rendered":"General information"},"content":{"rendered":"\n<hr class=\"wp-block-separator is-style-wide\"\/>\n\n\n\n<h2 class=\"wp-block-heading\" style=\"text-align:center\"><strong>GENERAL INFORMATION<\/strong><\/h2>\n\n\n\n<hr class=\"wp-block-separator is-style-wide\"\/>\n\n\n\n<p class=\"has-normal-font-size\"><strong>Name of business :\u00a0<\/strong>South Transport Engineering Design Joint Stock Incorporated.<\/p>\n\n\n\n<p class=\"has-normal-font-size\"><strong>Abbreviation:<\/strong>&nbsp;TEDI SOUTH<\/p>\n\n\n\n<p class=\"has-normal-font-size\"><strong>Head office:<\/strong><\/p>\n\n\n\n<p class=\"has-normal-font-size\">&#8211; Address: 92 Nam K\u1ef3 Kh\u1edfi Ngh\u0129a, Qu\u1eadn 1, TP. H\u1ed3 Ch\u00ed Minh<\/p>\n\n\n\n<p class=\"has-normal-font-size\">&#8211; Tel: (028) 3829 9988 &#8211; 3829 2679<\/p>\n\n\n\n<p class=\"has-normal-font-size\">&#8211; Fax: (028) 3829 2661<\/p>\n\n\n\n<p class=\"has-normal-font-size\">&#8211; E-mail: tedisouth@tedisouth.com<\/p>\n\n\n\n<p class=\"has-normal-font-size\">&#8211; Website: http:\/\/tedisouth.com<\/p>\n\n\n\n<p class=\"has-normal-font-size\"><strong>Second office:<\/strong><\/p>\n\n\n\n<p class=\"has-normal-font-size\">&#8211; Address: 530 V\u00f5 V\u0103n Ki\u1ec7t, Qu\u1eadn 1, TP. H\u1ed3 Ch\u00ed Minh<\/p>\n\n\n\n<p class=\"has-normal-font-size\"><strong>Third office:<\/strong><\/p>\n\n\n\n<p class=\"has-normal-font-size\">&#8211; Address: 98\/13 Ung V\u0103n Khi\u00eam, Qu\u1eadn B\u00ecnh Th\u1ea1nh, TP. H\u1ed3 Ch\u00ed Minh<\/p>\n\n\n\n<p class=\"has-normal-font-size\"><strong>North branch:<\/strong><\/p>\n\n\n\n<p class=\"has-normal-font-size\">&nbsp;&#8211; Address: 02 LK15, khu \u0111\u1ea5t d\u1ecbch v\u1ee5, \u0111\u1ea5t \u1edf H\u00e0 Tr\u00ec, ph\u01b0\u1eddng H\u00e0 C\u1ea7u, qu\u1eadn H\u00e0 \u0110\u00f4ng, H\u00e0 N\u1ed9i<br><\/p>\n\n\n\n<p class=\"has-normal-font-size\">&#8211; Tel: (024) 6286 3357<br><\/p>\n\n\n\n<p class=\"has-normal-font-size\">&#8211; Fax: (024) 6286 3357<br><\/p>\n\n\n\n<p class=\"has-normal-font-size\"><strong>Business License No 0300422323 granted by Business certification Division of the Planning and Investment Department of People Committee-HCM city.<\/strong><br><\/p>\n\n\n\n<ul class=\"wp-block-gallery aligncenter columns-2 is-cropped wp-block-gallery-1 is-layout-flex wp-block-gallery-is-layout-flex\"><li class=\"blocks-gallery-item\"><figure><img loading=\"lazy\" decoding=\"async\" width=\"600\" height=\"863\" src=\"http:\/\/tedisouth.vn\/wp-content\/uploads\/2019\/08\/DKKD-lan10-1-1.jpg\" alt=\"\" data-id=\"174\" data-link=\"http:\/\/tedisouth.vn\/?attachment_id=174\" class=\"wp-image-174\" srcset=\"http:\/\/tedisouth.vn\/wp-content\/uploads\/2019\/08\/DKKD-lan10-1-1.jpg 600w, http:\/\/tedisouth.vn\/wp-content\/uploads\/2019\/08\/DKKD-lan10-1-1-209x300.jpg 209w\" sizes=\"(max-width: 600px) 100vw, 600px\" \/><\/figure><\/li><li class=\"blocks-gallery-item\"><figure><img loading=\"lazy\" decoding=\"async\" width=\"600\" height=\"871\" src=\"http:\/\/tedisouth.vn\/wp-content\/uploads\/2019\/08\/DKKD-lan10-2-1.jpg\" alt=\"\" data-id=\"175\" data-link=\"http:\/\/tedisouth.vn\/?attachment_id=175\" class=\"wp-image-175\" srcset=\"http:\/\/tedisouth.vn\/wp-content\/uploads\/2019\/08\/DKKD-lan10-2-1.jpg 600w, http:\/\/tedisouth.vn\/wp-content\/uploads\/2019\/08\/DKKD-lan10-2-1-207x300.jpg 207w\" sizes=\"(max-width: 600px) 100vw, 600px\" \/><\/figure><\/li><\/ul>\n","protected":false},"excerpt":{"rendered":"<p>GENERAL INFORMATION Name of business :\u00a0South Transport Engineering Design Joint Stock Incorporated. Abbreviation:&nbsp;TEDI SOUTH Head office: &#8211; Address: 92 Nam K\u1ef3 Kh\u1edfi Ngh\u0129a, Qu\u1eadn 1, TP. H\u1ed3 Ch\u00ed Minh &#8211; Tel: (028) 3829 9988 &#8211; 3829 2679 &#8211; Fax: (028) &hellip; <a href=\"http:\/\/tedisouth.vn\/?page_id=170&#038;lang=en\">Continued<\/a><\/p>\n","protected":false},"author":1,"featured_media":0,"parent":110,"menu_order":0,"comment_status":"closed","ping_status":"closed","template":"","meta":{"kt_blocks_editor_width":"","footnotes":""},"_links":{"self":[{"href":"http:\/\/tedisouth.vn\/index.php?rest_route=\/wp\/v2\/pages\/170"}],"collection":[{"href":"http:\/\/tedisouth.vn\/index.php?rest_route=\/wp\/v2\/pages"}],"about":[{"href":"http:\/\/tedisouth.vn\/index.php?rest_route=\/wp\/v2\/types\/page"}],"author":[{"embeddable":true,"href":"http:\/\/tedisouth.vn\/index.php?rest_route=\/wp\/v2\/users\/1"}],"replies":[{"embeddable":true,"href":"http:\/\/tedisouth.vn\/index.php?rest_route=%2Fwp%2Fv2%2Fcomments&post=170"}],"version-history":[{"count":6,"href":"http:\/\/tedisouth.vn\/index.php?rest_route=\/wp\/v2\/pages\/170\/revisions"}],"predecessor-version":[{"id":1461,"href":"http:\/\/tedisouth.vn\/index.php?rest_route=\/wp\/v2\/pages\/170\/revisions\/1461"}],"up":[{"embeddable":true,"href":"http:\/\/tedisouth.vn\/index.php?rest_route=\/wp\/v2\/pages\/110"}],"wp:attachment":[{"href":"http:\/\/tedisouth.vn\/index.php?rest_route=%2Fwp%2Fv2%2Fmedia&parent=170"}],"curies":[{"name":"wp","href":"https:\/\/api.w.org\/{rel}","templated":true}]}}