{"id":190,"date":"2019-08-08T14:26:55","date_gmt":"2019-08-08T07:26:55","guid":{"rendered":"http:\/\/tedisouth.vn\/?page_id=190"},"modified":"2021-10-08T13:28:42","modified_gmt":"2021-10-08T06:28:42","slug":"he-thong-quan-ly-chat-luong-iso-9001","status":"publish","type":"page","link":"http:\/\/tedisouth.vn\/?page_id=190","title":{"rendered":"H\u1ec7 th\u1ed1ng qu\u1ea3n l\u00fd ch\u1ea5t l\u01b0\u1ee3ng"},"content":{"rendered":"\n<hr class=\"wp-block-separator is-style-wide\"\/>\n\n\n\n<h2 class=\"wp-block-heading\" style=\"text-align:center\"><strong>H\u1ec6 TH\u1ed0NG QU\u1ea2N L\u00dd CH\u1ea4T L\u01af\u1ee2NG ISO 9001<\/strong><\/h2>\n\n\n\n<hr class=\"wp-block-separator is-style-wide\"\/>\n\n\n\n<ul><li>Th\u00e1ng 01 n\u0103m 2005 \u0111\u1ea1t ch\u1ee9ng nh\u1eadn ISO 9001:2000 do Afnor c\u1ea5p<\/li><li>Th\u00e1ng 01 n\u0103m 2008 \u0111\u1ea1t ch\u1ee9ng nh\u1eadn ISO 9001:2008 do Bureau Veritas c\u1ea5p<\/li><li>Th\u00e1ng 09 n\u0103m 2018  \u0111\u1ea1t ch\u1ee9ng nh\u1eadn ISO 9001:2015 do Bureau Veritas c\u1ea5p <\/li><\/ul>\n\n\n\n<ul class=\"wp-block-gallery aligncenter columns-1 is-cropped wp-block-gallery-1 is-layout-flex wp-block-gallery-is-layout-flex\"><li class=\"blocks-gallery-item\"><figure><a href=\"https:\/\/tedisouth.vn\/wp-content\/uploads\/2021\/10\/ISO2021V-1-719x1024.jpg\"><img loading=\"lazy\" decoding=\"async\" width=\"719\" height=\"1024\" src=\"https:\/\/tedisouth.vn\/wp-content\/uploads\/2021\/10\/ISO2021V-1-719x1024.jpg\" alt=\"\" data-id=\"1249\" data-link=\"https:\/\/tedisouth.vn\/?attachment_id=1249\" class=\"wp-image-1249\" srcset=\"http:\/\/tedisouth.vn\/wp-content\/uploads\/2021\/10\/ISO2021V-1.jpg 719w, http:\/\/tedisouth.vn\/wp-content\/uploads\/2021\/10\/ISO2021V-1-211x300.jpg 211w\" sizes=\"(max-width: 719px) 100vw, 719px\" \/><\/a><\/figure><\/li><li class=\"blocks-gallery-item\"><figure><a href=\"https:\/\/tedisouth.vn\/wp-content\/uploads\/2021\/10\/ISO2021V-2-719x1024.jpg\"><img loading=\"lazy\" decoding=\"async\" width=\"719\" height=\"1024\" src=\"https:\/\/tedisouth.vn\/wp-content\/uploads\/2021\/10\/ISO2021V-2-719x1024.jpg\" alt=\"\" data-id=\"1250\" data-link=\"https:\/\/tedisouth.vn\/?attachment_id=1250\" class=\"wp-image-1250\" srcset=\"http:\/\/tedisouth.vn\/wp-content\/uploads\/2021\/10\/ISO2021V-2.jpg 719w, http:\/\/tedisouth.vn\/wp-content\/uploads\/2021\/10\/ISO2021V-2-211x300.jpg 211w\" sizes=\"(max-width: 719px) 100vw, 719px\" \/><\/a><\/figure><\/li><li class=\"blocks-gallery-item\"><figure><a href=\"https:\/\/tedisouth.vn\/wp-content\/uploads\/2021\/10\/ISO2021V-3-719x1024.jpg\"><img loading=\"lazy\" decoding=\"async\" width=\"719\" height=\"1024\" src=\"https:\/\/tedisouth.vn\/wp-content\/uploads\/2021\/10\/ISO2021V-3-719x1024.jpg\" alt=\"\" data-id=\"1251\" data-link=\"https:\/\/tedisouth.vn\/?attachment_id=1251\" class=\"wp-image-1251\" srcset=\"http:\/\/tedisouth.vn\/wp-content\/uploads\/2021\/10\/ISO2021V-3.jpg 719w, http:\/\/tedisouth.vn\/wp-content\/uploads\/2021\/10\/ISO2021V-3-211x300.jpg 211w\" sizes=\"(max-width: 719px) 100vw, 719px\" \/><\/a><\/figure><\/li><li class=\"blocks-gallery-item\"><figure><a href=\"https:\/\/tedisouth.vn\/wp-content\/uploads\/2021\/10\/ISO2021V-4-719x1024.jpg\"><img loading=\"lazy\" decoding=\"async\" width=\"719\" height=\"1024\" src=\"https:\/\/tedisouth.vn\/wp-content\/uploads\/2021\/10\/ISO2021V-4-719x1024.jpg\" alt=\"\" data-id=\"1252\" data-link=\"https:\/\/tedisouth.vn\/?attachment_id=1252\" class=\"wp-image-1252\" srcset=\"http:\/\/tedisouth.vn\/wp-content\/uploads\/2021\/10\/ISO2021V-4.jpg 719w, http:\/\/tedisouth.vn\/wp-content\/uploads\/2021\/10\/ISO2021V-4-211x300.jpg 211w\" sizes=\"(max-width: 719px) 100vw, 719px\" \/><\/a><\/figure><\/li><li class=\"blocks-gallery-item\"><figure><a href=\"https:\/\/tedisouth.vn\/wp-content\/uploads\/2021\/10\/ISO2021V-5-719x1024.jpg\"><img loading=\"lazy\" decoding=\"async\" width=\"719\" height=\"1024\" src=\"https:\/\/tedisouth.vn\/wp-content\/uploads\/2021\/10\/ISO2021V-5-719x1024.jpg\" alt=\"\" data-id=\"1253\" data-link=\"https:\/\/tedisouth.vn\/?attachment_id=1253\" class=\"wp-image-1253\" srcset=\"http:\/\/tedisouth.vn\/wp-content\/uploads\/2021\/10\/ISO2021V-5.jpg 719w, http:\/\/tedisouth.vn\/wp-content\/uploads\/2021\/10\/ISO2021V-5-211x300.jpg 211w\" sizes=\"(max-width: 719px) 100vw, 719px\" \/><\/a><\/figure><\/li><\/ul>\n","protected":false},"excerpt":{"rendered":"<p>H\u1ec6 TH\u1ed0NG QU\u1ea2N L\u00dd CH\u1ea4T L\u01af\u1ee2NG ISO 9001 Th\u00e1ng 01 n\u0103m 2005 \u0111\u1ea1t ch\u1ee9ng nh\u1eadn ISO 9001:2000 do Afnor c\u1ea5p Th\u00e1ng 01 n\u0103m 2008 \u0111\u1ea1t ch\u1ee9ng nh\u1eadn ISO 9001:2008 do Bureau Veritas c\u1ea5p Th\u00e1ng 09 n\u0103m 2018 \u0111\u1ea1t ch\u1ee9ng nh\u1eadn &hellip; <a href=\"http:\/\/tedisouth.vn\/?page_id=190\">Continued<\/a><\/p>\n","protected":false},"author":1,"featured_media":0,"parent":92,"menu_order":0,"comment_status":"closed","ping_status":"closed","template":"","meta":{"kt_blocks_editor_width":"","footnotes":""},"_links":{"self":[{"href":"http:\/\/tedisouth.vn\/index.php?rest_route=\/wp\/v2\/pages\/190"}],"collection":[{"href":"http:\/\/tedisouth.vn\/index.php?rest_route=\/wp\/v2\/pages"}],"about":[{"href":"http:\/\/tedisouth.vn\/index.php?rest_route=\/wp\/v2\/types\/page"}],"author":[{"embeddable":true,"href":"http:\/\/tedisouth.vn\/index.php?rest_route=\/wp\/v2\/users\/1"}],"replies":[{"embeddable":true,"href":"http:\/\/tedisouth.vn\/index.php?rest_route=%2Fwp%2Fv2%2Fcomments&post=190"}],"version-history":[{"count":7,"href":"http:\/\/tedisouth.vn\/index.php?rest_route=\/wp\/v2\/pages\/190\/revisions"}],"predecessor-version":[{"id":1254,"href":"http:\/\/tedisouth.vn\/index.php?rest_route=\/wp\/v2\/pages\/190\/revisions\/1254"}],"up":[{"embeddable":true,"href":"http:\/\/tedisouth.vn\/index.php?rest_route=\/wp\/v2\/pages\/92"}],"wp:attachment":[{"href":"http:\/\/tedisouth.vn\/index.php?rest_route=%2Fwp%2Fv2%2Fmedia&parent=190"}],"curies":[{"name":"wp","href":"https:\/\/api.w.org\/{rel}","templated":true}]}}