{"id":236,"date":"2019-08-08T15:49:28","date_gmt":"2019-08-08T08:49:28","guid":{"rendered":"http:\/\/tedisouth.vn\/?page_id=236"},"modified":"2021-03-27T09:29:01","modified_gmt":"2021-03-27T02:29:01","slug":"don-vi-thanh-vien","status":"publish","type":"page","link":"http:\/\/tedisouth.vn\/?page_id=236","title":{"rendered":"\u0110\u01a1n v\u1ecb th\u00e0nh vi\u00ean"},"content":{"rendered":"\n<hr class=\"wp-block-separator is-style-wide\"\/>\n\n\n\n<h2 class=\"wp-block-heading\" style=\"text-align:center\"><strong>\u0110\u01a0N V\u1eca TH\u00c0NH VI\u00caN<\/strong><\/h2>\n\n\n\n<hr class=\"wp-block-separator is-style-wide\"\/>\n\n\n\n<p class=\"has-normal-font-size\"><strong>X\u00cd NGHI\u1ec6P T\u01af V\u1ea4N THI\u1ebeT K\u1ebe \u0110\u01af\u1edcNG B\u1ed8<\/strong><\/p>\n\n\n\n<blockquote class=\"wp-block-quote is-layout-flow wp-block-quote-is-layout-flow\"><p>&#8211; Tr\u1ee5 s\u1edf: 530 V\u00f5 V\u0103n Ki\u1ec7t, Q.1, TP. H\u1ed3 Ch\u00ed Minh<\/p><p>&#8211; \u0110i\u1ec7n tho\u1ea1i: (028) 3836 5301<\/p><p>&#8211; Fax: (028) 3836 8873<\/p><\/blockquote>\n\n\n\n<hr class=\"wp-block-separator is-style-wide\"\/>\n\n\n\n<p class=\"has-normal-font-size\"><strong>X\u00cd NGHI\u1ec6P T\u01af V\u1ea4N THI\u1ebeT K\u1ebe C\u1ea6U L\u1edaN &#8211; H\u1ea6M<\/strong><\/p>\n\n\n\n<blockquote class=\"wp-block-quote is-layout-flow wp-block-quote-is-layout-flow\"><p>&#8211; Tr\u1ee5 s\u1edf: 98\/13 Ung V\u0103n Khi\u00eam, P.25, Q. BT, TP. H\u1ed3 Ch\u00ed Minh<\/p><p>&#8211; \u0110i\u1ec7n tho\u1ea1i: (028) 3512 8274<\/p><p>&#8211; Fax: (028) 3512 8976<\/p><\/blockquote>\n\n\n\n<hr class=\"wp-block-separator is-style-wide\"\/>\n\n\n\n<p class=\"has-normal-font-size\"><strong>X\u00cd NGHI\u1ec6P T\u01af V\u1ea4N THI\u1ebeT K\u1ebe \u0110\u01af\u1edcNG CAO T\u1ed0C V\u00c0 S\u00c2N BAY<\/strong><\/p>\n\n\n\n<blockquote class=\"wp-block-quote is-layout-flow wp-block-quote-is-layout-flow\"><p>&#8211; Tr\u1ee5 s\u1edf: 98\/13 Ung V\u0103n Khi\u00eam, P.25, Q. BT, TP. H\u1ed3 Ch\u00ed Minh<\/p><p>&#8211; \u0110i\u1ec7n tho\u1ea1i: (028) 3512 2116<\/p><p>&#8211; Fax: (028) 3512 8971<\/p><\/blockquote>\n\n\n\n<hr class=\"wp-block-separator is-style-wide\"\/>\n\n\n\n<p class=\"has-normal-font-size\"><strong>X\u00cd NGHI\u1ec6P T\u01af V\u1ea4N THI\u1ebeT K\u1ebe C\u00d4NG TR\u00ccNH GIAO TH\u00d4NG S\u1eaeT &#8211; B\u1ed8<\/strong><\/p>\n\n\n\n<blockquote class=\"wp-block-quote is-layout-flow wp-block-quote-is-layout-flow\"><p>&#8211; Tr\u1ee5 s\u1edf: 92 Nam K\u1ef3 Kh\u1edfi Ngh\u0129a, Q.1, TP. H\u1ed3 Ch\u00ed Minh<\/p><p>&#8211; \u0110i\u1ec7n tho\u1ea1i: (028) 3821 5056<\/p><p>&#8211; Fax: (028) 3914 3957<\/p><\/blockquote>\n\n\n\n<hr class=\"wp-block-separator is-style-wide\"\/>\n\n\n\n<p class=\"has-normal-font-size\"><strong>TRUNG T\u00c2M T\u01af V\u1ea4N V\u00c0 \u1ee8NG D\u1ee4NG C\u00d4NG NGH\u1ec6 M\u1edaI<\/strong><\/p>\n\n\n\n<blockquote class=\"wp-block-quote is-layout-flow wp-block-quote-is-layout-flow\"><p>&#8211; Tr\u1ee5 s\u1edf: 98\/13 Ung V\u0103n Khi\u00eam, P.25, Q. BT, TP. H\u1ed3 Ch\u00ed Minh<\/p><p>&#8211; \u0110i\u1ec7n tho\u1ea1i: (028) 3512 8973<\/p><p>&#8211; Fax: (028) 3512 8974<\/p><\/blockquote>\n\n\n\n<hr class=\"wp-block-separator is-style-wide\"\/>\n\n\n\n<p class=\"has-normal-font-size\"><strong>X\u00cd NGHI\u1ec6P KH\u1ea2O S\u00c1T T\u1ed4NG H\u1ee2P<\/strong><\/p>\n\n\n\n<blockquote class=\"wp-block-quote is-layout-flow wp-block-quote-is-layout-flow\"><p>&#8211; Tr\u1ee5 s\u1edf: 98\/13 Ung V\u0103n Khi\u00eam, P.25, Q. BT, TP. H\u1ed3 Ch\u00ed Minh<\/p><p>&#8211; \u0110i\u1ec7n tho\u1ea1i: (028) 3512 1403<\/p><p>&#8211; Fax: (028) 3512 2549<\/p><\/blockquote>\n\n\n\n<hr class=\"wp-block-separator is-style-wide\"\/>\n\n\n\n<p class=\"has-normal-font-size\"><strong>X\u00cd NGHI\u1ec6P T\u01af V\u1ea4N \u0110\u1ecaA CH\u1ea4T C\u00d4NG TR\u00ccNH<\/strong><\/p>\n\n\n\n<blockquote class=\"wp-block-quote is-layout-flow wp-block-quote-is-layout-flow\"><p>&#8211; Tr\u1ee5 s\u1edf: 98\/13 Ung V\u0103n Khi\u00eam, P.25, Q. BT, TP. H\u1ed3 Ch\u00ed Minh<\/p><p>&#8211; \u0110i\u1ec7n tho\u1ea1i: (028) 3512 8272<\/p><p>&#8211; Fax: (028) 3512 1406<\/p><\/blockquote>\n\n\n\n<hr class=\"wp-block-separator is-style-wide\"\/>\n\n\n\n<p class=\"has-normal-font-size\"><strong>CHI NH\u00c1NH PH\u00cdA B\u1eaeC<\/strong><\/p>\n\n\n\n<blockquote class=\"wp-block-quote is-layout-flow wp-block-quote-is-layout-flow\"><p>&#8211; Tr\u1ee5 s\u1edf: 02 LK15, khu \u0111\u1ea5t d\u1ecbch v\u1ee5, \u0111\u1ea5t \u1edf H\u00e0 Tr\u00ec, ph\u01b0\u1eddng H\u00e0 C\u1ea7u, qu\u1eadn H\u00e0 \u0110\u00f4ng, H\u00e0 N\u1ed9i<\/p><p>&#8211; \u0110i\u1ec7n tho\u1ea1i: (024) 6286 3357<\/p><p>&#8211; Fax: (024) 6286 3357<\/p><\/blockquote>\n\n\n\n<p><\/p>\n","protected":false},"excerpt":{"rendered":"<p>\u0110\u01a0N V\u1eca TH\u00c0NH VI\u00caN X\u00cd NGHI\u1ec6P T\u01af V\u1ea4N THI\u1ebeT K\u1ebe \u0110\u01af\u1edcNG B\u1ed8 &#8211; Tr\u1ee5 s\u1edf: 530 V\u00f5 V\u0103n Ki\u1ec7t, Q.1, TP. H\u1ed3 Ch\u00ed Minh &#8211; \u0110i\u1ec7n tho\u1ea1i: (028) 3836 5301 &#8211; Fax: (028) 3836 8873 X\u00cd NGHI\u1ec6P T\u01af V\u1ea4N THI\u1ebeT &hellip; <a href=\"http:\/\/tedisouth.vn\/?page_id=236\">Continued<\/a><\/p>\n","protected":false},"author":1,"featured_media":0,"parent":92,"menu_order":0,"comment_status":"closed","ping_status":"closed","template":"","meta":{"kt_blocks_editor_width":"","footnotes":""},"_links":{"self":[{"href":"http:\/\/tedisouth.vn\/index.php?rest_route=\/wp\/v2\/pages\/236"}],"collection":[{"href":"http:\/\/tedisouth.vn\/index.php?rest_route=\/wp\/v2\/pages"}],"about":[{"href":"http:\/\/tedisouth.vn\/index.php?rest_route=\/wp\/v2\/types\/page"}],"author":[{"embeddable":true,"href":"http:\/\/tedisouth.vn\/index.php?rest_route=\/wp\/v2\/users\/1"}],"replies":[{"embeddable":true,"href":"http:\/\/tedisouth.vn\/index.php?rest_route=%2Fwp%2Fv2%2Fcomments&post=236"}],"version-history":[{"count":2,"href":"http:\/\/tedisouth.vn\/index.php?rest_route=\/wp\/v2\/pages\/236\/revisions"}],"predecessor-version":[{"id":1084,"href":"http:\/\/tedisouth.vn\/index.php?rest_route=\/wp\/v2\/pages\/236\/revisions\/1084"}],"up":[{"embeddable":true,"href":"http:\/\/tedisouth.vn\/index.php?rest_route=\/wp\/v2\/pages\/92"}],"wp:attachment":[{"href":"http:\/\/tedisouth.vn\/index.php?rest_route=%2Fwp%2Fv2%2Fmedia&parent=236"}],"curies":[{"name":"wp","href":"https:\/\/api.w.org\/{rel}","templated":true}]}}