{"id":238,"date":"2019-08-08T16:02:21","date_gmt":"2019-08-08T09:02:21","guid":{"rendered":"http:\/\/tedisouth.vn\/?page_id=238"},"modified":"2021-03-27T09:27:29","modified_gmt":"2021-03-27T02:27:29","slug":"subsidiary","status":"publish","type":"page","link":"http:\/\/tedisouth.vn\/?page_id=238&lang=en","title":{"rendered":"Subsidiary"},"content":{"rendered":"\n<hr class=\"wp-block-separator is-style-wide\"\/>\n\n\n\n<h2 class=\"wp-block-heading\" style=\"text-align:center\"><strong>SUBSIDIARY<\/strong><\/h2>\n\n\n\n<hr class=\"wp-block-separator is-style-wide\"\/>\n\n\n\n<p class=\"has-normal-font-size\"><strong>HIGHWAY CONSULTANTS<\/strong><\/p>\n\n\n\n<blockquote class=\"wp-block-quote is-layout-flow wp-block-quote-is-layout-flow\"><p>&#8211; Office: 530 V\u00f5 V\u0103n Ki\u1ec7t, Q.1, TP. H\u1ed3 Ch\u00ed Minh<\/p><p>&#8211;&nbsp;Tel: (028) 3836 5301<\/p><p>&#8211; Fax: (028) 3836 8873<\/p><\/blockquote>\n\n\n\n<hr class=\"wp-block-separator is-style-wide\"\/>\n\n\n\n<p class=\"has-normal-font-size\"><strong>BRIDGE &#8211; TUNNEL CONSULTANTS<\/strong><\/p>\n\n\n\n<blockquote class=\"wp-block-quote is-layout-flow wp-block-quote-is-layout-flow\"><p>&#8211;&nbsp;Office: 98\/13 Ung V\u0103n Khi\u00eam, P.25, Q. BT, TP. H\u1ed3 Ch\u00ed Minh<\/p><p>&#8211;&nbsp;Tel: (028) 3512 8274<\/p><p>&#8211; Fax: (028) 3512 8976<\/p><\/blockquote>\n\n\n\n<hr class=\"wp-block-separator is-style-wide\"\/>\n\n\n\n<p class=\"has-normal-font-size\"><strong>EXPRESSWAY &#8211; AIRPORT CONSULTANTS<\/strong><\/p>\n\n\n\n<blockquote class=\"wp-block-quote is-layout-flow wp-block-quote-is-layout-flow\"><p>&#8211;&nbsp;Office: 98\/13 Ung V\u0103n Khi\u00eam, P.25, Q. BT, TP. H\u1ed3 Ch\u00ed Minh<\/p><p>&#8211;&nbsp;Tel: (028) 3512 2116<\/p><p>&#8211; Fax: (028) 3512 8971<\/p><\/blockquote>\n\n\n\n<hr class=\"wp-block-separator is-style-wide\"\/>\n\n\n\n<p class=\"has-normal-font-size\"><strong>RAILWAY &#8211; HIGHWAY CONSULTANTS<\/strong><\/p>\n\n\n\n<blockquote class=\"wp-block-quote is-layout-flow wp-block-quote-is-layout-flow\"><p>&#8211;&nbsp;Office: 92 Nam K\u1ef3 Kh\u1edfi Ngh\u0129a, Q.1, TP. H\u1ed3 Ch\u00ed Minh<\/p><p>&#8211;&nbsp;Tel: (028) 3821 5056<\/p><p>&#8211; Fax: (028) 3914 3957<\/p><\/blockquote>\n\n\n\n<hr class=\"wp-block-separator is-style-wide\"\/>\n\n\n\n<p class=\"has-normal-font-size\"><strong>CENTRER OF CONSULTING AND NEW TECHNOLOGY APPLICATION<\/strong><\/p>\n\n\n\n<blockquote class=\"wp-block-quote is-layout-flow wp-block-quote-is-layout-flow\"><p>&#8211;&nbsp;Office:&nbsp;98\/13 Ung V\u0103n Khi\u00eam, P.25, Q. BT, TP. H\u1ed3 Ch\u00ed Minh<\/p><p>&#8211;&nbsp;Tel: (028) 3512 8973<\/p><p>&#8211; Fax: (028) 3512 8974<\/p><\/blockquote>\n\n\n\n<hr class=\"wp-block-separator is-style-wide\"\/>\n\n\n\n<p class=\"has-normal-font-size\"><strong>SURVEYING ENTERPRISE<\/strong><\/p>\n\n\n\n<blockquote class=\"wp-block-quote is-layout-flow wp-block-quote-is-layout-flow\"><p>&#8211;&nbsp;Office: 98\/13 Ung V\u0103n Khi\u00eam, P.25, Q. BT, TP. H\u1ed3 Ch\u00ed Minh<\/p><p>&#8211;&nbsp;Tel: (028) 3512 1403<\/p><p>&#8211; Fax: (028) 3512 2549<\/p><\/blockquote>\n\n\n\n<hr class=\"wp-block-separator is-style-wide\"\/>\n\n\n\n<p class=\"has-normal-font-size\"><strong>GEOTECHNICAL CONSULTANTS<\/strong><\/p>\n\n\n\n<blockquote class=\"wp-block-quote is-layout-flow wp-block-quote-is-layout-flow\"><p>&#8211;&nbsp;Office: 98\/13 Ung V\u0103n Khi\u00eam, P.25, Q. BT, TP. H\u1ed3 Ch\u00ed Minh<\/p><p>&#8211;&nbsp;Tel: (028) 3512 8272<\/p><p>&#8211; Fax: (028) 3512 1406<\/p><\/blockquote>\n\n\n\n<hr class=\"wp-block-separator is-style-wide\"\/>\n\n\n\n<p class=\"has-normal-font-size\"><strong>NORTH BRANCH<\/strong><\/p>\n\n\n\n<blockquote class=\"wp-block-quote is-layout-flow wp-block-quote-is-layout-flow\"><p>&#8211;\u00a0Office: 02 LK15, khu \u0111\u1ea5t d\u1ecbch v\u1ee5, \u0111\u1ea5t \u1edf H\u00e0 Tr\u00ec, ph\u01b0\u1eddng H\u00e0 C\u1ea7u, qu\u1eadn H\u00e0 \u0110\u00f4ng, H\u00e0 N\u1ed9i<\/p><p>&#8211; Tel: (024) 6286 3357<\/p><p>&#8211; Fax: (024) 6286 3357\u00a0<\/p><\/blockquote>\n","protected":false},"excerpt":{"rendered":"<p>SUBSIDIARY HIGHWAY CONSULTANTS &#8211; Office: 530 V\u00f5 V\u0103n Ki\u1ec7t, Q.1, TP. H\u1ed3 Ch\u00ed Minh &#8211;&nbsp;Tel: (028) 3836 5301 &#8211; Fax: (028) 3836 8873 BRIDGE &#8211; TUNNEL CONSULTANTS &#8211;&nbsp;Office: 98\/13 Ung V\u0103n Khi\u00eam, P.25, Q. BT, TP. H\u1ed3 Ch\u00ed Minh &#8211;&nbsp;Tel: &hellip; <a href=\"http:\/\/tedisouth.vn\/?page_id=238&#038;lang=en\">Continued<\/a><\/p>\n","protected":false},"author":1,"featured_media":0,"parent":110,"menu_order":0,"comment_status":"closed","ping_status":"closed","template":"","meta":{"kt_blocks_editor_width":"","footnotes":""},"_links":{"self":[{"href":"http:\/\/tedisouth.vn\/index.php?rest_route=\/wp\/v2\/pages\/238"}],"collection":[{"href":"http:\/\/tedisouth.vn\/index.php?rest_route=\/wp\/v2\/pages"}],"about":[{"href":"http:\/\/tedisouth.vn\/index.php?rest_route=\/wp\/v2\/types\/page"}],"author":[{"embeddable":true,"href":"http:\/\/tedisouth.vn\/index.php?rest_route=\/wp\/v2\/users\/1"}],"replies":[{"embeddable":true,"href":"http:\/\/tedisouth.vn\/index.php?rest_route=%2Fwp%2Fv2%2Fcomments&post=238"}],"version-history":[{"count":3,"href":"http:\/\/tedisouth.vn\/index.php?rest_route=\/wp\/v2\/pages\/238\/revisions"}],"predecessor-version":[{"id":1083,"href":"http:\/\/tedisouth.vn\/index.php?rest_route=\/wp\/v2\/pages\/238\/revisions\/1083"}],"up":[{"embeddable":true,"href":"http:\/\/tedisouth.vn\/index.php?rest_route=\/wp\/v2\/pages\/110"}],"wp:attachment":[{"href":"http:\/\/tedisouth.vn\/index.php?rest_route=%2Fwp%2Fv2%2Fmedia&parent=238"}],"curies":[{"name":"wp","href":"https:\/\/api.w.org\/{rel}","templated":true}]}}