{"id":245,"date":"2019-08-09T09:53:05","date_gmt":"2019-08-09T02:53:05","guid":{"rendered":"http:\/\/tedisouth.vn\/?page_id=245"},"modified":"2019-08-09T10:57:34","modified_gmt":"2019-08-09T03:57:34","slug":"nhan-luc-thiet-bi-va-cong-nghe","status":"publish","type":"page","link":"http:\/\/tedisouth.vn\/?page_id=245","title":{"rendered":"Nh\u00e2n l\u1ef1c, thi\u1ebft b\u1ecb v\u00e0 c\u00f4ng ngh\u1ec7"},"content":{"rendered":"\n<hr class=\"wp-block-separator is-style-wide\"\/>\n\n\n\n<h2 class=\"wp-block-heading\" style=\"text-align:center\"><strong>NH\u00c2N L\u1ef0C, THI\u1ebeT B\u1eca V\u00c0 C\u00d4NG NGH\u1ec6<\/strong><\/h2>\n\n\n\n<hr class=\"wp-block-separator is-style-wide\"\/>\n\n\n\n<p class=\"has-normal-font-size\"><strong>Nh\u00e2n l\u1ef1c<\/strong><\/p>\n\n\n\n<p class=\"has-normal-font-size\">T\u1ed5ng s\u1ed1 c\u00f3 h\u01a1n 400 nh\u00e2n vi\u00ean, trong \u0111\u00f3:<\/p>\n\n\n\n<ul><li>Tr\u00ecnh \u0111\u1ed9 ti\u1ebfn s\u0129,  th\u1ea1c s\u0129, k\u1ef9 s\u01b0 nhi\u1ec1u chuy\u00ean ng\u00e0nh: h\u01a1n 300 ng\u01b0\u1eddi<\/li><li>C\u00f4ng nh\u00e2n k\u1ef9 thu\u1eadt, k\u1ef9 thu\u1eadt vi\u00ean: g\u1ea7n 100 ng\u01b0\u1eddi<\/li><\/ul>\n\n\n\n<hr class=\"wp-block-separator is-style-dots\"\/>\n\n\n\n<p class=\"has-normal-font-size\"><strong>C\u00f4ng ngh\u1ec7 ph\u1ea7n m\u1ec1m thi\u1ebft k\u1ebf<\/strong><\/p>\n\n\n\n<ul class=\"wp-block-gallery aligncenter columns-3 is-cropped wp-block-gallery-1 is-layout-flex wp-block-gallery-is-layout-flex\"><li class=\"blocks-gallery-item\"><figure><img loading=\"lazy\" decoding=\"async\" width=\"200\" height=\"200\" src=\"http:\/\/tedisouth.vn\/wp-content\/uploads\/2019\/08\/autodesk.jpeg\" alt=\"\" data-id=\"257\" data-link=\"http:\/\/tedisouth.vn\/?attachment_id=257\" class=\"wp-image-257\" srcset=\"http:\/\/tedisouth.vn\/wp-content\/uploads\/2019\/08\/autodesk.jpeg 200w, http:\/\/tedisouth.vn\/wp-content\/uploads\/2019\/08\/autodesk-150x150.jpeg 150w\" sizes=\"(max-width: 200px) 100vw, 200px\" \/><\/figure><\/li><li class=\"blocks-gallery-item\"><figure><img loading=\"lazy\" decoding=\"async\" width=\"200\" height=\"200\" src=\"http:\/\/tedisouth.vn\/wp-content\/uploads\/2019\/08\/Plaxis-3D.png\" alt=\"\" data-id=\"258\" data-link=\"http:\/\/tedisouth.vn\/?attachment_id=258\" class=\"wp-image-258\" srcset=\"http:\/\/tedisouth.vn\/wp-content\/uploads\/2019\/08\/Plaxis-3D.png 200w, http:\/\/tedisouth.vn\/wp-content\/uploads\/2019\/08\/Plaxis-3D-150x150.png 150w\" sizes=\"(max-width: 200px) 100vw, 200px\" \/><\/figure><\/li><li class=\"blocks-gallery-item\"><figure><img loading=\"lazy\" decoding=\"async\" width=\"200\" height=\"200\" src=\"http:\/\/tedisouth.vn\/wp-content\/uploads\/2019\/08\/RM-Bridge.jpg\" alt=\"\" data-id=\"259\" data-link=\"http:\/\/tedisouth.vn\/?attachment_id=259\" class=\"wp-image-259\" srcset=\"http:\/\/tedisouth.vn\/wp-content\/uploads\/2019\/08\/RM-Bridge.jpg 200w, http:\/\/tedisouth.vn\/wp-content\/uploads\/2019\/08\/RM-Bridge-150x150.jpg 150w\" sizes=\"(max-width: 200px) 100vw, 200px\" \/><\/figure><\/li><\/ul>\n\n\n\n<hr class=\"wp-block-separator is-style-dots\"\/>\n\n\n\n<p class=\"has-normal-font-size\"><strong>Thi\u1ebft b\u1ecb kh\u1ea3o s\u00e1t \u0111\u1ecba h\u00ecnh<\/strong><\/p>\n\n\n\n<div class=\"wp-block-columns has-2-columns is-layout-flex wp-container-core-columns-is-layout-1 wp-block-columns-is-layout-flex\">\n<div class=\"wp-block-column is-layout-flow wp-block-column-is-layout-flow\">\n<div class=\"wp-block-media-text alignwide\" style=\"grid-template-columns:59% auto\"><figure class=\"wp-block-media-text__media\"><img loading=\"lazy\" decoding=\"async\" width=\"1024\" height=\"680\" src=\"http:\/\/tedisouth.vn\/wp-content\/uploads\/2019\/08\/Faro-3D-1024x680.jpg\" alt=\"\" class=\"wp-image-250\" srcset=\"http:\/\/tedisouth.vn\/wp-content\/uploads\/2019\/08\/Faro-3D.jpg 1024w, http:\/\/tedisouth.vn\/wp-content\/uploads\/2019\/08\/Faro-3D-300x199.jpg 300w, http:\/\/tedisouth.vn\/wp-content\/uploads\/2019\/08\/Faro-3D-768x510.jpg 768w\" sizes=\"(max-width: 1024px) 100vw, 1024px\" \/><\/figure><div class=\"wp-block-media-text__content\">\n<p style=\"text-align:center\" class=\"has-normal-font-size\">M\u00e1y qu\u00e9t 3D Faro Focus<\/p>\n<\/div><\/div>\n<\/div>\n\n\n\n<div class=\"wp-block-column is-layout-flow wp-block-column-is-layout-flow\">\n<div class=\"wp-block-media-text alignwide\" style=\"grid-template-columns:63% auto\"><figure class=\"wp-block-media-text__media\"><img loading=\"lazy\" decoding=\"async\" width=\"1024\" height=\"620\" src=\"http:\/\/tedisouth.vn\/wp-content\/uploads\/2019\/08\/flycam-phanton-1024x620.jpg\" alt=\"\" class=\"wp-image-251\" srcset=\"http:\/\/tedisouth.vn\/wp-content\/uploads\/2019\/08\/flycam-phanton-1024x620.jpg 1024w, http:\/\/tedisouth.vn\/wp-content\/uploads\/2019\/08\/flycam-phanton-300x181.jpg 300w, http:\/\/tedisouth.vn\/wp-content\/uploads\/2019\/08\/flycam-phanton-768x465.jpg 768w, http:\/\/tedisouth.vn\/wp-content\/uploads\/2019\/08\/flycam-phanton.jpg 1124w\" sizes=\"(max-width: 1024px) 100vw, 1024px\" \/><\/figure><div class=\"wp-block-media-text__content\">\n<p class=\"has-normal-font-size\">Flycam Phantom<\/p>\n<\/div><\/div>\n<\/div>\n<\/div>\n\n\n\n<div class=\"wp-block-image\"><figure class=\"aligncenter\"><img loading=\"lazy\" decoding=\"async\" width=\"600\" height=\"799\" src=\"http:\/\/tedisouth.vn\/wp-content\/uploads\/2019\/08\/khao-sat-dia-hinh.jpg\" alt=\"\" class=\"wp-image-252\" srcset=\"http:\/\/tedisouth.vn\/wp-content\/uploads\/2019\/08\/khao-sat-dia-hinh.jpg 600w, http:\/\/tedisouth.vn\/wp-content\/uploads\/2019\/08\/khao-sat-dia-hinh-225x300.jpg 225w\" sizes=\"(max-width: 600px) 100vw, 600px\" \/><\/figure><\/div>\n\n\n\n<hr class=\"wp-block-separator is-style-dots\"\/>\n\n\n\n<p class=\"has-normal-font-size\"><strong>Thi\u1ebft b\u1ecb kh\u1ea3o s\u00e1t \u0111\u1ecba k\u1ef9 thu\u1eadt<\/strong><\/p>\n\n\n\n<div class=\"wp-block-image\"><figure class=\"aligncenter\"><img loading=\"lazy\" decoding=\"async\" width=\"600\" height=\"767\" src=\"http:\/\/tedisouth.vn\/wp-content\/uploads\/2019\/08\/khao-sat-dia-chat.jpg\" alt=\"\" class=\"wp-image-254\" srcset=\"http:\/\/tedisouth.vn\/wp-content\/uploads\/2019\/08\/khao-sat-dia-chat.jpg 600w, http:\/\/tedisouth.vn\/wp-content\/uploads\/2019\/08\/khao-sat-dia-chat-235x300.jpg 235w\" sizes=\"(max-width: 600px) 100vw, 600px\" \/><\/figure><\/div>\n\n\n\n<hr class=\"wp-block-separator is-style-dots\"\/>\n\n\n\n<p class=\"has-normal-font-size\"><strong>Thi\u1ebft b\u1ecb th\u00ed nghi\u1ec7m \u0111\u1ecba ch\u1ea5t<\/strong><\/p>\n\n\n\n<div class=\"wp-block-image\"><figure class=\"aligncenter\"><img loading=\"lazy\" decoding=\"async\" width=\"600\" height=\"706\" src=\"http:\/\/tedisouth.vn\/wp-content\/uploads\/2019\/08\/thi-nghiem-dia-chat.jpg\" alt=\"\" class=\"wp-image-255\" srcset=\"http:\/\/tedisouth.vn\/wp-content\/uploads\/2019\/08\/thi-nghiem-dia-chat.jpg 600w, http:\/\/tedisouth.vn\/wp-content\/uploads\/2019\/08\/thi-nghiem-dia-chat-255x300.jpg 255w\" sizes=\"(max-width: 600px) 100vw, 600px\" \/><\/figure><\/div>\n","protected":false},"excerpt":{"rendered":"<p>NH\u00c2N L\u1ef0C, THI\u1ebeT B\u1eca V\u00c0 C\u00d4NG NGH\u1ec6 Nh\u00e2n l\u1ef1c T\u1ed5ng s\u1ed1 c\u00f3 h\u01a1n 400 nh\u00e2n vi\u00ean, trong \u0111\u00f3: Tr\u00ecnh \u0111\u1ed9 ti\u1ebfn s\u0129, th\u1ea1c s\u0129, k\u1ef9 s\u01b0 nhi\u1ec1u chuy\u00ean ng\u00e0nh: h\u01a1n 300 ng\u01b0\u1eddi C\u00f4ng nh\u00e2n k\u1ef9 thu\u1eadt, k\u1ef9 thu\u1eadt vi\u00ean: g\u1ea7n &hellip; <a href=\"http:\/\/tedisouth.vn\/?page_id=245\">Continued<\/a><\/p>\n","protected":false},"author":1,"featured_media":0,"parent":92,"menu_order":0,"comment_status":"closed","ping_status":"closed","template":"","meta":{"kt_blocks_editor_width":"","footnotes":""},"_links":{"self":[{"href":"http:\/\/tedisouth.vn\/index.php?rest_route=\/wp\/v2\/pages\/245"}],"collection":[{"href":"http:\/\/tedisouth.vn\/index.php?rest_route=\/wp\/v2\/pages"}],"about":[{"href":"http:\/\/tedisouth.vn\/index.php?rest_route=\/wp\/v2\/types\/page"}],"author":[{"embeddable":true,"href":"http:\/\/tedisouth.vn\/index.php?rest_route=\/wp\/v2\/users\/1"}],"replies":[{"embeddable":true,"href":"http:\/\/tedisouth.vn\/index.php?rest_route=%2Fwp%2Fv2%2Fcomments&post=245"}],"version-history":[{"count":10,"href":"http:\/\/tedisouth.vn\/index.php?rest_route=\/wp\/v2\/pages\/245\/revisions"}],"predecessor-version":[{"id":281,"href":"http:\/\/tedisouth.vn\/index.php?rest_route=\/wp\/v2\/pages\/245\/revisions\/281"}],"up":[{"embeddable":true,"href":"http:\/\/tedisouth.vn\/index.php?rest_route=\/wp\/v2\/pages\/92"}],"wp:attachment":[{"href":"http:\/\/tedisouth.vn\/index.php?rest_route=%2Fwp%2Fv2%2Fmedia&parent=245"}],"curies":[{"name":"wp","href":"https:\/\/api.w.org\/{rel}","templated":true}]}}