{"id":322,"date":"2019-08-09T16:09:32","date_gmt":"2019-08-09T09:09:32","guid":{"rendered":"http:\/\/tedisouth.vn\/?page_id=322"},"modified":"2019-08-10T11:59:27","modified_gmt":"2019-08-10T04:59:27","slug":"lap-quy-hoach","status":"publish","type":"page","link":"http:\/\/tedisouth.vn\/?page_id=322","title":{"rendered":"L\u1eacP QUY HO\u1ea0CH"},"content":{"rendered":"\n<hr class=\"wp-block-separator is-style-wide\"\/>\n\n\n\n<h2 class=\"wp-block-heading\" style=\"text-align:center\"><strong>L\u0128NH V\u1ef0C KINH DOANH<\/strong><\/h2>\n\n\n\n<hr class=\"wp-block-separator is-style-wide\"\/>\n\n\n\n<p style=\"text-align:left\" class=\"has-text-color has-medium-font-size has-virtue-primary-light-color\"><strong>L\u1eacP QUY HO\u1ea0CH<\/strong><\/p>\n\n\n\n<p>L\u1eadp quy ho\u1ea1ch t\u1ed5ng th\u1ec3 v\u00e0 chi ti\u1ebft h\u1ec7 th\u1ed1ng giao th\u00f4ng \u0111\u01b0\u1eddng s\u1eaft, \u0111\u01b0\u1eddng b\u1ed9, \u0111\u01b0\u1eddng \u0111\u00f4 th\u1ecb v\u00e0 c\u00e1c c\u00f4ng tr\u00ecnh h\u1ea1 t\u1ea7ng k\u1ef9 thu\u1eadt \u0111\u00f4 th\u1ecb. <\/p>\n\n\n\n<p><strong>M\u1ed9t s\u1ed1 c\u00f4ng tr\u00ecnh ti\u00eau bi\u1ec3u \u0111\u00e3 th\u1ef1c hi\u1ec7n<\/strong><\/p>\n\n\n<style>.kb-gallery-id-_545680-fb .kadence-blocks-gallery-item .kb-gal-image-radius, .kb-gallery-id-_545680-fb .kb-slide-item .kb-gal-image-radius img{border-radius:0px 0px 0px 0px;;}.kb-gallery-id-_545680-fb .kadence-blocks-gallery-item .kadence-blocks-gallery-item-inner .kadence-blocks-gallery-item__caption{font-size:16px;color:#444;}.kb-gallery-caption-style-cover-hover.kb-gallery-id-_545680-fb .kadence-blocks-gallery-item .kadence-blocks-gallery-item-inner .kadence-blocks-gallery-item__caption, .kb-gallery-caption-style-below.kb-gallery-id-_545680-fb .kadence-blocks-gallery-item .kadence-blocks-gallery-item-inner .kadence-blocks-gallery-item__caption{background:rgba(255, 255, 255, 0.5);}.kb-gallery-wrap-id-_545680-fb.wp-block-kadence-advancedgallery{overflow:visible;}.kb-gallery-wrap-id-_545680-fb.wp-block-kadence-advancedgallery .kt-blocks-carousel{overflow:visible;}<\/style>\n<div class=\"wp-block-kadence-advancedgallery\"><div class=\"kb-gallery-ul kb-gallery-type-slider kb-gallery-id-_545680-fb kb-gallery-caption-style-below kb-gallery-filter-none\" data-image-filter=\"none\" data-lightbox-caption=\"true\"><div class=\"kt-blocks-carousel kt-carousel-container-dotstyle-dark\"><div class=\"kt-blocks-carousel-init kb-blocks-slider kt-carousel-arrowstyle-whiteondark kt-carousel-dotstyle-dark\" data-slider-anim-speed=\"400\" data-slider-type=\"slider\" data-slider-scroll=\"1\" data-slider-arrows=\"true\" data-slider-dots=\"true\" data-slider-hover-pause=\"false\" data-slider-auto=\"false\" data-slider-speed=\"7000\"><div class=\"kb-slide-item kb-gallery-slide-item\"><li class=\"kadence-blocks-gallery-item\"><div class=\"kadence-blocks-gallery-item-inner\"><figure class=\"kb-gallery-figure kadence-blocks-gallery-item-has-caption kb-has-image-ratio-inherit\"><div class=\"kb-gal-image-radius\" style=\"max-width:776px\"><div class=\"kb-gallery-image-contain kadence-blocks-gallery-intrinsic kb-gallery-image-ratio-inherit\"><img loading=\"lazy\" decoding=\"async\" src=\"http:\/\/tedisouth.vn\/wp-content\/uploads\/2019\/08\/quy-hoach-1-776x1024.jpg\" width=\"776\" height=\"1024\" alt=\"\" data-full-image=\"http:\/\/tedisouth.vn\/wp-content\/uploads\/2019\/08\/quy-hoach-1.jpg\" data-light-image=\"http:\/\/tedisouth.vn\/wp-content\/uploads\/2019\/08\/quy-hoach-1.jpg\" data-id=\"326\" data-link=\"http:\/\/tedisouth.vn\/?attachment_id=326\" class=\"wp-image-326\" srcset=\"http:\/\/tedisouth.vn\/wp-content\/uploads\/2019\/08\/quy-hoach-1-776x1024.jpg 776w, http:\/\/tedisouth.vn\/wp-content\/uploads\/2019\/08\/quy-hoach-1-227x300.jpg 227w, http:\/\/tedisouth.vn\/wp-content\/uploads\/2019\/08\/quy-hoach-1-768x1014.jpg 768w, http:\/\/tedisouth.vn\/wp-content\/uploads\/2019\/08\/quy-hoach-1.jpg 1024w\" sizes=\"(max-width: 776px) 100vw, 776px\" \/><\/div><\/div><figcaption class=\"kadence-blocks-gallery-item__caption\">Quy ho\u1ea1ch m\u1ea1ng l\u01b0\u1edbi \u0111\u01b0\u1eddng s\u1eaft \u0111\u1ed9 th\u1ecb TP. H\u1ed3 Ch\u00ed Minh <\/figcaption><\/figure><\/div><\/li><\/div><div class=\"kb-slide-item kb-gallery-slide-item\"><li class=\"kadence-blocks-gallery-item\"><div class=\"kadence-blocks-gallery-item-inner\"><figure class=\"kb-gallery-figure kadence-blocks-gallery-item-has-caption kb-has-image-ratio-inherit\"><div class=\"kb-gal-image-radius\" style=\"max-width:725px\"><div class=\"kb-gallery-image-contain kadence-blocks-gallery-intrinsic kb-gallery-image-ratio-inherit\"><img loading=\"lazy\" decoding=\"async\" src=\"http:\/\/tedisouth.vn\/wp-content\/uploads\/2019\/08\/quy-hoach-2-725x1024.jpg\" width=\"725\" height=\"1024\" alt=\"\" data-full-image=\"http:\/\/tedisouth.vn\/wp-content\/uploads\/2019\/08\/quy-hoach-2.jpg\" data-light-image=\"http:\/\/tedisouth.vn\/wp-content\/uploads\/2019\/08\/quy-hoach-2.jpg\" data-id=\"327\" data-link=\"http:\/\/tedisouth.vn\/?attachment_id=327\" class=\"wp-image-327\" srcset=\"http:\/\/tedisouth.vn\/wp-content\/uploads\/2019\/08\/quy-hoach-2-725x1024.jpg 725w, http:\/\/tedisouth.vn\/wp-content\/uploads\/2019\/08\/quy-hoach-2-212x300.jpg 212w, http:\/\/tedisouth.vn\/wp-content\/uploads\/2019\/08\/quy-hoach-2-768x1085.jpg 768w, http:\/\/tedisouth.vn\/wp-content\/uploads\/2019\/08\/quy-hoach-2.jpg 1024w\" sizes=\"(max-width: 725px) 100vw, 725px\" \/><\/div><\/div><figcaption class=\"kadence-blocks-gallery-item__caption\">Quy ho\u1ea1ch chi ti\u1ebft \u0111\u01b0\u1eddng s\u1eaft khu \u0111\u1ea7u m\u1ed1i TP. H\u1ed3 Ch\u00ed Minh<\/figcaption><\/figure><\/div><\/li><\/div><div class=\"kb-slide-item kb-gallery-slide-item\"><li class=\"kadence-blocks-gallery-item\"><div class=\"kadence-blocks-gallery-item-inner\"><figure class=\"kb-gallery-figure kadence-blocks-gallery-item-has-caption kb-has-image-ratio-inherit\"><div class=\"kb-gal-image-radius\" style=\"max-width:1024px\"><div class=\"kb-gallery-image-contain kadence-blocks-gallery-intrinsic kb-gallery-image-ratio-inherit\"><img loading=\"lazy\" decoding=\"async\" src=\"http:\/\/tedisouth.vn\/wp-content\/uploads\/2019\/08\/quy-hoach-3-1024x252.jpg\" width=\"1024\" height=\"252\" alt=\"\" data-full-image=\"http:\/\/tedisouth.vn\/wp-content\/uploads\/2019\/08\/quy-hoach-3.jpg\" data-light-image=\"http:\/\/tedisouth.vn\/wp-content\/uploads\/2019\/08\/quy-hoach-3.jpg\" data-id=\"328\" data-link=\"http:\/\/tedisouth.vn\/?attachment_id=328\" class=\"wp-image-328\" srcset=\"http:\/\/tedisouth.vn\/wp-content\/uploads\/2019\/08\/quy-hoach-3.jpg 1024w, http:\/\/tedisouth.vn\/wp-content\/uploads\/2019\/08\/quy-hoach-3-300x74.jpg 300w, http:\/\/tedisouth.vn\/wp-content\/uploads\/2019\/08\/quy-hoach-3-768x189.jpg 768w\" sizes=\"(max-width: 1024px) 100vw, 1024px\" \/><\/div><\/div><figcaption class=\"kadence-blocks-gallery-item__caption\">Tuy\u1ebfn \u0111\u01b0\u1eddng s\u1eaft TP. H\u1ed3 Ch\u00ed Minh &#8211; C\u1ea7n Th\u01a1<\/figcaption><\/figure><\/div><\/li><\/div><div class=\"kb-slide-item kb-gallery-slide-item\"><li class=\"kadence-blocks-gallery-item\"><div class=\"kadence-blocks-gallery-item-inner\"><figure class=\"kb-gallery-figure kadence-blocks-gallery-item-has-caption kb-has-image-ratio-inherit\"><div class=\"kb-gal-image-radius\" style=\"max-width:1024px\"><div class=\"kb-gallery-image-contain kadence-blocks-gallery-intrinsic kb-gallery-image-ratio-inherit\"><img loading=\"lazy\" decoding=\"async\" src=\"http:\/\/tedisouth.vn\/wp-content\/uploads\/2019\/08\/quy-hoach-4-1024x724.jpg\" width=\"1024\" height=\"724\" alt=\"\" data-full-image=\"http:\/\/tedisouth.vn\/wp-content\/uploads\/2019\/08\/quy-hoach-4.jpg\" data-light-image=\"http:\/\/tedisouth.vn\/wp-content\/uploads\/2019\/08\/quy-hoach-4.jpg\" data-id=\"329\" data-link=\"http:\/\/tedisouth.vn\/?attachment_id=329\" class=\"wp-image-329\" srcset=\"http:\/\/tedisouth.vn\/wp-content\/uploads\/2019\/08\/quy-hoach-4.jpg 1024w, http:\/\/tedisouth.vn\/wp-content\/uploads\/2019\/08\/quy-hoach-4-300x212.jpg 300w, http:\/\/tedisouth.vn\/wp-content\/uploads\/2019\/08\/quy-hoach-4-768x543.jpg 768w\" sizes=\"(max-width: 1024px) 100vw, 1024px\" \/><\/div><\/div><figcaption class=\"kadence-blocks-gallery-item__caption\">\u0110\u01b0\u1eddng s\u1eaft \u0111\u00f4 th\u1ecb s\u1ed1 3A (B\u1ebfn Th\u00e0nh &#8211; Ga T\u00e2n Ki\u00ean), \u0111o\u1ea1n B\u1ebfn xe mi\u1ec1n T\u00e2y &#8211; Ga T\u00e2n Ki\u00ean<\/figcaption><\/figure><\/div><\/li><\/div><div class=\"kb-slide-item kb-gallery-slide-item\"><li class=\"kadence-blocks-gallery-item\"><div class=\"kadence-blocks-gallery-item-inner\"><figure class=\"kb-gallery-figure kadence-blocks-gallery-item-has-caption kb-has-image-ratio-inherit\"><div class=\"kb-gal-image-radius\" style=\"max-width:1024px\"><div class=\"kb-gallery-image-contain kadence-blocks-gallery-intrinsic kb-gallery-image-ratio-inherit\"><img loading=\"lazy\" decoding=\"async\" src=\"http:\/\/tedisouth.vn\/wp-content\/uploads\/2019\/08\/quy-hoach-5-1024x196.jpg\" width=\"1024\" height=\"196\" alt=\"\" data-full-image=\"http:\/\/tedisouth.vn\/wp-content\/uploads\/2019\/08\/quy-hoach-5.jpg\" data-light-image=\"http:\/\/tedisouth.vn\/wp-content\/uploads\/2019\/08\/quy-hoach-5.jpg\" data-id=\"330\" data-link=\"http:\/\/tedisouth.vn\/?attachment_id=330\" class=\"wp-image-330\" srcset=\"http:\/\/tedisouth.vn\/wp-content\/uploads\/2019\/08\/quy-hoach-5.jpg 1024w, http:\/\/tedisouth.vn\/wp-content\/uploads\/2019\/08\/quy-hoach-5-300x57.jpg 300w, http:\/\/tedisouth.vn\/wp-content\/uploads\/2019\/08\/quy-hoach-5-768x147.jpg 768w\" sizes=\"(max-width: 1024px) 100vw, 1024px\" \/><\/div><\/div><figcaption class=\"kadence-blocks-gallery-item__caption\">Tuy\u1ebfn \u0111\u01b0\u1eddng s\u1eaft \u0111\u00f4 th\u1ecb n\u1ed1i trung t\u00e2m TP. H\u00e0 N\u1ed9i v\u1edbi th\u1ecb x\u00e3 S\u01a1n T\u00e2y<\/figcaption><\/figure><\/div><\/li><\/div><div class=\"kb-slide-item kb-gallery-slide-item\"><li class=\"kadence-blocks-gallery-item\"><div class=\"kadence-blocks-gallery-item-inner\"><figure class=\"kb-gallery-figure kadence-blocks-gallery-item-has-caption kb-has-image-ratio-inherit\"><div class=\"kb-gal-image-radius\" style=\"max-width:1024px\"><div class=\"kb-gallery-image-contain kadence-blocks-gallery-intrinsic kb-gallery-image-ratio-inherit\"><img loading=\"lazy\" decoding=\"async\" src=\"http:\/\/tedisouth.vn\/wp-content\/uploads\/2019\/08\/quy-hoach-7-1024x724.jpg\" width=\"1024\" height=\"724\" alt=\"\" data-full-image=\"http:\/\/tedisouth.vn\/wp-content\/uploads\/2019\/08\/quy-hoach-7.jpg\" data-light-image=\"http:\/\/tedisouth.vn\/wp-content\/uploads\/2019\/08\/quy-hoach-7.jpg\" data-id=\"332\" data-link=\"http:\/\/tedisouth.vn\/?attachment_id=332\" class=\"wp-image-332\" srcset=\"http:\/\/tedisouth.vn\/wp-content\/uploads\/2019\/08\/quy-hoach-7.jpg 1024w, http:\/\/tedisouth.vn\/wp-content\/uploads\/2019\/08\/quy-hoach-7-300x212.jpg 300w, http:\/\/tedisouth.vn\/wp-content\/uploads\/2019\/08\/quy-hoach-7-768x543.jpg 768w\" sizes=\"(max-width: 1024px) 100vw, 1024px\" \/><\/div><\/div><figcaption class=\"kadence-blocks-gallery-item__caption\">Tuy\u1ebfn \u0111\u01b0\u1eddng s\u1eaft \u0111\u00f4 th\u1ecb s\u1ed1 3B (Ng\u00e3 s\u00e1u C\u1ed9ng H\u00f2a &#8211; Hi\u1ec7p B\u00ecnh Ph\u01b0\u1edbc)<\/figcaption><\/figure><\/div><\/li><\/div><div class=\"kb-slide-item kb-gallery-slide-item\"><li class=\"kadence-blocks-gallery-item\"><div class=\"kadence-blocks-gallery-item-inner\"><figure class=\"kb-gallery-figure kadence-blocks-gallery-item-has-caption kb-has-image-ratio-inherit\"><div class=\"kb-gal-image-radius\" style=\"max-width:1024px\"><div class=\"kb-gallery-image-contain kadence-blocks-gallery-intrinsic kb-gallery-image-ratio-inherit\"><img loading=\"lazy\" decoding=\"async\" src=\"http:\/\/tedisouth.vn\/wp-content\/uploads\/2019\/08\/quy-hoach-8-1024x724.jpg\" width=\"1024\" height=\"724\" alt=\"\" data-full-image=\"http:\/\/tedisouth.vn\/wp-content\/uploads\/2019\/08\/quy-hoach-8.jpg\" data-light-image=\"http:\/\/tedisouth.vn\/wp-content\/uploads\/2019\/08\/quy-hoach-8.jpg\" data-id=\"333\" data-link=\"http:\/\/tedisouth.vn\/?attachment_id=333\" class=\"wp-image-333\" srcset=\"http:\/\/tedisouth.vn\/wp-content\/uploads\/2019\/08\/quy-hoach-8.jpg 1024w, http:\/\/tedisouth.vn\/wp-content\/uploads\/2019\/08\/quy-hoach-8-300x212.jpg 300w, http:\/\/tedisouth.vn\/wp-content\/uploads\/2019\/08\/quy-hoach-8-768x543.jpg 768w\" sizes=\"(max-width: 1024px) 100vw, 1024px\" \/><\/div><\/div><figcaption class=\"kadence-blocks-gallery-item__caption\">Tuy\u1ebfn \u0111\u01b0\u1eddng s\u1eaft \u0111\u00f4 th\u1ecb s\u1ed1 2 (B\u1ebfn Th\u00e0nh &#8211; Tham L\u01b0\u01a1ng)<\/figcaption><\/figure><\/div><\/li><\/div><\/div><\/div><\/div><\/div>\n","protected":false},"excerpt":{"rendered":"<p>L\u0128NH V\u1ef0C KINH DOANH L\u1eacP QUY HO\u1ea0CH L\u1eadp quy ho\u1ea1ch t\u1ed5ng th\u1ec3 v\u00e0 chi ti\u1ebft h\u1ec7 th\u1ed1ng giao th\u00f4ng \u0111\u01b0\u1eddng s\u1eaft, \u0111\u01b0\u1eddng b\u1ed9, \u0111\u01b0\u1eddng \u0111\u00f4 th\u1ecb v\u00e0 c\u00e1c c\u00f4ng tr\u00ecnh h\u1ea1 t\u1ea7ng k\u1ef9 thu\u1eadt \u0111\u00f4 th\u1ecb. M\u1ed9t s\u1ed1 c\u00f4ng tr\u00ecnh &hellip; <a href=\"http:\/\/tedisouth.vn\/?page_id=322\">Continued<\/a><\/p>\n","protected":false},"author":1,"featured_media":0,"parent":298,"menu_order":0,"comment_status":"closed","ping_status":"closed","template":"","meta":{"kt_blocks_editor_width":"","footnotes":""},"_links":{"self":[{"href":"http:\/\/tedisouth.vn\/index.php?rest_route=\/wp\/v2\/pages\/322"}],"collection":[{"href":"http:\/\/tedisouth.vn\/index.php?rest_route=\/wp\/v2\/pages"}],"about":[{"href":"http:\/\/tedisouth.vn\/index.php?rest_route=\/wp\/v2\/types\/page"}],"author":[{"embeddable":true,"href":"http:\/\/tedisouth.vn\/index.php?rest_route=\/wp\/v2\/users\/1"}],"replies":[{"embeddable":true,"href":"http:\/\/tedisouth.vn\/index.php?rest_route=%2Fwp%2Fv2%2Fcomments&post=322"}],"version-history":[{"count":5,"href":"http:\/\/tedisouth.vn\/index.php?rest_route=\/wp\/v2\/pages\/322\/revisions"}],"predecessor-version":[{"id":354,"href":"http:\/\/tedisouth.vn\/index.php?rest_route=\/wp\/v2\/pages\/322\/revisions\/354"}],"up":[{"embeddable":true,"href":"http:\/\/tedisouth.vn\/index.php?rest_route=\/wp\/v2\/pages\/298"}],"wp:attachment":[{"href":"http:\/\/tedisouth.vn\/index.php?rest_route=%2Fwp%2Fv2%2Fmedia&parent=322"}],"curies":[{"name":"wp","href":"https:\/\/api.w.org\/{rel}","templated":true}]}}