{"id":337,"date":"2019-08-10T10:25:32","date_gmt":"2019-08-10T03:25:32","guid":{"rendered":"http:\/\/tedisouth.vn\/?page_id=337"},"modified":"2019-08-10T11:58:59","modified_gmt":"2019-08-10T04:58:59","slug":"lap-bao-cao-dau-tu","status":"publish","type":"page","link":"http:\/\/tedisouth.vn\/?page_id=337","title":{"rendered":"L\u1eacP B\u00c1O C\u00c1O \u0110\u1ea6U T\u01af"},"content":{"rendered":"\n<hr class=\"wp-block-separator is-style-wide\"\/>\n\n\n\n<h2 class=\"wp-block-heading\" style=\"text-align:center\"><strong>L\u0128NH V\u1ef0C KINH DOANH<\/strong><\/h2>\n\n\n\n<hr class=\"wp-block-separator is-style-wide\"\/>\n\n\n\n<p class=\"has-text-color has-medium-font-size has-virtue-primary-light-color\"><strong>L\u1eacP B\u00c1O C\u00c1O \u0110\u1ea6U T\u01af<\/strong><\/p>\n\n\n\n<p>L\u1eadp b\u00e1o c\u00e1o \u0111\u1ea7u t\u01b0 v\u00e0 d\u1ef1 \u00e1n \u0111\u1ea7u t\u01b0 x\u00e2y d\u1ef1ng c\u00e1c c\u00f4ng tr\u00ecnh giao th\u00f4ng \u0111\u01b0\u1eddng s\u1eaft, \u0111\u01b0\u1eddng b\u1ed9, \u0111\u01b0\u1eddng \u0111\u00f4 th\u1ecb, c\u00f4ng tr\u00ecnh h\u1ea1 t\u1ea7ng k\u1ef9 thu\u1eadt \u0111\u00f4 th\u1ecb v\u00e0 m\u1ea1ng l\u01b0\u1edbi giao th\u00f4ng n\u1ed9i b\u1ed9 khu c\u00f4ng nghi\u1ec7p. <\/p>\n\n\n\n<p><strong>M\u1ed9t s\u1ed1 c\u00f4ng tr\u00ecnh ti\u00eau bi\u1ec3u \u0111\u00e3 th\u1ef1c hi\u1ec7n<\/strong><\/p>\n\n\n<style>.kb-gallery-id-_eb0aaf-d7 .kadence-blocks-gallery-item .kb-gal-image-radius, .kb-gallery-id-_eb0aaf-d7 .kb-slide-item .kb-gal-image-radius img{border-radius:0px 0px 0px 0px;;}.kb-gallery-id-_eb0aaf-d7 .kadence-blocks-gallery-item .kadence-blocks-gallery-item-inner .kadence-blocks-gallery-item__caption{font-size:16px;color:#444;}.kb-gallery-caption-style-cover-hover.kb-gallery-id-_eb0aaf-d7 .kadence-blocks-gallery-item .kadence-blocks-gallery-item-inner .kadence-blocks-gallery-item__caption, .kb-gallery-caption-style-below.kb-gallery-id-_eb0aaf-d7 .kadence-blocks-gallery-item .kadence-blocks-gallery-item-inner .kadence-blocks-gallery-item__caption{background:rgba(255, 255, 255, 0.5);}.kb-gallery-wrap-id-_eb0aaf-d7.wp-block-kadence-advancedgallery{overflow:visible;}.kb-gallery-wrap-id-_eb0aaf-d7.wp-block-kadence-advancedgallery .kt-blocks-carousel{overflow:visible;}<\/style>\n<div class=\"wp-block-kadence-advancedgallery\"><div class=\"kb-gallery-ul kb-gallery-type-slider kb-gallery-id-_eb0aaf-d7 kb-gallery-caption-style-below kb-gallery-filter-none\" data-image-filter=\"none\" data-lightbox-caption=\"true\"><div class=\"kt-blocks-carousel kt-carousel-container-dotstyle-dark\"><div class=\"kt-blocks-carousel-init kb-blocks-slider kt-carousel-arrowstyle-whiteondark kt-carousel-dotstyle-dark\" data-slider-anim-speed=\"400\" data-slider-type=\"slider\" data-slider-scroll=\"1\" data-slider-arrows=\"true\" data-slider-dots=\"true\" data-slider-hover-pause=\"false\" data-slider-auto=\"false\" data-slider-speed=\"7000\"><div class=\"kb-slide-item kb-gallery-slide-item\"><li class=\"kadence-blocks-gallery-item\"><div class=\"kadence-blocks-gallery-item-inner\"><figure class=\"kb-gallery-figure kadence-blocks-gallery-item-has-caption kb-has-image-ratio-inherit\"><div class=\"kb-gal-image-radius\" style=\"max-width:1024px\"><div class=\"kb-gallery-image-contain kadence-blocks-gallery-intrinsic kb-gallery-image-ratio-inherit\"><img loading=\"lazy\" decoding=\"async\" src=\"http:\/\/tedisouth.vn\/wp-content\/uploads\/2019\/08\/Tuyen-kenh-Cho-gao-1-1024x680.jpg\" width=\"1024\" height=\"680\" alt=\"\" data-full-image=\"http:\/\/tedisouth.vn\/wp-content\/uploads\/2019\/08\/Tuyen-kenh-Cho-gao-1.jpg\" data-light-image=\"http:\/\/tedisouth.vn\/wp-content\/uploads\/2019\/08\/Tuyen-kenh-Cho-gao-1.jpg\" data-id=\"349\" data-link=\"http:\/\/tedisouth.vn\/?attachment_id=349\" class=\"wp-image-349\" srcset=\"http:\/\/tedisouth.vn\/wp-content\/uploads\/2019\/08\/Tuyen-kenh-Cho-gao-1.jpg 1024w, http:\/\/tedisouth.vn\/wp-content\/uploads\/2019\/08\/Tuyen-kenh-Cho-gao-1-300x199.jpg 300w, http:\/\/tedisouth.vn\/wp-content\/uploads\/2019\/08\/Tuyen-kenh-Cho-gao-1-768x510.jpg 768w\" sizes=\"(max-width: 1024px) 100vw, 1024px\" \/><\/div><\/div><figcaption class=\"kadence-blocks-gallery-item__caption\">Tuy\u1ebfn k\u00eanh Ch\u1ee3 G\u1ea1o<\/figcaption><\/figure><\/div><\/li><\/div><div class=\"kb-slide-item kb-gallery-slide-item\"><li class=\"kadence-blocks-gallery-item\"><div class=\"kadence-blocks-gallery-item-inner\"><figure class=\"kb-gallery-figure kadence-blocks-gallery-item-has-caption kb-has-image-ratio-inherit\"><div class=\"kb-gal-image-radius\"><div class=\"kb-gallery-image-contain kadence-blocks-gallery-intrinsic kb-gallery-image-ratio-inherit\"><img loading=\"lazy\" decoding=\"async\" width=\"400\" height=\"267\" src=\"http:\/\/tedisouth.vn\/wp-content\/uploads\/2019\/08\/QL-1-doan-Khanh-Hoa.jpg\" alt=\"\" data-full-image=\"http:\/\/tedisouth.vn\/wp-content\/uploads\/2019\/08\/QL-1-doan-Khanh-Hoa.jpg\" data-light-image=\"http:\/\/tedisouth.vn\/wp-content\/uploads\/2019\/08\/QL-1-doan-Khanh-Hoa.jpg\" data-id=\"339\" data-link=\"http:\/\/tedisouth.vn\/?attachment_id=339\" class=\"wp-image-339\" srcset=\"http:\/\/tedisouth.vn\/wp-content\/uploads\/2019\/08\/QL-1-doan-Khanh-Hoa.jpg 400w, http:\/\/tedisouth.vn\/wp-content\/uploads\/2019\/08\/QL-1-doan-Khanh-Hoa-300x200.jpg 300w\" sizes=\"(max-width: 400px) 100vw, 400px\" \/><\/div><\/div><figcaption class=\"kadence-blocks-gallery-item__caption\">Qu\u1ed1c l\u1ed9 1 \u0111o\u1ea1n qua Kh\u00e1nh H\u00f2a<\/figcaption><\/figure><\/div><\/li><\/div><div class=\"kb-slide-item kb-gallery-slide-item\"><li class=\"kadence-blocks-gallery-item\"><div class=\"kadence-blocks-gallery-item-inner\"><figure class=\"kb-gallery-figure kadence-blocks-gallery-item-has-caption kb-has-image-ratio-inherit\"><div class=\"kb-gal-image-radius\"><div class=\"kb-gallery-image-contain kadence-blocks-gallery-intrinsic kb-gallery-image-ratio-inherit\"><img loading=\"lazy\" decoding=\"async\" width=\"600\" height=\"290\" src=\"http:\/\/tedisouth.vn\/wp-content\/uploads\/2019\/08\/QL1-doan-Ninh-Thuan.jpg\" alt=\"\" data-full-image=\"http:\/\/tedisouth.vn\/wp-content\/uploads\/2019\/08\/QL1-doan-Ninh-Thuan.jpg\" data-light-image=\"http:\/\/tedisouth.vn\/wp-content\/uploads\/2019\/08\/QL1-doan-Ninh-Thuan.jpg\" data-id=\"340\" data-link=\"http:\/\/tedisouth.vn\/?attachment_id=340\" class=\"wp-image-340\" srcset=\"http:\/\/tedisouth.vn\/wp-content\/uploads\/2019\/08\/QL1-doan-Ninh-Thuan.jpg 600w, http:\/\/tedisouth.vn\/wp-content\/uploads\/2019\/08\/QL1-doan-Ninh-Thuan-300x145.jpg 300w\" sizes=\"(max-width: 600px) 100vw, 600px\" \/><\/div><\/div><figcaption class=\"kadence-blocks-gallery-item__caption\">Qu\u1ed1c l\u1ed9 1 \u0111o\u1ea1n qua Ninh Thu\u1eadn<\/figcaption><\/figure><\/div><\/li><\/div><div class=\"kb-slide-item kb-gallery-slide-item\"><li class=\"kadence-blocks-gallery-item\"><div class=\"kadence-blocks-gallery-item-inner\"><figure class=\"kb-gallery-figure kadence-blocks-gallery-item-has-caption kb-has-image-ratio-inherit\"><div class=\"kb-gal-image-radius\" style=\"max-width:1024px\"><div class=\"kb-gallery-image-contain kadence-blocks-gallery-intrinsic kb-gallery-image-ratio-inherit\"><img loading=\"lazy\" decoding=\"async\" src=\"http:\/\/tedisouth.vn\/wp-content\/uploads\/2019\/08\/QL1-doan-Phu-Yen-1024x682.jpg\" width=\"1024\" height=\"682\" alt=\"\" data-full-image=\"http:\/\/tedisouth.vn\/wp-content\/uploads\/2019\/08\/QL1-doan-Phu-Yen.jpg\" data-light-image=\"http:\/\/tedisouth.vn\/wp-content\/uploads\/2019\/08\/QL1-doan-Phu-Yen.jpg\" data-id=\"341\" data-link=\"http:\/\/tedisouth.vn\/?attachment_id=341\" class=\"wp-image-341\" srcset=\"http:\/\/tedisouth.vn\/wp-content\/uploads\/2019\/08\/QL1-doan-Phu-Yen.jpg 1024w, http:\/\/tedisouth.vn\/wp-content\/uploads\/2019\/08\/QL1-doan-Phu-Yen-300x200.jpg 300w, http:\/\/tedisouth.vn\/wp-content\/uploads\/2019\/08\/QL1-doan-Phu-Yen-768x512.jpg 768w\" sizes=\"(max-width: 1024px) 100vw, 1024px\" \/><\/div><\/div><figcaption class=\"kadence-blocks-gallery-item__caption\">Qu\u1ed1c L\u1ed9 1 \u0111o\u1ea1n qua Ph\u00fa Y\u00ean<\/figcaption><\/figure><\/div><\/li><\/div><div class=\"kb-slide-item kb-gallery-slide-item\"><li class=\"kadence-blocks-gallery-item\"><div class=\"kadence-blocks-gallery-item-inner\"><figure class=\"kb-gallery-figure kadence-blocks-gallery-item-has-caption kb-has-image-ratio-inherit\"><div class=\"kb-gal-image-radius\" style=\"max-width:1024px\"><div class=\"kb-gallery-image-contain kadence-blocks-gallery-intrinsic kb-gallery-image-ratio-inherit\"><img loading=\"lazy\" decoding=\"async\" src=\"http:\/\/tedisouth.vn\/wp-content\/uploads\/2019\/08\/QL18-Bac-Ninh-Uong-Bi-1-1024x680.jpg\" width=\"1024\" height=\"680\" alt=\"\" data-full-image=\"http:\/\/tedisouth.vn\/wp-content\/uploads\/2019\/08\/QL18-Bac-Ninh-Uong-Bi-1.jpg\" data-light-image=\"http:\/\/tedisouth.vn\/wp-content\/uploads\/2019\/08\/QL18-Bac-Ninh-Uong-Bi-1.jpg\" data-id=\"344\" data-link=\"http:\/\/tedisouth.vn\/?attachment_id=344\" class=\"wp-image-344\" srcset=\"http:\/\/tedisouth.vn\/wp-content\/uploads\/2019\/08\/QL18-Bac-Ninh-Uong-Bi-1.jpg 1024w, http:\/\/tedisouth.vn\/wp-content\/uploads\/2019\/08\/QL18-Bac-Ninh-Uong-Bi-1-300x199.jpg 300w, http:\/\/tedisouth.vn\/wp-content\/uploads\/2019\/08\/QL18-Bac-Ninh-Uong-Bi-1-768x510.jpg 768w\" sizes=\"(max-width: 1024px) 100vw, 1024px\" \/><\/div><\/div><figcaption class=\"kadence-blocks-gallery-item__caption\">Qu\u1ed1c L\u1ed9 18 \u0111o\u1ea1n B\u1eafc Ninh &#8211; U\u00f4ng B\u00ed<\/figcaption><\/figure><\/div><\/li><\/div><div class=\"kb-slide-item kb-gallery-slide-item\"><li class=\"kadence-blocks-gallery-item\"><div class=\"kadence-blocks-gallery-item-inner\"><figure class=\"kb-gallery-figure kadence-blocks-gallery-item-has-caption kb-has-image-ratio-inherit\"><div class=\"kb-gal-image-radius\" style=\"max-width:1024px\"><div class=\"kb-gallery-image-contain kadence-blocks-gallery-intrinsic kb-gallery-image-ratio-inherit\"><img loading=\"lazy\" decoding=\"async\" src=\"http:\/\/tedisouth.vn\/wp-content\/uploads\/2019\/08\/QL18-Uong-Bi-Ha-Long-1-1024x680.jpg\" width=\"1024\" height=\"680\" alt=\"\" data-full-image=\"http:\/\/tedisouth.vn\/wp-content\/uploads\/2019\/08\/QL18-Uong-Bi-Ha-Long-1.jpg\" data-light-image=\"http:\/\/tedisouth.vn\/wp-content\/uploads\/2019\/08\/QL18-Uong-Bi-Ha-Long-1.jpg\" data-id=\"345\" data-link=\"http:\/\/tedisouth.vn\/?attachment_id=345\" class=\"wp-image-345\" srcset=\"http:\/\/tedisouth.vn\/wp-content\/uploads\/2019\/08\/QL18-Uong-Bi-Ha-Long-1.jpg 1024w, http:\/\/tedisouth.vn\/wp-content\/uploads\/2019\/08\/QL18-Uong-Bi-Ha-Long-1-300x199.jpg 300w, http:\/\/tedisouth.vn\/wp-content\/uploads\/2019\/08\/QL18-Uong-Bi-Ha-Long-1-768x510.jpg 768w\" sizes=\"(max-width: 1024px) 100vw, 1024px\" \/><\/div><\/div><figcaption class=\"kadence-blocks-gallery-item__caption\">Qu\u1ed1c L\u1ed9 18 \u0111o\u1ea1n U\u00f4ng B\u00ed &#8211; H\u1ea1 Long<\/figcaption><\/figure><\/div><\/li><\/div><div class=\"kb-slide-item kb-gallery-slide-item\"><li class=\"kadence-blocks-gallery-item\"><div class=\"kadence-blocks-gallery-item-inner\"><figure class=\"kb-gallery-figure kadence-blocks-gallery-item-has-caption kb-has-image-ratio-inherit\"><div class=\"kb-gal-image-radius\" style=\"max-width:1024px\"><div class=\"kb-gallery-image-contain kadence-blocks-gallery-intrinsic kb-gallery-image-ratio-inherit\"><img loading=\"lazy\" decoding=\"async\" src=\"http:\/\/tedisouth.vn\/wp-content\/uploads\/2019\/08\/Metro-2-Ben-Thanh-Tham-Luong-1-1024x752.jpg\" width=\"1024\" height=\"752\" alt=\"\" data-full-image=\"http:\/\/tedisouth.vn\/wp-content\/uploads\/2019\/08\/Metro-2-Ben-Thanh-Tham-Luong-1.jpg\" data-light-image=\"http:\/\/tedisouth.vn\/wp-content\/uploads\/2019\/08\/Metro-2-Ben-Thanh-Tham-Luong-1.jpg\" data-id=\"346\" data-link=\"http:\/\/tedisouth.vn\/?attachment_id=346\" class=\"wp-image-346\" srcset=\"http:\/\/tedisouth.vn\/wp-content\/uploads\/2019\/08\/Metro-2-Ben-Thanh-Tham-Luong-1.jpg 1024w, http:\/\/tedisouth.vn\/wp-content\/uploads\/2019\/08\/Metro-2-Ben-Thanh-Tham-Luong-1-300x220.jpg 300w, http:\/\/tedisouth.vn\/wp-content\/uploads\/2019\/08\/Metro-2-Ben-Thanh-Tham-Luong-1-768x564.jpg 768w\" sizes=\"(max-width: 1024px) 100vw, 1024px\" \/><\/div><\/div><figcaption class=\"kadence-blocks-gallery-item__caption\">Tuy\u1ebfn Metro s\u1ed1 2 B\u1ebfn Th\u00e0nh &#8211; Tham L\u01b0\u01a1ng (TP. HCM)<\/figcaption><\/figure><\/div><\/li><\/div><div class=\"kb-slide-item kb-gallery-slide-item\"><li class=\"kadence-blocks-gallery-item\"><div class=\"kadence-blocks-gallery-item-inner\"><figure class=\"kb-gallery-figure kadence-blocks-gallery-item-has-caption kb-has-image-ratio-inherit\"><div class=\"kb-gal-image-radius\" style=\"max-width:1024px\"><div class=\"kb-gallery-image-contain kadence-blocks-gallery-intrinsic kb-gallery-image-ratio-inherit\"><img loading=\"lazy\" decoding=\"async\" src=\"http:\/\/tedisouth.vn\/wp-content\/uploads\/2019\/08\/Duong-sat-Trang-Bom-Hoa-Hung-1-1024x677.jpg\" width=\"1024\" height=\"677\" alt=\"\" data-full-image=\"http:\/\/tedisouth.vn\/wp-content\/uploads\/2019\/08\/Duong-sat-Trang-Bom-Hoa-Hung-1.jpg\" data-light-image=\"http:\/\/tedisouth.vn\/wp-content\/uploads\/2019\/08\/Duong-sat-Trang-Bom-Hoa-Hung-1.jpg\" data-id=\"347\" data-link=\"http:\/\/tedisouth.vn\/?attachment_id=347\" class=\"wp-image-347\" srcset=\"http:\/\/tedisouth.vn\/wp-content\/uploads\/2019\/08\/Duong-sat-Trang-Bom-Hoa-Hung-1.jpg 1024w, http:\/\/tedisouth.vn\/wp-content\/uploads\/2019\/08\/Duong-sat-Trang-Bom-Hoa-Hung-1-300x198.jpg 300w, http:\/\/tedisouth.vn\/wp-content\/uploads\/2019\/08\/Duong-sat-Trang-Bom-Hoa-Hung-1-768x508.jpg 768w\" sizes=\"(max-width: 1024px) 100vw, 1024px\" \/><\/div><\/div><figcaption class=\"kadence-blocks-gallery-item__caption\">Tuy\u1ebfn \u0111\u01b0\u1eddng s\u1eaft Tr\u1ea3ng Bom &#8211; H\u00f2a H\u01b0ng<\/figcaption><\/figure><\/div><\/li><\/div><\/div><\/div><\/div><\/div>\n","protected":false},"excerpt":{"rendered":"<p>L\u0128NH V\u1ef0C KINH DOANH L\u1eacP B\u00c1O C\u00c1O \u0110\u1ea6U T\u01af L\u1eadp b\u00e1o c\u00e1o \u0111\u1ea7u t\u01b0 v\u00e0 d\u1ef1 \u00e1n \u0111\u1ea7u t\u01b0 x\u00e2y d\u1ef1ng c\u00e1c c\u00f4ng tr\u00ecnh giao th\u00f4ng \u0111\u01b0\u1eddng s\u1eaft, \u0111\u01b0\u1eddng b\u1ed9, \u0111\u01b0\u1eddng \u0111\u00f4 th\u1ecb, c\u00f4ng tr\u00ecnh h\u1ea1 t\u1ea7ng k\u1ef9 thu\u1eadt \u0111\u00f4 &hellip; <a href=\"http:\/\/tedisouth.vn\/?page_id=337\">Continued<\/a><\/p>\n","protected":false},"author":1,"featured_media":0,"parent":298,"menu_order":0,"comment_status":"closed","ping_status":"closed","template":"","meta":{"kt_blocks_editor_width":"","footnotes":""},"_links":{"self":[{"href":"http:\/\/tedisouth.vn\/index.php?rest_route=\/wp\/v2\/pages\/337"}],"collection":[{"href":"http:\/\/tedisouth.vn\/index.php?rest_route=\/wp\/v2\/pages"}],"about":[{"href":"http:\/\/tedisouth.vn\/index.php?rest_route=\/wp\/v2\/types\/page"}],"author":[{"embeddable":true,"href":"http:\/\/tedisouth.vn\/index.php?rest_route=\/wp\/v2\/users\/1"}],"replies":[{"embeddable":true,"href":"http:\/\/tedisouth.vn\/index.php?rest_route=%2Fwp%2Fv2%2Fcomments&post=337"}],"version-history":[{"count":5,"href":"http:\/\/tedisouth.vn\/index.php?rest_route=\/wp\/v2\/pages\/337\/revisions"}],"predecessor-version":[{"id":355,"href":"http:\/\/tedisouth.vn\/index.php?rest_route=\/wp\/v2\/pages\/337\/revisions\/355"}],"up":[{"embeddable":true,"href":"http:\/\/tedisouth.vn\/index.php?rest_route=\/wp\/v2\/pages\/298"}],"wp:attachment":[{"href":"http:\/\/tedisouth.vn\/index.php?rest_route=%2Fwp%2Fv2%2Fmedia&parent=337"}],"curies":[{"name":"wp","href":"https:\/\/api.w.org\/{rel}","templated":true}]}}