{"id":356,"date":"2019-08-10T11:05:22","date_gmt":"2019-08-10T04:05:22","guid":{"rendered":"http:\/\/tedisouth.vn\/?page_id=356"},"modified":"2019-08-14T11:02:51","modified_gmt":"2019-08-14T04:02:51","slug":"thiet-ke","status":"publish","type":"page","link":"http:\/\/tedisouth.vn\/?page_id=356","title":{"rendered":"THI\u1ebeT K\u1ebe"},"content":{"rendered":"\n<hr class=\"wp-block-separator is-style-wide\"\/>\n\n\n\n<h2 class=\"wp-block-heading\" style=\"text-align:center\"><strong>L\u0128NH V\u1ef0C KINH DOANH<\/strong><\/h2>\n\n\n\n<hr class=\"wp-block-separator is-style-wide\"\/>\n\n\n\n<p class=\"has-text-color has-medium-font-size has-virtue-primary-light-color\"><strong>THI\u1ebeT K\u1ebe<\/strong><\/p>\n\n\n\n<p>&#8211; Thi\u1ebft k\u1ebf c\u00e1c c\u00f4ng tr\u00ecnh giao th\u00f4ng: c\u1ea7u (k\u1ec3 c\u1ea3 c\u00e1c c\u1ea7u l\u1edbn \u0111\u1eb7c bi\u1ec7t), h\u1ea7m, \u0111\u01b0\u1eddng s\u1eaft, \u0111\u01b0\u1eddng b\u1ed9, \u0111\u01b0\u1eddng \u0111\u00f4 th\u1ecb, v\u00e0 c\u1ea3ng-\u0111\u01b0\u1eddng th\u1ee7y.<\/p>\n\n\n\n<p>&#8211; Thi\u1ebft k\u1ebf c\u00e1c c\u00f4ng tr\u00ecnh h\u1ea1 t\u1ea7ng k\u1ef9 thu\u1eadt \u0111\u00f4 th\u1ecb, \u0111\u01b0\u1eddng giao th\u00f4ng n\u1ed9i b\u1ed9 v\u00e0 c\u00f4ng tr\u00ecnh h\u1ea1 t\u1ea7ng k\u1ef9 thu\u1eadt trong khu c\u00f4ng nghi\u1ec7p.<\/p>\n\n\n\n<p>&#8211; Thi\u1ebft k\u1ebf ki\u1ebfn tr\u00fac c\u00e1c c\u00f4ng tr\u00ecnh giao th\u00f4ng, c\u00f4ng tr\u00ecnh d\u00e2n d\u1ee5ng v\u00e0 c\u00f4ng nghi\u1ec7p.<\/p>\n\n\n\n<p>&#8211; Thi\u1ebft k\u1ebf h\u1ec7 th\u1ed1ng chi\u1ebfu s\u00e1ng c\u00e1c c\u00f4ng tr\u00ecnh giao th\u00f4ng, c\u00f4ng tr\u00ecnh d\u00e2n d\u1ee5ng v\u00e0 c\u00f4ng nghi\u1ec7p; thi\u1ebft k\u1ebf h\u1ec7 th\u1ed1ng t\u00edn hi\u1ec7u giao th\u00f4ng.<\/p>\n\n\n\n<p>&#8211; Thi\u1ebft k\u1ebf m\u1ea1ng l\u01b0\u1edbi \u0111i\u1ec7n v\u00e0 c\u00e1c tr\u1ea1m bi\u1ebfn \u00e1p c\u00f3 \u0111i\u1ec7n \u00e1p d\u01b0\u1edbi 35 Kv.<\/p>\n\n\n\n<p><strong>M\u1ed9t s\u1ed1 c\u00f4ng tr\u00ecnh ti\u00eau bi\u1ec3u \u0111\u00e3 th\u1ef1c hi\u1ec7n<\/strong><\/p>\n\n\n<style>.kb-gallery-id-_66f1e1-77 .kadence-blocks-gallery-item .kb-gal-image-radius, .kb-gallery-id-_66f1e1-77 .kb-slide-item .kb-gal-image-radius img{border-radius:0px 0px 0px 0px;;}.kb-gallery-id-_66f1e1-77 .kadence-blocks-gallery-item .kadence-blocks-gallery-item-inner .kadence-blocks-gallery-item__caption{font-size:16px;color:#444;}.kb-gallery-caption-style-cover-hover.kb-gallery-id-_66f1e1-77 .kadence-blocks-gallery-item .kadence-blocks-gallery-item-inner .kadence-blocks-gallery-item__caption, .kb-gallery-caption-style-below.kb-gallery-id-_66f1e1-77 .kadence-blocks-gallery-item .kadence-blocks-gallery-item-inner .kadence-blocks-gallery-item__caption{background:rgba(255, 255, 255, 0.5);}.kb-gallery-wrap-id-_66f1e1-77.wp-block-kadence-advancedgallery{overflow:visible;}.kb-gallery-wrap-id-_66f1e1-77.wp-block-kadence-advancedgallery .kt-blocks-carousel{overflow:visible;}<\/style>\n<div class=\"wp-block-kadence-advancedgallery\"><div class=\"kb-gallery-ul kb-gallery-type-slider kb-gallery-id-_66f1e1-77 kb-gallery-caption-style-below kb-gallery-filter-none\" data-image-filter=\"none\" data-lightbox-caption=\"true\"><div class=\"kt-blocks-carousel kt-carousel-container-dotstyle-dark\"><div class=\"kt-blocks-carousel-init kb-blocks-slider kt-carousel-arrowstyle-whiteondark kt-carousel-dotstyle-dark\" data-slider-anim-speed=\"400\" data-slider-type=\"slider\" data-slider-scroll=\"1\" data-slider-arrows=\"true\" data-slider-dots=\"true\" data-slider-hover-pause=\"false\" data-slider-auto=\"false\" data-slider-speed=\"7000\"><div class=\"kb-slide-item kb-gallery-slide-item\"><li class=\"kadence-blocks-gallery-item\"><div class=\"kadence-blocks-gallery-item-inner\"><figure class=\"kb-gallery-figure kadence-blocks-gallery-item-has-caption kb-has-image-ratio-inherit\"><div class=\"kb-gal-image-radius\" style=\"max-width:1024px\"><div class=\"kb-gallery-image-contain kadence-blocks-gallery-intrinsic kb-gallery-image-ratio-inherit\"><img loading=\"lazy\" decoding=\"async\" src=\"http:\/\/tedisouth.vn\/wp-content\/uploads\/2019\/08\/Metro-BT-ST-1-1024x680.jpg\" width=\"1024\" height=\"680\" alt=\"\" data-full-image=\"http:\/\/tedisouth.vn\/wp-content\/uploads\/2019\/08\/Metro-BT-ST-1.jpg\" data-light-image=\"http:\/\/tedisouth.vn\/wp-content\/uploads\/2019\/08\/Metro-BT-ST-1.jpg\" data-id=\"361\" data-link=\"http:\/\/tedisouth.vn\/?attachment_id=361\" class=\"wp-image-361\" srcset=\"http:\/\/tedisouth.vn\/wp-content\/uploads\/2019\/08\/Metro-BT-ST-1.jpg 1024w, http:\/\/tedisouth.vn\/wp-content\/uploads\/2019\/08\/Metro-BT-ST-1-300x199.jpg 300w, http:\/\/tedisouth.vn\/wp-content\/uploads\/2019\/08\/Metro-BT-ST-1-768x510.jpg 768w\" sizes=\"(max-width: 1024px) 100vw, 1024px\" \/><\/div><\/div><figcaption class=\"kadence-blocks-gallery-item__caption\">Tuy\u1ebfn \u0111\u01b0\u1eddng s\u1eaft \u0111\u00f4 th\u1ecb s\u1ed1 1 (B\u1ebfn Th\u00e0nh &#8211; Su\u1ed1i Ti\u00ean) &#8211; TP. H\u1ed3 Ch\u00ed Minh<\/figcaption><\/figure><\/div><\/li><\/div><div class=\"kb-slide-item kb-gallery-slide-item\"><li class=\"kadence-blocks-gallery-item\"><div class=\"kadence-blocks-gallery-item-inner\"><figure class=\"kb-gallery-figure kadence-blocks-gallery-item-has-caption kb-has-image-ratio-inherit\"><div class=\"kb-gal-image-radius\"><div class=\"kb-gallery-image-contain kadence-blocks-gallery-intrinsic kb-gallery-image-ratio-inherit\"><img loading=\"lazy\" decoding=\"async\" width=\"800\" height=\"600\" src=\"http:\/\/tedisouth.vn\/wp-content\/uploads\/2019\/08\/2.-QL1A-Dam-Mon.jpg\" alt=\"\" data-full-image=\"http:\/\/tedisouth.vn\/wp-content\/uploads\/2019\/08\/2.-QL1A-Dam-Mon.jpg\" data-light-image=\"http:\/\/tedisouth.vn\/wp-content\/uploads\/2019\/08\/2.-QL1A-Dam-Mon.jpg\" data-id=\"362\" data-link=\"http:\/\/tedisouth.vn\/?attachment_id=362\" class=\"wp-image-362\" srcset=\"http:\/\/tedisouth.vn\/wp-content\/uploads\/2019\/08\/2.-QL1A-Dam-Mon.jpg 800w, http:\/\/tedisouth.vn\/wp-content\/uploads\/2019\/08\/2.-QL1A-Dam-Mon-300x225.jpg 300w, http:\/\/tedisouth.vn\/wp-content\/uploads\/2019\/08\/2.-QL1A-Dam-Mon-768x576.jpg 768w\" sizes=\"(max-width: 800px) 100vw, 800px\" \/><\/div><\/div><figcaption class=\"kadence-blocks-gallery-item__caption\">Qu\u1ed1c l\u1ed9 1A \u0111o\u1ea1n \u0110\u1ea7m M\u00f4n &#8211; Kh\u00e1nh H\u00f2a<\/figcaption><\/figure><\/div><\/li><\/div><div class=\"kb-slide-item kb-gallery-slide-item\"><li class=\"kadence-blocks-gallery-item\"><div class=\"kadence-blocks-gallery-item-inner\"><figure class=\"kb-gallery-figure kadence-blocks-gallery-item-has-caption kb-has-image-ratio-inherit\"><div class=\"kb-gal-image-radius\" style=\"max-width:1024px\"><div class=\"kb-gallery-image-contain kadence-blocks-gallery-intrinsic kb-gallery-image-ratio-inherit\"><img loading=\"lazy\" decoding=\"async\" src=\"http:\/\/tedisouth.vn\/wp-content\/uploads\/2019\/08\/3.-cau_an_dong-ve-Dem-1024x443.jpg\" width=\"1024\" height=\"443\" alt=\"\" data-full-image=\"http:\/\/tedisouth.vn\/wp-content\/uploads\/2019\/08\/3.-cau_an_dong-ve-Dem.jpg\" data-light-image=\"http:\/\/tedisouth.vn\/wp-content\/uploads\/2019\/08\/3.-cau_an_dong-ve-Dem.jpg\" data-id=\"363\" data-link=\"http:\/\/tedisouth.vn\/?attachment_id=363\" class=\"wp-image-363\" srcset=\"http:\/\/tedisouth.vn\/wp-content\/uploads\/2019\/08\/3.-cau_an_dong-ve-Dem-1024x443.jpg 1024w, http:\/\/tedisouth.vn\/wp-content\/uploads\/2019\/08\/3.-cau_an_dong-ve-Dem-300x130.jpg 300w, http:\/\/tedisouth.vn\/wp-content\/uploads\/2019\/08\/3.-cau_an_dong-ve-Dem-768x332.jpg 768w, http:\/\/tedisouth.vn\/wp-content\/uploads\/2019\/08\/3.-cau_an_dong-ve-Dem.jpg 1200w\" sizes=\"(max-width: 1024px) 100vw, 1024px\" \/><\/div><\/div><figcaption class=\"kadence-blocks-gallery-item__caption\">C\u1ea7u An \u0110\u00f4ng &#8211; Ninh Thu\u1eadn<\/figcaption><\/figure><\/div><\/li><\/div><div class=\"kb-slide-item kb-gallery-slide-item\"><li class=\"kadence-blocks-gallery-item\"><div class=\"kadence-blocks-gallery-item-inner\"><figure class=\"kb-gallery-figure kadence-blocks-gallery-item-has-caption kb-has-image-ratio-inherit\"><div class=\"kb-gal-image-radius\" style=\"max-width:1024px\"><div class=\"kb-gallery-image-contain kadence-blocks-gallery-intrinsic kb-gallery-image-ratio-inherit\"><img loading=\"lazy\" decoding=\"async\" src=\"http:\/\/tedisouth.vn\/wp-content\/uploads\/2019\/08\/cau-Long-Binh-3-1024x680.jpg\" width=\"1024\" height=\"680\" alt=\"\" data-full-image=\"http:\/\/tedisouth.vn\/wp-content\/uploads\/2019\/08\/cau-Long-Binh-3.jpg\" data-light-image=\"http:\/\/tedisouth.vn\/wp-content\/uploads\/2019\/08\/cau-Long-Binh-3.jpg\" data-id=\"364\" data-link=\"http:\/\/tedisouth.vn\/?attachment_id=364\" class=\"wp-image-364\" srcset=\"http:\/\/tedisouth.vn\/wp-content\/uploads\/2019\/08\/cau-Long-Binh-3.jpg 1024w, http:\/\/tedisouth.vn\/wp-content\/uploads\/2019\/08\/cau-Long-Binh-3-300x199.jpg 300w, http:\/\/tedisouth.vn\/wp-content\/uploads\/2019\/08\/cau-Long-Binh-3-768x510.jpg 768w\" sizes=\"(max-width: 1024px) 100vw, 1024px\" \/><\/div><\/div><figcaption class=\"kadence-blocks-gallery-item__caption\">C\u1ea7u Long B\u00ecnh n\u1ed1i Vi\u1ec7t Nam &#8211; Campuchia<\/figcaption><\/figure><\/div><\/li><\/div><div class=\"kb-slide-item kb-gallery-slide-item\"><li class=\"kadence-blocks-gallery-item\"><div class=\"kadence-blocks-gallery-item-inner\"><figure class=\"kb-gallery-figure kadence-blocks-gallery-item-has-caption kb-has-image-ratio-inherit\"><div class=\"kb-gal-image-radius\" style=\"max-width:1024px\"><div class=\"kb-gallery-image-contain kadence-blocks-gallery-intrinsic kb-gallery-image-ratio-inherit\"><img loading=\"lazy\" decoding=\"async\" src=\"http:\/\/tedisouth.vn\/wp-content\/uploads\/2019\/08\/cau-My-Thanh-1w-1024x680.jpg\" width=\"1024\" height=\"680\" alt=\"\" data-full-image=\"http:\/\/tedisouth.vn\/wp-content\/uploads\/2019\/08\/cau-My-Thanh-1w.jpg\" data-light-image=\"http:\/\/tedisouth.vn\/wp-content\/uploads\/2019\/08\/cau-My-Thanh-1w.jpg\" data-id=\"365\" data-link=\"http:\/\/tedisouth.vn\/?attachment_id=365\" class=\"wp-image-365\"\/><\/div><\/div><figcaption class=\"kadence-blocks-gallery-item__caption\">C\u1ea7u M\u1ef9 Thanh &#8211; S\u00f3c Tr\u0103ng<\/figcaption><\/figure><\/div><\/li><\/div><div class=\"kb-slide-item kb-gallery-slide-item\"><li class=\"kadence-blocks-gallery-item\"><div class=\"kadence-blocks-gallery-item-inner\"><figure class=\"kb-gallery-figure kadence-blocks-gallery-item-has-caption kb-has-image-ratio-inherit\"><div class=\"kb-gal-image-radius\" style=\"max-width:1024px\"><div class=\"kb-gallery-image-contain kadence-blocks-gallery-intrinsic kb-gallery-image-ratio-inherit\"><img loading=\"lazy\" decoding=\"async\" src=\"http:\/\/tedisouth.vn\/wp-content\/uploads\/2019\/08\/Cau-Nguyen-Van-Cu-2w-1024x402.jpg\" width=\"1024\" height=\"402\" alt=\"\" data-full-image=\"http:\/\/tedisouth.vn\/wp-content\/uploads\/2019\/08\/Cau-Nguyen-Van-Cu-2w.jpg\" data-light-image=\"http:\/\/tedisouth.vn\/wp-content\/uploads\/2019\/08\/Cau-Nguyen-Van-Cu-2w.jpg\" data-id=\"366\" data-link=\"http:\/\/tedisouth.vn\/?attachment_id=366\" class=\"wp-image-366\" srcset=\"http:\/\/tedisouth.vn\/wp-content\/uploads\/2019\/08\/Cau-Nguyen-Van-Cu-2w-1024x402.jpg 1024w, http:\/\/tedisouth.vn\/wp-content\/uploads\/2019\/08\/Cau-Nguyen-Van-Cu-2w-300x118.jpg 300w, http:\/\/tedisouth.vn\/wp-content\/uploads\/2019\/08\/Cau-Nguyen-Van-Cu-2w-768x301.jpg 768w, http:\/\/tedisouth.vn\/wp-content\/uploads\/2019\/08\/Cau-Nguyen-Van-Cu-2w-1148x450.jpg 1148w, http:\/\/tedisouth.vn\/wp-content\/uploads\/2019\/08\/Cau-Nguyen-Van-Cu-2w.jpg 1734w\" sizes=\"(max-width: 1024px) 100vw, 1024px\" \/><\/div><\/div><figcaption class=\"kadence-blocks-gallery-item__caption\">C\u1ea7u Nguy\u1ec5n V\u0103n C\u1eeb &#8211; TP. H\u1ed3 Ch\u00ed Minh<\/figcaption><\/figure><\/div><\/li><\/div><div class=\"kb-slide-item kb-gallery-slide-item\"><li class=\"kadence-blocks-gallery-item\"><div class=\"kadence-blocks-gallery-item-inner\"><figure class=\"kb-gallery-figure kadence-blocks-gallery-item-has-caption kb-has-image-ratio-inherit\"><div class=\"kb-gal-image-radius\" style=\"max-width:1024px\"><div class=\"kb-gallery-image-contain kadence-blocks-gallery-intrinsic kb-gallery-image-ratio-inherit\"><img loading=\"lazy\" decoding=\"async\" src=\"http:\/\/tedisouth.vn\/wp-content\/uploads\/2019\/08\/cau-Xa-No-1w-1024x680.jpg\" width=\"1024\" height=\"680\" alt=\"\" data-full-image=\"http:\/\/tedisouth.vn\/wp-content\/uploads\/2019\/08\/cau-Xa-No-1w.jpg\" data-light-image=\"http:\/\/tedisouth.vn\/wp-content\/uploads\/2019\/08\/cau-Xa-No-1w.jpg\" data-id=\"367\" data-link=\"http:\/\/tedisouth.vn\/?attachment_id=367\" class=\"wp-image-367\" srcset=\"http:\/\/tedisouth.vn\/wp-content\/uploads\/2019\/08\/cau-Xa-No-1w.jpg 1024w, http:\/\/tedisouth.vn\/wp-content\/uploads\/2019\/08\/cau-Xa-No-1w-300x199.jpg 300w, http:\/\/tedisouth.vn\/wp-content\/uploads\/2019\/08\/cau-Xa-No-1w-768x510.jpg 768w\" sizes=\"(max-width: 1024px) 100vw, 1024px\" \/><\/div><\/div><figcaption class=\"kadence-blocks-gallery-item__caption\">C\u1ea7u X\u00e0 No &#8211; H\u1eadu Giang<\/figcaption><\/figure><\/div><\/li><\/div><div class=\"kb-slide-item kb-gallery-slide-item\"><li class=\"kadence-blocks-gallery-item\"><div class=\"kadence-blocks-gallery-item-inner\"><figure class=\"kb-gallery-figure kadence-blocks-gallery-item-has-caption kb-has-image-ratio-inherit\"><div class=\"kb-gal-image-radius\" style=\"max-width:1024px\"><div class=\"kb-gallery-image-contain kadence-blocks-gallery-intrinsic kb-gallery-image-ratio-inherit\"><img loading=\"lazy\" decoding=\"async\" src=\"http:\/\/tedisouth.vn\/wp-content\/uploads\/2019\/08\/DT723-6-1024x680.jpg\" width=\"1024\" height=\"680\" alt=\"\" data-full-image=\"http:\/\/tedisouth.vn\/wp-content\/uploads\/2019\/08\/DT723-6.jpg\" data-light-image=\"http:\/\/tedisouth.vn\/wp-content\/uploads\/2019\/08\/DT723-6.jpg\" data-id=\"368\" data-link=\"http:\/\/tedisouth.vn\/?attachment_id=368\" class=\"wp-image-368\" srcset=\"http:\/\/tedisouth.vn\/wp-content\/uploads\/2019\/08\/DT723-6.jpg 1024w, http:\/\/tedisouth.vn\/wp-content\/uploads\/2019\/08\/DT723-6-300x199.jpg 300w, http:\/\/tedisouth.vn\/wp-content\/uploads\/2019\/08\/DT723-6-768x510.jpg 768w\" sizes=\"(max-width: 1024px) 100vw, 1024px\" \/><\/div><\/div><figcaption class=\"kadence-blocks-gallery-item__caption\">\u0110\u01b0\u1eddng t\u1ec9nh 723<\/figcaption><\/figure><\/div><\/li><\/div><div class=\"kb-slide-item kb-gallery-slide-item\"><li class=\"kadence-blocks-gallery-item\"><div class=\"kadence-blocks-gallery-item-inner\"><figure class=\"kb-gallery-figure kadence-blocks-gallery-item-has-caption kb-has-image-ratio-inherit\"><div class=\"kb-gal-image-radius\" style=\"max-width:1024px\"><div class=\"kb-gallery-image-contain kadence-blocks-gallery-intrinsic kb-gallery-image-ratio-inherit\"><img loading=\"lazy\" decoding=\"async\" src=\"http:\/\/tedisouth.vn\/wp-content\/uploads\/2019\/08\/cau-Dinh-Ong-1-1024x680.jpg\" width=\"1024\" height=\"680\" alt=\"\" data-full-image=\"http:\/\/tedisouth.vn\/wp-content\/uploads\/2019\/08\/cau-Dinh-Ong-1.jpg\" data-light-image=\"http:\/\/tedisouth.vn\/wp-content\/uploads\/2019\/08\/cau-Dinh-Ong-1.jpg\" data-id=\"101\" data-link=\"http:\/\/tedisouth.vn\/?attachment_id=101\" class=\"wp-image-101\" srcset=\"http:\/\/tedisouth.vn\/wp-content\/uploads\/2019\/08\/cau-Dinh-Ong-1.jpg 1024w, http:\/\/tedisouth.vn\/wp-content\/uploads\/2019\/08\/cau-Dinh-Ong-1-300x199.jpg 300w, http:\/\/tedisouth.vn\/wp-content\/uploads\/2019\/08\/cau-Dinh-Ong-1-768x510.jpg 768w\" sizes=\"(max-width: 1024px) 100vw, 1024px\" \/><\/div><\/div><figcaption class=\"kadence-blocks-gallery-item__caption\">C\u1ea7u Dinh \u00d4ng &#8211; Ph\u00fa Y\u00ean<\/figcaption><\/figure><\/div><\/li><\/div><div class=\"kb-slide-item kb-gallery-slide-item\"><li class=\"kadence-blocks-gallery-item\"><div class=\"kadence-blocks-gallery-item-inner\"><figure class=\"kb-gallery-figure kadence-blocks-gallery-item-has-caption kb-has-image-ratio-inherit\"><div class=\"kb-gal-image-radius\" style=\"max-width:1024px\"><div class=\"kb-gallery-image-contain kadence-blocks-gallery-intrinsic kb-gallery-image-ratio-inherit\"><img loading=\"lazy\" decoding=\"async\" src=\"http:\/\/tedisouth.vn\/wp-content\/uploads\/2019\/08\/cau-Hung-Vuong-1-1024x680.jpg\" width=\"1024\" height=\"680\" alt=\"\" data-full-image=\"http:\/\/tedisouth.vn\/wp-content\/uploads\/2019\/08\/cau-Hung-Vuong-1.jpg\" data-light-image=\"http:\/\/tedisouth.vn\/wp-content\/uploads\/2019\/08\/cau-Hung-Vuong-1.jpg\" data-id=\"607\" data-link=\"http:\/\/tedisouth.vn\/?attachment_id=607\" class=\"wp-image-607\" srcset=\"http:\/\/tedisouth.vn\/wp-content\/uploads\/2019\/08\/cau-Hung-Vuong-1.jpg 1024w, http:\/\/tedisouth.vn\/wp-content\/uploads\/2019\/08\/cau-Hung-Vuong-1-300x199.jpg 300w, http:\/\/tedisouth.vn\/wp-content\/uploads\/2019\/08\/cau-Hung-Vuong-1-768x510.jpg 768w, http:\/\/tedisouth.vn\/wp-content\/uploads\/2019\/08\/cau-Hung-Vuong-1-678x450.jpg 678w\" sizes=\"(max-width: 1024px) 100vw, 1024px\" \/><\/div><\/div><figcaption class=\"kadence-blocks-gallery-item__caption\">C\u1ea7u H\u00f9ng V\u01b0\u01a1ng &#8211; Ph\u00fa Y\u00ean<\/figcaption><\/figure><\/div><\/li><\/div><\/div><\/div><\/div><\/div>\n","protected":false},"excerpt":{"rendered":"<p>L\u0128NH V\u1ef0C KINH DOANH THI\u1ebeT K\u1ebe &#8211; Thi\u1ebft k\u1ebf c\u00e1c c\u00f4ng tr\u00ecnh giao th\u00f4ng: c\u1ea7u (k\u1ec3 c\u1ea3 c\u00e1c c\u1ea7u l\u1edbn \u0111\u1eb7c bi\u1ec7t), h\u1ea7m, \u0111\u01b0\u1eddng s\u1eaft, \u0111\u01b0\u1eddng b\u1ed9, \u0111\u01b0\u1eddng \u0111\u00f4 th\u1ecb, v\u00e0 c\u1ea3ng-\u0111\u01b0\u1eddng th\u1ee7y. &#8211; Thi\u1ebft k\u1ebf c\u00e1c c\u00f4ng tr\u00ecnh h\u1ea1 &hellip; <a href=\"http:\/\/tedisouth.vn\/?page_id=356\">Continued<\/a><\/p>\n","protected":false},"author":1,"featured_media":0,"parent":298,"menu_order":0,"comment_status":"closed","ping_status":"closed","template":"","meta":{"kt_blocks_editor_width":"","footnotes":""},"_links":{"self":[{"href":"http:\/\/tedisouth.vn\/index.php?rest_route=\/wp\/v2\/pages\/356"}],"collection":[{"href":"http:\/\/tedisouth.vn\/index.php?rest_route=\/wp\/v2\/pages"}],"about":[{"href":"http:\/\/tedisouth.vn\/index.php?rest_route=\/wp\/v2\/types\/page"}],"author":[{"embeddable":true,"href":"http:\/\/tedisouth.vn\/index.php?rest_route=\/wp\/v2\/users\/1"}],"replies":[{"embeddable":true,"href":"http:\/\/tedisouth.vn\/index.php?rest_route=%2Fwp%2Fv2%2Fcomments&post=356"}],"version-history":[{"count":7,"href":"http:\/\/tedisouth.vn\/index.php?rest_route=\/wp\/v2\/pages\/356\/revisions"}],"predecessor-version":[{"id":608,"href":"http:\/\/tedisouth.vn\/index.php?rest_route=\/wp\/v2\/pages\/356\/revisions\/608"}],"up":[{"embeddable":true,"href":"http:\/\/tedisouth.vn\/index.php?rest_route=\/wp\/v2\/pages\/298"}],"wp:attachment":[{"href":"http:\/\/tedisouth.vn\/index.php?rest_route=%2Fwp%2Fv2%2Fmedia&parent=356"}],"curies":[{"name":"wp","href":"https:\/\/api.w.org\/{rel}","templated":true}]}}