{"id":373,"date":"2019-08-10T11:29:52","date_gmt":"2019-08-10T04:29:52","guid":{"rendered":"http:\/\/tedisouth.vn\/?page_id=373"},"modified":"2019-08-13T11:24:58","modified_gmt":"2019-08-13T04:24:58","slug":"tu-van-giam-sat","status":"publish","type":"page","link":"http:\/\/tedisouth.vn\/?page_id=373","title":{"rendered":"T\u01af V\u1ea4N GI\u00c1M S\u00c1T"},"content":{"rendered":"\n<hr class=\"wp-block-separator is-style-wide\"\/>\n\n\n\n<h2 class=\"wp-block-heading\" style=\"text-align:center\"><strong>L\u0128NH V\u1ef0C KINH DOANH<\/strong><\/h2>\n\n\n\n<hr class=\"wp-block-separator is-style-wide\"\/>\n\n\n\n<p class=\"has-text-color has-medium-font-size has-virtue-primary-light-color\"><strong>T\u01af V\u1ea4N GI\u00c1M S\u00c1T<\/strong><\/p>\n\n\n\n<p>&#8211; Gi\u00e1m s\u00e1t thi c\u00f4ng x\u00e2y d\u1ef1ng (gi\u00e1m s\u00e1t ch\u1ea5t l\u01b0\u1ee3ng, ti\u1ebfn \u0111\u1ed9 v\u00e0 chi ph\u00ed\u2026) c\u00e1c c\u00f4ng tr\u00ecnh giao th\u00f4ng: c\u1ea7u, h\u1ea7m, \u0111\u01b0\u1eddng s\u1eaft, \u0111\u01b0\u1eddng b\u1ed9, \u0111\u01b0\u1eddng \u0111\u00f4 th\u1ecb.<\/p>\n\n\n\n<p>&#8211; Gi\u00e1m s\u00e1t thi c\u00f4ng x\u00e2y d\u1ef1ng (gi\u00e1m s\u00e1t ch\u1ea5t l\u01b0\u1ee3ng, ti\u1ebfn \u0111\u1ed9 v\u00e0 chi ph\u00ed\u2026) c\u00e1c c\u00f4ng tr\u00ecnh h\u1ea1 t\u1ea7ng k\u1ef9 thu\u1eadt \u0111\u00f4 th\u1ecb v\u00e0 \u0111\u01b0\u1eddng n\u1ed9i b\u1ed9 khu c\u00f4ng nghi\u1ec7p.<\/p>\n\n\n\n<p>&#8211; Gi\u00e1m s\u00e1t c\u00f4ng t\u00e1c l\u1eafp \u0111\u1eb7t v\u00e0 ho\u00e0n thi\u1ec7n c\u00e1c trang thi\u1ebft b\u1ecb c\u1ed1 \u0111\u1ecbnh c\u1ee7a c\u00e1c c\u00f4ng tr\u00ecnh x\u00e2y d\u1ef1ng, bao g\u1ed3m c\u00e1c thi\u1ebft b\u1ecb c\u00f4ng ngh\u1ec7, c\u01a1 kh\u00ed v\u00e0 \u0111i\u1ec7n.<\/p>\n\n\n\n<p>&#8211; Gi\u00e1m s\u00e1t c\u00f4ng t\u00e1c kh\u1ea3o s\u00e1t \u0111\u1ecba ch\u1ea5t, \u0111\u1ecba h\u00ecnh, th\u1ee7y v\u0103n v\u00e0 \u0111o \u0111\u1ea1c b\u1ea3n \u0111\u1ed3.<\/p>\n\n\n\n<p>&#8211; Gi\u00e1m s\u00e1t c\u00f4ng t\u00e1c th\u00ed nghi\u1ec7m \u0111\u00e1nh gi\u00e1 c\u00e1c ti\u00eau ch\u00ed ch\u1ea5t l\u01b0\u1ee3ng chuy\u00ean ng\u00e0nh x\u00e2y d\u1ef1ng v\u00e0 v\u00e2t li\u1ec7u x\u00e2y d\u1ef1ng.<\/p>\n\n\n\n<p><strong>M\u1ed9t s\u1ed1 c\u00f4ng tr\u00ecnh ti\u00eau bi\u1ec3u \u0111\u00e3 th\u1ef1c hi\u1ec7n<\/strong><\/p>\n\n\n<style>.kb-gallery-id-_ebdb14-1b .kadence-blocks-gallery-item .kb-gal-image-radius, .kb-gallery-id-_ebdb14-1b .kb-slide-item .kb-gal-image-radius img{border-radius:0px 0px 0px 0px;;}.kb-gallery-id-_ebdb14-1b .kadence-blocks-gallery-item .kadence-blocks-gallery-item-inner .kadence-blocks-gallery-item__caption{font-size:16px;color:#444;}.kb-gallery-caption-style-cover-hover.kb-gallery-id-_ebdb14-1b .kadence-blocks-gallery-item .kadence-blocks-gallery-item-inner .kadence-blocks-gallery-item__caption, .kb-gallery-caption-style-below.kb-gallery-id-_ebdb14-1b .kadence-blocks-gallery-item .kadence-blocks-gallery-item-inner .kadence-blocks-gallery-item__caption{background:rgba(255, 255, 255, 0.5);}.kb-gallery-wrap-id-_ebdb14-1b.wp-block-kadence-advancedgallery{overflow:visible;}.kb-gallery-wrap-id-_ebdb14-1b.wp-block-kadence-advancedgallery .kt-blocks-carousel{overflow:visible;}<\/style>\n<div class=\"wp-block-kadence-advancedgallery\"><div class=\"kb-gallery-ul kb-gallery-type-slider kb-gallery-id-_ebdb14-1b kb-gallery-caption-style-below kb-gallery-filter-none\" data-image-filter=\"none\" data-lightbox-caption=\"true\"><div class=\"kt-blocks-carousel kt-carousel-container-dotstyle-dark\"><div class=\"kt-blocks-carousel-init kb-blocks-slider kt-carousel-arrowstyle-whiteondark kt-carousel-dotstyle-dark\" data-slider-anim-speed=\"400\" data-slider-type=\"slider\" data-slider-scroll=\"1\" data-slider-arrows=\"true\" data-slider-dots=\"true\" data-slider-hover-pause=\"false\" data-slider-auto=\"false\" data-slider-speed=\"7000\"><div class=\"kb-slide-item kb-gallery-slide-item\"><li class=\"kadence-blocks-gallery-item\"><div class=\"kadence-blocks-gallery-item-inner\"><figure class=\"kb-gallery-figure kadence-blocks-gallery-item-has-caption kb-has-image-ratio-inherit\"><div class=\"kb-gal-image-radius\" style=\"max-width:1024px\"><div class=\"kb-gallery-image-contain kadence-blocks-gallery-intrinsic kb-gallery-image-ratio-inherit\"><img loading=\"lazy\" decoding=\"async\" src=\"http:\/\/tedisouth.vn\/wp-content\/uploads\/2019\/08\/Cao-toc-HCM-LT-DG-2-1024x423.jpg\" width=\"1024\" height=\"423\" alt=\"\" data-full-image=\"http:\/\/tedisouth.vn\/wp-content\/uploads\/2019\/08\/Cao-toc-HCM-LT-DG-2.jpg\" data-light-image=\"http:\/\/tedisouth.vn\/wp-content\/uploads\/2019\/08\/Cao-toc-HCM-LT-DG-2.jpg\" data-id=\"377\" data-link=\"http:\/\/tedisouth.vn\/?attachment_id=377\" class=\"wp-image-377\" srcset=\"http:\/\/tedisouth.vn\/wp-content\/uploads\/2019\/08\/Cao-toc-HCM-LT-DG-2-1024x423.jpg 1024w, http:\/\/tedisouth.vn\/wp-content\/uploads\/2019\/08\/Cao-toc-HCM-LT-DG-2-300x124.jpg 300w, http:\/\/tedisouth.vn\/wp-content\/uploads\/2019\/08\/Cao-toc-HCM-LT-DG-2-768x317.jpg 768w, http:\/\/tedisouth.vn\/wp-content\/uploads\/2019\/08\/Cao-toc-HCM-LT-DG-2.jpg 1646w\" sizes=\"(max-width: 1024px) 100vw, 1024px\" \/><\/div><\/div><figcaption class=\"kadence-blocks-gallery-item__caption\">\u0110\u01b0\u1eddng cao t\u1ed1c TP. H\u1ed3 Ch\u00ed Minh &#8211; Long Th\u00e0nh &#8211; D\u1ea7u Gi\u00e2y<\/figcaption><\/figure><\/div><\/li><\/div><div class=\"kb-slide-item kb-gallery-slide-item\"><li class=\"kadence-blocks-gallery-item\"><div class=\"kadence-blocks-gallery-item-inner\"><figure class=\"kb-gallery-figure kadence-blocks-gallery-item-has-caption kb-has-image-ratio-inherit\"><div class=\"kb-gal-image-radius\" style=\"max-width:1024px\"><div class=\"kb-gallery-image-contain kadence-blocks-gallery-intrinsic kb-gallery-image-ratio-inherit\"><img loading=\"lazy\" decoding=\"async\" src=\"http:\/\/tedisouth.vn\/wp-content\/uploads\/2019\/08\/ham-Deo-Ca-2-1024x680.jpg\" width=\"1024\" height=\"680\" alt=\"\" data-full-image=\"http:\/\/tedisouth.vn\/wp-content\/uploads\/2019\/08\/ham-Deo-Ca-2.jpg\" data-light-image=\"http:\/\/tedisouth.vn\/wp-content\/uploads\/2019\/08\/ham-Deo-Ca-2.jpg\" data-id=\"378\" data-link=\"http:\/\/tedisouth.vn\/?attachment_id=378\" class=\"wp-image-378\" srcset=\"http:\/\/tedisouth.vn\/wp-content\/uploads\/2019\/08\/ham-Deo-Ca-2.jpg 1024w, http:\/\/tedisouth.vn\/wp-content\/uploads\/2019\/08\/ham-Deo-Ca-2-300x199.jpg 300w, http:\/\/tedisouth.vn\/wp-content\/uploads\/2019\/08\/ham-Deo-Ca-2-768x510.jpg 768w\" sizes=\"(max-width: 1024px) 100vw, 1024px\" \/><\/div><\/div><figcaption class=\"kadence-blocks-gallery-item__caption\">H\u1ea7m \u0110\u00e8o C\u1ea3 n\u1ed1i Ph\u00fa Y\u00ean &#8211; Kh\u00e1nh H\u00f2a<\/figcaption><\/figure><\/div><\/li><\/div><div class=\"kb-slide-item kb-gallery-slide-item\"><li class=\"kadence-blocks-gallery-item\"><div class=\"kadence-blocks-gallery-item-inner\"><figure class=\"kb-gallery-figure kadence-blocks-gallery-item-has-caption kb-has-image-ratio-inherit\"><div class=\"kb-gal-image-radius\" style=\"max-width:1024px\"><div class=\"kb-gallery-image-contain kadence-blocks-gallery-intrinsic kb-gallery-image-ratio-inherit\"><img loading=\"lazy\" decoding=\"async\" src=\"http:\/\/tedisouth.vn\/wp-content\/uploads\/2019\/08\/cau-Ghenh-2w-1024x680.jpg\" width=\"1024\" height=\"680\" alt=\"\" data-full-image=\"http:\/\/tedisouth.vn\/wp-content\/uploads\/2019\/08\/cau-Ghenh-2w.jpg\" data-light-image=\"http:\/\/tedisouth.vn\/wp-content\/uploads\/2019\/08\/cau-Ghenh-2w.jpg\" data-id=\"379\" data-link=\"http:\/\/tedisouth.vn\/?attachment_id=379\" class=\"wp-image-379\" srcset=\"http:\/\/tedisouth.vn\/wp-content\/uploads\/2019\/08\/cau-Ghenh-2w.jpg 1024w, http:\/\/tedisouth.vn\/wp-content\/uploads\/2019\/08\/cau-Ghenh-2w-300x199.jpg 300w, http:\/\/tedisouth.vn\/wp-content\/uploads\/2019\/08\/cau-Ghenh-2w-768x510.jpg 768w\" sizes=\"(max-width: 1024px) 100vw, 1024px\" \/><\/div><\/div><figcaption class=\"kadence-blocks-gallery-item__caption\">C\u1ea7u Gh\u1ec1nh &#8211; \u0110\u1ed3ng Nai<\/figcaption><\/figure><\/div><\/li><\/div><div class=\"kb-slide-item kb-gallery-slide-item\"><li class=\"kadence-blocks-gallery-item\"><div class=\"kadence-blocks-gallery-item-inner\"><figure class=\"kb-gallery-figure kadence-blocks-gallery-item-has-caption kb-has-image-ratio-inherit\"><div class=\"kb-gal-image-radius\" style=\"max-width:1024px\"><div class=\"kb-gallery-image-contain kadence-blocks-gallery-intrinsic kb-gallery-image-ratio-inherit\"><img loading=\"lazy\" decoding=\"async\" src=\"http:\/\/tedisouth.vn\/wp-content\/uploads\/2019\/08\/4-tuyen-duong-khu-do-thi-Thu-Thiem-1024x519.jpg\" width=\"1024\" height=\"519\" alt=\"\" data-full-image=\"http:\/\/tedisouth.vn\/wp-content\/uploads\/2019\/08\/4-tuyen-duong-khu-do-thi-Thu-Thiem.jpg\" data-light-image=\"http:\/\/tedisouth.vn\/wp-content\/uploads\/2019\/08\/4-tuyen-duong-khu-do-thi-Thu-Thiem.jpg\" data-id=\"381\" data-link=\"http:\/\/tedisouth.vn\/?attachment_id=381\" class=\"wp-image-381\" srcset=\"http:\/\/tedisouth.vn\/wp-content\/uploads\/2019\/08\/4-tuyen-duong-khu-do-thi-Thu-Thiem.jpg 1024w, http:\/\/tedisouth.vn\/wp-content\/uploads\/2019\/08\/4-tuyen-duong-khu-do-thi-Thu-Thiem-300x152.jpg 300w, http:\/\/tedisouth.vn\/wp-content\/uploads\/2019\/08\/4-tuyen-duong-khu-do-thi-Thu-Thiem-768x389.jpg 768w\" sizes=\"(max-width: 1024px) 100vw, 1024px\" \/><\/div><\/div><figcaption class=\"kadence-blocks-gallery-item__caption\">B\u1ed1n tuy\u1ebfn \u0111\u01b0\u1eddng ch\u00ednh khu \u0111\u00f4 th\u1ecb Th\u1ee7 Thi\u00eam &#8211; TP. H\u1ed3 Ch\u00ed Minh<\/figcaption><\/figure><\/div><\/li><\/div><div class=\"kb-slide-item kb-gallery-slide-item\"><li class=\"kadence-blocks-gallery-item\"><div class=\"kadence-blocks-gallery-item-inner\"><figure class=\"kb-gallery-figure kadence-blocks-gallery-item-has-caption kb-has-image-ratio-inherit\"><div class=\"kb-gal-image-radius\"><div class=\"kb-gallery-image-contain kadence-blocks-gallery-intrinsic kb-gallery-image-ratio-inherit\"><img decoding=\"async\" src=\"http:\/\/tedisouth.vn\/wp-content\/uploads\/2019\/08\/cau-Thu-Thiem-2.jpg\" alt=\"\" data-full-image=\"http:\/\/tedisouth.vn\/wp-content\/uploads\/2019\/08\/cau-Thu-Thiem-2.jpg\" data-light-image=\"http:\/\/tedisouth.vn\/wp-content\/uploads\/2019\/08\/cau-Thu-Thiem-2.jpg\" data-id=\"382\" data-link=\"http:\/\/tedisouth.vn\/?attachment_id=382\" class=\"wp-image-382\"\/><\/div><\/div><figcaption class=\"kadence-blocks-gallery-item__caption\">C\u1ea7u Th\u1ee7 Thi\u00eam 2 &#8211; TP. H\u1ed3 Ch\u00ed Minh<\/figcaption><\/figure><\/div><\/li><\/div><\/div><\/div><\/div><\/div>\n\n\n\n<p><\/p>\n","protected":false},"excerpt":{"rendered":"<p>L\u0128NH V\u1ef0C KINH DOANH T\u01af V\u1ea4N GI\u00c1M S\u00c1T &#8211; Gi\u00e1m s\u00e1t thi c\u00f4ng x\u00e2y d\u1ef1ng (gi\u00e1m s\u00e1t ch\u1ea5t l\u01b0\u1ee3ng, ti\u1ebfn \u0111\u1ed9 v\u00e0 chi ph\u00ed\u2026) c\u00e1c c\u00f4ng tr\u00ecnh giao th\u00f4ng: c\u1ea7u, h\u1ea7m, \u0111\u01b0\u1eddng s\u1eaft, \u0111\u01b0\u1eddng b\u1ed9, \u0111\u01b0\u1eddng \u0111\u00f4 th\u1ecb. &#8211; Gi\u00e1m &hellip; <a href=\"http:\/\/tedisouth.vn\/?page_id=373\">Continued<\/a><\/p>\n","protected":false},"author":1,"featured_media":0,"parent":298,"menu_order":0,"comment_status":"closed","ping_status":"closed","template":"","meta":{"kt_blocks_editor_width":"","footnotes":""},"_links":{"self":[{"href":"http:\/\/tedisouth.vn\/index.php?rest_route=\/wp\/v2\/pages\/373"}],"collection":[{"href":"http:\/\/tedisouth.vn\/index.php?rest_route=\/wp\/v2\/pages"}],"about":[{"href":"http:\/\/tedisouth.vn\/index.php?rest_route=\/wp\/v2\/types\/page"}],"author":[{"embeddable":true,"href":"http:\/\/tedisouth.vn\/index.php?rest_route=\/wp\/v2\/users\/1"}],"replies":[{"embeddable":true,"href":"http:\/\/tedisouth.vn\/index.php?rest_route=%2Fwp%2Fv2%2Fcomments&post=373"}],"version-history":[{"count":3,"href":"http:\/\/tedisouth.vn\/index.php?rest_route=\/wp\/v2\/pages\/373\/revisions"}],"predecessor-version":[{"id":383,"href":"http:\/\/tedisouth.vn\/index.php?rest_route=\/wp\/v2\/pages\/373\/revisions\/383"}],"up":[{"embeddable":true,"href":"http:\/\/tedisouth.vn\/index.php?rest_route=\/wp\/v2\/pages\/298"}],"wp:attachment":[{"href":"http:\/\/tedisouth.vn\/index.php?rest_route=%2Fwp%2Fv2%2Fmedia&parent=373"}],"curies":[{"name":"wp","href":"https:\/\/api.w.org\/{rel}","templated":true}]}}