{"id":530,"date":"2019-08-13T15:18:36","date_gmt":"2019-08-13T08:18:36","guid":{"rendered":"http:\/\/tedisouth.vn\/?page_id=530"},"modified":"2021-06-29T10:06:11","modified_gmt":"2021-06-29T03:06:11","slug":"cau","status":"publish","type":"page","link":"http:\/\/tedisouth.vn\/?page_id=530","title":{"rendered":"C\u1ea6U &#8211; H\u1ea6M"},"content":{"rendered":"\n<figure class=\"wp-block-image alignfull\"><img loading=\"lazy\" decoding=\"async\" width=\"1170\" height=\"300\" src=\"http:\/\/tedisouth.vn\/wp-content\/uploads\/2019\/08\/muc-du-an-tieu-bieu.jpg\" alt=\"\" class=\"wp-image-394\" srcset=\"http:\/\/tedisouth.vn\/wp-content\/uploads\/2019\/08\/muc-du-an-tieu-bieu.jpg 1170w, http:\/\/tedisouth.vn\/wp-content\/uploads\/2019\/08\/muc-du-an-tieu-bieu-300x77.jpg 300w, http:\/\/tedisouth.vn\/wp-content\/uploads\/2019\/08\/muc-du-an-tieu-bieu-768x197.jpg 768w, http:\/\/tedisouth.vn\/wp-content\/uploads\/2019\/08\/muc-du-an-tieu-bieu-1024x263.jpg 1024w\" sizes=\"(max-width: 1170px) 100vw, 1170px\" \/><\/figure>\n\n\n\n<p style=\"font-size: 16px; text-align: justify;\">Tr\u1ea3i qua h\u01a1n 40 n\u0103m x\u00e2y d\u1ef1ng v\u00e0 ph\u00e1t tri\u1ec3n, TEDI SOUTH hi\u1ec7n nay \u0111ang l\u00e0 m\u1ed9t trong nh\u1eefng \u0111\u01a1n v\u1ecb T\u01b0 v\u1ea5n h\u00e0ng \u0111\u1ea7u trong l\u0129nh v\u1ef1c x\u00e2y d\u1ef1ng c\u00e1c c\u00f4ng tr\u00ecnh c\u1ee7a ng\u00e0nh GTVT \u1edf khu v\u1ef1c ph\u00eda Nam c\u0169ng nh\u01b0 c\u1ea3 n\u01b0\u1edbc th\u1ef1c hi\u1ec7n c\u00e1c c\u00f4ng tr\u00ecnh t\u1eeb nh\u1ecf t\u1edbi l\u1edbn, t\u1eeb \u0111\u01a1n gi\u1ea3n \u0111\u1ebfn ph\u1ee9c t\u1ea1p, t\u1eeb th\u00f4 s\u01a1 \u0111\u1ebfn hi\u1ec7n \u0111\u1ea1i; c\u00f4ng tr\u00ecnh c\u00f3 m\u1eb7t \u1edf nhi\u1ec1u n\u01a1i: t\u1eeb \u0111\u1ed3ng b\u1eb1ng Nam b\u1ed9 \u0111\u1ebfn c\u00e1c \u0111\u1ea3o xa Ph\u00fa Qu\u1ed1c, C\u00f4n \u0110\u1ea3o v\u00e0 v\u00f9ng r\u1eebng n\u00fai xa x\u00f4i nh\u01b0 khu v\u1ef1c T\u00e2y Nguy\u00ean\u2026.  <\/p>\n\n\n\n<p style=\"font-size:18px;text-align:center\" class=\"has-text-color has-background has-virtue-primary-color has-very-light-gray-background-color\"><a href=\"http:\/\/tedisouth.vn\/?page_id=393\">T\u1ea5t c\u1ea3<\/a><strong>  <\/strong>|  <strong>C\u1ea7u &#8211; H\u1ea7m<\/strong>  |  <a href=\"http:\/\/tedisouth.vn\/?page_id=533\">\u0110\u01b0\u1eddng b\u1ed9<\/a>  |  <a href=\"http:\/\/tedisouth.vn\/?page_id=536\">N\u00fat giao<\/a>  |  <a href=\"http:\/\/tedisouth.vn\/?page_id=538\">\u0110\u01b0\u1eddng s\u1eaft<\/a>  |  <a href=\"http:\/\/tedisouth.vn\/?page_id=541\">H\u1ea1 t\u1ea7ng<\/a>  |  <a href=\"http:\/\/tedisouth.vn\/?page_id=544\">Quy ho\u1ea1ch giao th\u00f4ng<\/a><\/p>\n\n\n\n<div class=\"wp-block-columns has-4-columns is-layout-flex wp-container-core-columns-is-layout-1 wp-block-columns-is-layout-flex\">\n<div class=\"wp-block-column is-layout-flow wp-block-column-is-layout-flow\">\n<figure class=\"wp-block-image\"><a href=\"http:\/\/tedisouth.vn\/?portfolio=cau-ham-2\"><img loading=\"lazy\" decoding=\"async\" width=\"1024\" height=\"680\" src=\"http:\/\/tedisouth.vn\/wp-content\/uploads\/2019\/08\/cau-Dinh-Ong-1-2-1024x680.jpg\" alt=\"\" class=\"wp-image-371\" srcset=\"http:\/\/tedisouth.vn\/wp-content\/uploads\/2019\/08\/cau-Dinh-Ong-1-2.jpg 1024w, http:\/\/tedisouth.vn\/wp-content\/uploads\/2019\/08\/cau-Dinh-Ong-1-2-300x199.jpg 300w, http:\/\/tedisouth.vn\/wp-content\/uploads\/2019\/08\/cau-Dinh-Ong-1-2-768x510.jpg 768w, http:\/\/tedisouth.vn\/wp-content\/uploads\/2019\/08\/cau-Dinh-Ong-1-2-678x450.jpg 678w\" sizes=\"(max-width: 1024px) 100vw, 1024px\" \/><\/a><\/figure>\n\n\n\n<p style=\"font-size:15px;text-align:center\" class=\"has-text-color has-virtue-primary-light-color\"><a href=\"http:\/\/tedisouth.vn\/?portfolio=cau-ham-2\">C\u1ea7u Dinh \u00d4ng <br>(Ph\u00fa Y\u00ean)<\/a><\/p>\n\n\n\n<figure class=\"wp-block-image\"><a href=\"http:\/\/tedisouth.vn\/?portfolio=cau-ham-5\"><img loading=\"lazy\" decoding=\"async\" width=\"1024\" height=\"680\" src=\"http:\/\/tedisouth.vn\/wp-content\/uploads\/2019\/08\/Cau-An-Dong-2-1024x680.jpg\" alt=\"\" class=\"wp-image-406\" srcset=\"http:\/\/tedisouth.vn\/wp-content\/uploads\/2019\/08\/Cau-An-Dong-2.jpg 1024w, http:\/\/tedisouth.vn\/wp-content\/uploads\/2019\/08\/Cau-An-Dong-2-300x199.jpg 300w, http:\/\/tedisouth.vn\/wp-content\/uploads\/2019\/08\/Cau-An-Dong-2-768x510.jpg 768w\" sizes=\"(max-width: 1024px) 100vw, 1024px\" \/><\/a><\/figure>\n\n\n\n<p style=\"font-size:15px;text-align:center\" class=\"has-text-color has-virtue-primary-light-color\"><a href=\"http:\/\/tedisouth.vn\/?portfolio=cau-ham-5\">C\u1ea7u An \u0110\u00f4ng<br>(Ninh Thu\u1eadn)<\/a><\/p>\n\n\n\n<figure class=\"wp-block-image\"><img loading=\"lazy\" decoding=\"async\" width=\"1024\" height=\"680\" src=\"http:\/\/tedisouth.vn\/wp-content\/uploads\/2019\/08\/cau-vao-den-Le-Duan-2-1024x680.jpg\" alt=\"\" class=\"wp-image-453\" srcset=\"http:\/\/tedisouth.vn\/wp-content\/uploads\/2019\/08\/cau-vao-den-Le-Duan-2.jpg 1024w, http:\/\/tedisouth.vn\/wp-content\/uploads\/2019\/08\/cau-vao-den-Le-Duan-2-300x199.jpg 300w, http:\/\/tedisouth.vn\/wp-content\/uploads\/2019\/08\/cau-vao-den-Le-Duan-2-768x510.jpg 768w\" sizes=\"(max-width: 1024px) 100vw, 1024px\" \/><\/figure>\n\n\n\n<p style=\"font-size:15px;text-align:center\" class=\"has-text-color has-virtue-primary-light-color\">C\u1ea7u v\u00e0o \u0111\u1ec1n c\u1ed1 TBT L\u00ea Du\u1ea9n<br>(H\u00e0 T\u1ec9nh)<\/p>\n\n\n\n<figure class=\"wp-block-image\"><a href=\"http:\/\/tedisouth.vn\/?portfolio=cau-ham-8-6\"><img loading=\"lazy\" decoding=\"async\" width=\"1024\" height=\"680\" src=\"http:\/\/tedisouth.vn\/wp-content\/uploads\/2019\/08\/cau-My-Thanh-1-1024x680.jpg\" alt=\"\" class=\"wp-image-688\" srcset=\"http:\/\/tedisouth.vn\/wp-content\/uploads\/2019\/08\/cau-My-Thanh-1.jpg 1024w, http:\/\/tedisouth.vn\/wp-content\/uploads\/2019\/08\/cau-My-Thanh-1-300x199.jpg 300w, http:\/\/tedisouth.vn\/wp-content\/uploads\/2019\/08\/cau-My-Thanh-1-768x510.jpg 768w, http:\/\/tedisouth.vn\/wp-content\/uploads\/2019\/08\/cau-My-Thanh-1-678x450.jpg 678w\" sizes=\"(max-width: 1024px) 100vw, 1024px\" \/><\/a><\/figure>\n\n\n\n<p style=\"font-size:15px;text-align:center\" class=\"has-text-color has-virtue-primary-light-color\"><a href=\"http:\/\/tedisouth.vn\/?portfolio=cau-ham-8-6\">C\u1ea7u M\u1ef9 Thanh<br>(S\u00f3c Tr\u0103ng)<\/a><\/p>\n<\/div>\n\n\n\n<div class=\"wp-block-column is-layout-flow wp-block-column-is-layout-flow\">\n<figure class=\"wp-block-image\"><a href=\"http:\/\/tedisouth.vn\/?portfolio=cau-ham-3\"><img loading=\"lazy\" decoding=\"async\" width=\"1024\" height=\"680\" src=\"http:\/\/tedisouth.vn\/wp-content\/uploads\/2019\/08\/cau-Vinh-Thinh-1-1024x680.jpg\" alt=\"\" class=\"wp-image-100\" srcset=\"http:\/\/tedisouth.vn\/wp-content\/uploads\/2019\/08\/cau-Vinh-Thinh-1.jpg 1024w, http:\/\/tedisouth.vn\/wp-content\/uploads\/2019\/08\/cau-Vinh-Thinh-1-300x199.jpg 300w, http:\/\/tedisouth.vn\/wp-content\/uploads\/2019\/08\/cau-Vinh-Thinh-1-768x510.jpg 768w\" sizes=\"(max-width: 1024px) 100vw, 1024px\" \/><\/a><\/figure>\n\n\n\n<p style=\"font-size:15px;text-align:center\" class=\"has-text-color has-virtue-primary-light-color\"><a href=\"http:\/\/tedisouth.vn\/?portfolio=cau-ham-3\">C\u1ea7u V\u0129nh Th\u1ecbnh<br>(H\u00e0 N\u1ed9i &#8211; V\u0129nh Ph\u00fac)<\/a><\/p>\n\n\n\n<figure class=\"wp-block-image\"><a href=\"http:\/\/tedisouth.vn\/?portfolio=cau-ham-8-3\"><img loading=\"lazy\" decoding=\"async\" width=\"1024\" height=\"680\" src=\"http:\/\/tedisouth.vn\/wp-content\/uploads\/2019\/08\/Cau-Can-Tho-1-1024x680.jpg\" alt=\"\" class=\"wp-image-438\" srcset=\"http:\/\/tedisouth.vn\/wp-content\/uploads\/2019\/08\/Cau-Can-Tho-1.jpg 1024w, http:\/\/tedisouth.vn\/wp-content\/uploads\/2019\/08\/Cau-Can-Tho-1-300x199.jpg 300w, http:\/\/tedisouth.vn\/wp-content\/uploads\/2019\/08\/Cau-Can-Tho-1-768x510.jpg 768w\" sizes=\"(max-width: 1024px) 100vw, 1024px\" \/><\/a><\/figure>\n\n\n\n<p style=\"font-size:15px;text-align:center\" class=\"has-text-color has-virtue-primary-light-color\"><a href=\"http:\/\/tedisouth.vn\/?portfolio=cau-ham-8-3\">C\u1ea7u C\u1ea7n Th\u01a1<br>(C\u1ea7n Th\u01a1)<\/a><\/p>\n\n\n\n<figure class=\"wp-block-image\"><a href=\"http:\/\/tedisouth.vn\/?portfolio=cau-ham-6\"><img loading=\"lazy\" decoding=\"async\" width=\"1024\" height=\"680\" src=\"http:\/\/tedisouth.vn\/wp-content\/uploads\/2019\/08\/Cau-Nguyen-Van-Cu-1-1024x680.jpg\" alt=\"\" class=\"wp-image-455\" srcset=\"http:\/\/tedisouth.vn\/wp-content\/uploads\/2019\/08\/Cau-Nguyen-Van-Cu-1.jpg 1024w, http:\/\/tedisouth.vn\/wp-content\/uploads\/2019\/08\/Cau-Nguyen-Van-Cu-1-300x199.jpg 300w, http:\/\/tedisouth.vn\/wp-content\/uploads\/2019\/08\/Cau-Nguyen-Van-Cu-1-768x510.jpg 768w, http:\/\/tedisouth.vn\/wp-content\/uploads\/2019\/08\/Cau-Nguyen-Van-Cu-1-678x450.jpg 678w\" sizes=\"(max-width: 1024px) 100vw, 1024px\" \/><\/a><\/figure>\n\n\n\n<p style=\"font-size:15px;text-align:center\" class=\"has-text-color has-virtue-primary-light-color\"><a href=\"http:\/\/tedisouth.vn\/?portfolio=cau-ham-6\">C\u1ea7u Nguy\u1ec5n V\u0103n C\u1eeb<br>(TP. H\u1ed3 Ch\u00ed Minh)<\/a><\/p>\n\n\n\n<figure class=\"wp-block-image\"><a href=\"http:\/\/tedisouth.vn\/?portfolio=cau-ham-8-7\"><img loading=\"lazy\" decoding=\"async\" width=\"1024\" height=\"680\" src=\"http:\/\/tedisouth.vn\/wp-content\/uploads\/2019\/08\/Cau-Kenh-Te-3-1024x680.jpg\" alt=\"\" class=\"wp-image-462\" srcset=\"http:\/\/tedisouth.vn\/wp-content\/uploads\/2019\/08\/Cau-Kenh-Te-3.jpg 1024w, http:\/\/tedisouth.vn\/wp-content\/uploads\/2019\/08\/Cau-Kenh-Te-3-300x199.jpg 300w, http:\/\/tedisouth.vn\/wp-content\/uploads\/2019\/08\/Cau-Kenh-Te-3-768x510.jpg 768w\" sizes=\"(max-width: 1024px) 100vw, 1024px\" \/><\/a><\/figure>\n\n\n\n<p style=\"font-size:15px;text-align:center\" class=\"has-text-color has-virtue-primary-light-color\"><a href=\"http:\/\/tedisouth.vn\/?portfolio=cau-ham-8-7\">C\u1ea7u K\u00eanh T\u1ebb<br>(TP. H\u1ed3 Ch\u00ed Minh)<\/a><\/p>\n<\/div>\n\n\n\n<div class=\"wp-block-column is-layout-flow wp-block-column-is-layout-flow\">\n<figure class=\"wp-block-image\"><img loading=\"lazy\" decoding=\"async\" width=\"1024\" height=\"680\" src=\"http:\/\/tedisouth.vn\/wp-content\/uploads\/2021\/06\/cau-NTH-8-1024x680.png\" alt=\"\" class=\"wp-image-1123\" srcset=\"http:\/\/tedisouth.vn\/wp-content\/uploads\/2021\/06\/cau-NTH-8.png 1024w, http:\/\/tedisouth.vn\/wp-content\/uploads\/2021\/06\/cau-NTH-8-300x199.png 300w, http:\/\/tedisouth.vn\/wp-content\/uploads\/2021\/06\/cau-NTH-8-768x510.png 768w\" sizes=\"(max-width: 1024px) 100vw, 1024px\" \/><\/figure>\n\n\n\n<p style=\"text-align:center\"><a href=\"http:\/\/tedisouth.vn\/?portfolio=cau-nguyen-thai-hoc\">C\u1ea7u Nguy\u1ec5n Th\u00e1i H\u1ecdc<br>(An Giang)<\/a><\/p>\n\n\n\n<figure class=\"wp-block-image\"><a href=\"http:\/\/tedisouth.vn\/?portfolio=cau-ham-4\"><img loading=\"lazy\" decoding=\"async\" width=\"1024\" height=\"680\" src=\"http:\/\/tedisouth.vn\/wp-content\/uploads\/2019\/08\/cau-Ghenh-1-1024x680.jpg\" alt=\"\" class=\"wp-image-411\" srcset=\"http:\/\/tedisouth.vn\/wp-content\/uploads\/2019\/08\/cau-Ghenh-1.jpg 1024w, http:\/\/tedisouth.vn\/wp-content\/uploads\/2019\/08\/cau-Ghenh-1-300x199.jpg 300w, http:\/\/tedisouth.vn\/wp-content\/uploads\/2019\/08\/cau-Ghenh-1-768x510.jpg 768w\" sizes=\"(max-width: 1024px) 100vw, 1024px\" \/><\/a><\/figure>\n\n\n\n<p style=\"font-size:15px;text-align:center\" class=\"has-text-color has-virtue-primary-light-color\"><a href=\"http:\/\/tedisouth.vn\/?portfolio=cau-ham-4\">C\u1ea7u Gh\u1ec1nh<br>(\u0110\u1ed3ng Nai)<\/a><\/p>\n\n\n\n<figure class=\"wp-block-image\"><a href=\"http:\/\/tedisouth.vn\/?portfolio=cau-ham-8-2\"><img loading=\"lazy\" decoding=\"async\" width=\"1024\" height=\"680\" src=\"http:\/\/tedisouth.vn\/wp-content\/uploads\/2019\/08\/cau-Long-Binh-3-1024x680.jpg\" alt=\"\" class=\"wp-image-364\" srcset=\"http:\/\/tedisouth.vn\/wp-content\/uploads\/2019\/08\/cau-Long-Binh-3.jpg 1024w, http:\/\/tedisouth.vn\/wp-content\/uploads\/2019\/08\/cau-Long-Binh-3-300x199.jpg 300w, http:\/\/tedisouth.vn\/wp-content\/uploads\/2019\/08\/cau-Long-Binh-3-768x510.jpg 768w\" sizes=\"(max-width: 1024px) 100vw, 1024px\" \/><\/a><\/figure>\n\n\n\n<p style=\"font-size:15px;text-align:center\" class=\"has-text-color has-virtue-primary-light-color\"><a href=\"http:\/\/tedisouth.vn\/?portfolio=cau-ham-7\">C\u1ea7u Long B\u00ecnh &#8211; Chrey Thom<br>(An Giang &#8211; Campuchia)<\/a><\/p>\n\n\n\n<figure class=\"wp-block-image\"><a href=\"http:\/\/tedisouth.vn\/?portfolio=cau-ham-8-4\"><img loading=\"lazy\" decoding=\"async\" width=\"1024\" height=\"680\" src=\"http:\/\/tedisouth.vn\/wp-content\/uploads\/2019\/08\/cau-Hung-Vuong-4-1024x680.jpg\" alt=\"\" class=\"wp-image-444\" srcset=\"http:\/\/tedisouth.vn\/wp-content\/uploads\/2019\/08\/cau-Hung-Vuong-4.jpg 1024w, http:\/\/tedisouth.vn\/wp-content\/uploads\/2019\/08\/cau-Hung-Vuong-4-300x199.jpg 300w, http:\/\/tedisouth.vn\/wp-content\/uploads\/2019\/08\/cau-Hung-Vuong-4-768x510.jpg 768w, http:\/\/tedisouth.vn\/wp-content\/uploads\/2019\/08\/cau-Hung-Vuong-4-678x450.jpg 678w\" sizes=\"(max-width: 1024px) 100vw, 1024px\" \/><\/a><\/figure>\n\n\n\n<p style=\"font-size:15px;text-align:center\" class=\"has-text-color has-virtue-primary-light-color\"> <a href=\"http:\/\/tedisouth.vn\/?portfolio=cau-ham-8-4\">C\u1ea7u H\u00f9ng V\u01b0\u01a1ng<br>(Ph\u00fa Y\u00ean) <\/a><\/p>\n<\/div>\n\n\n\n<div class=\"wp-block-column is-layout-flow wp-block-column-is-layout-flow\">\n<figure class=\"wp-block-image\"><a href=\"http:\/\/tedisouth.vn\/?portfolio=duong-bo-2\"><img loading=\"lazy\" decoding=\"async\" width=\"1024\" height=\"680\" src=\"http:\/\/tedisouth.vn\/wp-content\/uploads\/2019\/08\/linh-vuc-kinh-doanh-tvgs-1024x680.jpg\" alt=\"\" class=\"wp-image-305\" srcset=\"http:\/\/tedisouth.vn\/wp-content\/uploads\/2019\/08\/linh-vuc-kinh-doanh-tvgs.jpg 1024w, http:\/\/tedisouth.vn\/wp-content\/uploads\/2019\/08\/linh-vuc-kinh-doanh-tvgs-300x199.jpg 300w, http:\/\/tedisouth.vn\/wp-content\/uploads\/2019\/08\/linh-vuc-kinh-doanh-tvgs-768x510.jpg 768w\" sizes=\"(max-width: 1024px) 100vw, 1024px\" \/><\/a><\/figure>\n\n\n\n<p style=\"font-size:15px;text-align:center\" class=\"has-text-color has-virtue-primary-light-color\"><a href=\"http:\/\/tedisouth.vn\/?portfolio=duong-bo-2\">H\u1ea7m \u0111\u01b0\u1eddng b\u1ed9 \u0110\u00e8o C\u1ea3<br>(Ph\u00fa Y\u00ean &#8211; Kh\u00e1nh H\u00f2a)<\/a><\/p>\n\n\n\n<figure class=\"wp-block-image\"><a href=\"http:\/\/tedisouth.vn\/?portfolio=cau-ham-7\"><img loading=\"lazy\" decoding=\"async\" width=\"1024\" height=\"680\" src=\"http:\/\/tedisouth.vn\/wp-content\/uploads\/2019\/08\/cau-Thu-Thiem-2-1-1024x680.jpg\" alt=\"\" class=\"wp-image-471\" srcset=\"http:\/\/tedisouth.vn\/wp-content\/uploads\/2019\/08\/cau-Thu-Thiem-2-1.jpg 1024w, http:\/\/tedisouth.vn\/wp-content\/uploads\/2019\/08\/cau-Thu-Thiem-2-1-300x199.jpg 300w, http:\/\/tedisouth.vn\/wp-content\/uploads\/2019\/08\/cau-Thu-Thiem-2-1-768x510.jpg 768w\" sizes=\"(max-width: 1024px) 100vw, 1024px\" \/><\/a><\/figure>\n\n\n\n<p style=\"font-size:15px;text-align:center\" class=\"has-text-color has-virtue-primary-light-color\"><a href=\"http:\/\/tedisouth.vn\/?portfolio=cau-ham-7\">C\u1ea7u Th\u1ee7 Thi\u00eam 2<br>(TP. H\u1ed3 Ch\u00ed Minh)<\/a><\/p>\n\n\n\n<figure class=\"wp-block-image\"><a href=\"http:\/\/tedisouth.vn\/?portfolio=cau-ham-8-5\"><img loading=\"lazy\" decoding=\"async\" width=\"1024\" height=\"680\" src=\"http:\/\/tedisouth.vn\/wp-content\/uploads\/2019\/08\/cau-Tan-Thuan2-1-1024x680.jpg\" alt=\"\" class=\"wp-image-466\" srcset=\"http:\/\/tedisouth.vn\/wp-content\/uploads\/2019\/08\/cau-Tan-Thuan2-1.jpg 1024w, http:\/\/tedisouth.vn\/wp-content\/uploads\/2019\/08\/cau-Tan-Thuan2-1-300x199.jpg 300w, http:\/\/tedisouth.vn\/wp-content\/uploads\/2019\/08\/cau-Tan-Thuan2-1-768x510.jpg 768w\" sizes=\"(max-width: 1024px) 100vw, 1024px\" \/><\/a><\/figure>\n\n\n\n<p style=\"font-size:15px;text-align:center\" class=\"has-text-color has-virtue-primary-light-color\"><a href=\"http:\/\/tedisouth.vn\/?portfolio=cau-ham-8-5\"> C\u1ea7u T\u00e2n Thu\u1eadn 2<br>(TP. H\u1ed3 Ch\u00ed Minh) <\/a><\/p>\n<\/div>\n<\/div>\n","protected":false},"excerpt":{"rendered":"<p>Tr\u1ea3i qua h\u01a1n 40 n\u0103m x\u00e2y d\u1ef1ng v\u00e0 ph\u00e1t tri\u1ec3n, TEDI SOUTH hi\u1ec7n nay \u0111ang l\u00e0 m\u1ed9t trong nh\u1eefng \u0111\u01a1n v\u1ecb T\u01b0 v\u1ea5n h\u00e0ng \u0111\u1ea7u trong l\u0129nh v\u1ef1c x\u00e2y d\u1ef1ng c\u00e1c c\u00f4ng tr\u00ecnh c\u1ee7a ng\u00e0nh GTVT \u1edf khu v\u1ef1c ph\u00eda &hellip; <a href=\"http:\/\/tedisouth.vn\/?page_id=530\">Continued<\/a><\/p>\n","protected":false},"author":1,"featured_media":0,"parent":393,"menu_order":0,"comment_status":"closed","ping_status":"closed","template":"page-fullwidth.php","meta":{"kt_blocks_editor_width":"","footnotes":""},"_links":{"self":[{"href":"http:\/\/tedisouth.vn\/index.php?rest_route=\/wp\/v2\/pages\/530"}],"collection":[{"href":"http:\/\/tedisouth.vn\/index.php?rest_route=\/wp\/v2\/pages"}],"about":[{"href":"http:\/\/tedisouth.vn\/index.php?rest_route=\/wp\/v2\/types\/page"}],"author":[{"embeddable":true,"href":"http:\/\/tedisouth.vn\/index.php?rest_route=\/wp\/v2\/users\/1"}],"replies":[{"embeddable":true,"href":"http:\/\/tedisouth.vn\/index.php?rest_route=%2Fwp%2Fv2%2Fcomments&post=530"}],"version-history":[{"count":15,"href":"http:\/\/tedisouth.vn\/index.php?rest_route=\/wp\/v2\/pages\/530\/revisions"}],"predecessor-version":[{"id":1130,"href":"http:\/\/tedisouth.vn\/index.php?rest_route=\/wp\/v2\/pages\/530\/revisions\/1130"}],"up":[{"embeddable":true,"href":"http:\/\/tedisouth.vn\/index.php?rest_route=\/wp\/v2\/pages\/393"}],"wp:attachment":[{"href":"http:\/\/tedisouth.vn\/index.php?rest_route=%2Fwp%2Fv2%2Fmedia&parent=530"}],"curies":[{"name":"wp","href":"https:\/\/api.w.org\/{rel}","templated":true}]}}