{"id":541,"date":"2019-08-13T15:28:07","date_gmt":"2019-08-13T08:28:07","guid":{"rendered":"http:\/\/tedisouth.vn\/?page_id=541"},"modified":"2019-08-13T16:10:06","modified_gmt":"2019-08-13T09:10:06","slug":"ha-tang","status":"publish","type":"page","link":"http:\/\/tedisouth.vn\/?page_id=541","title":{"rendered":"H\u1ea0 T\u1ea6NG"},"content":{"rendered":"\n<figure class=\"wp-block-image alignfull\"><img loading=\"lazy\" decoding=\"async\" width=\"1170\" height=\"300\" src=\"http:\/\/tedisouth.vn\/wp-content\/uploads\/2019\/08\/muc-du-an-tieu-bieu.jpg\" alt=\"\" class=\"wp-image-394\" srcset=\"http:\/\/tedisouth.vn\/wp-content\/uploads\/2019\/08\/muc-du-an-tieu-bieu.jpg 1170w, http:\/\/tedisouth.vn\/wp-content\/uploads\/2019\/08\/muc-du-an-tieu-bieu-300x77.jpg 300w, http:\/\/tedisouth.vn\/wp-content\/uploads\/2019\/08\/muc-du-an-tieu-bieu-768x197.jpg 768w, http:\/\/tedisouth.vn\/wp-content\/uploads\/2019\/08\/muc-du-an-tieu-bieu-1024x263.jpg 1024w\" sizes=\"(max-width: 1170px) 100vw, 1170px\" \/><\/figure>\n\n\n\n<p style=\"font-size: 16px; text-align: justify;\">Tr\u1ea3i qua h\u01a1n 40 n\u0103m x\u00e2y d\u1ef1ng v\u00e0 ph\u00e1t tri\u1ec3n, TEDI SOUTH hi\u1ec7n nay \u0111ang l\u00e0 m\u1ed9t trong nh\u1eefng \u0111\u01a1n v\u1ecb T\u01b0 v\u1ea5n h\u00e0ng \u0111\u1ea7u trong l\u0129nh v\u1ef1c x\u00e2y d\u1ef1ng c\u00e1c c\u00f4ng tr\u00ecnh c\u1ee7a ng\u00e0nh GTVT \u1edf khu v\u1ef1c ph\u00eda Nam c\u0169ng nh\u01b0 c\u1ea3 n\u01b0\u1edbc th\u1ef1c hi\u1ec7n c\u00e1c c\u00f4ng tr\u00ecnh t\u1eeb nh\u1ecf t\u1edbi l\u1edbn, t\u1eeb \u0111\u01a1n gi\u1ea3n \u0111\u1ebfn ph\u1ee9c t\u1ea1p, t\u1eeb th\u00f4 s\u01a1 \u0111\u1ebfn hi\u1ec7n \u0111\u1ea1i; c\u00f4ng tr\u00ecnh c\u00f3 m\u1eb7t \u1edf nhi\u1ec1u n\u01a1i: t\u1eeb \u0111\u1ed3ng b\u1eb1ng Nam b\u1ed9 \u0111\u1ebfn c\u00e1c \u0111\u1ea3o xa Ph\u00fa Qu\u1ed1c, C\u00f4n \u0110\u1ea3o v\u00e0 v\u00f9ng r\u1eebng n\u00fai xa x\u00f4i nh\u01b0 khu v\u1ef1c T\u00e2y Nguy\u00ean\u2026.  <\/p>\n\n\n\n<p style=\"font-size:18px;text-align:center\" class=\"has-text-color has-background has-virtue-primary-color has-very-light-gray-background-color\"><a href=\"http:\/\/tedisouth.vn\/?page_id=393\">T\u1ea5t c\u1ea3<\/a>  |  <a href=\"http:\/\/tedisouth.vn\/?page_id=530\">C\u1ea7u<\/a>  |  <a href=\"http:\/\/tedisouth.vn\/?page_id=533\">\u0110\u01b0\u1eddng b\u1ed9<\/a>  |  <a href=\"http:\/\/tedisouth.vn\/?page_id=536\">N\u00fat giao<\/a>  |  <a href=\"http:\/\/tedisouth.vn\/?page_id=538\">\u0110\u01b0\u1eddng s\u1eaft<\/a>  |  <strong>H\u1ea1 t\u1ea7ng<\/strong>  |  <a href=\"http:\/\/tedisouth.vn\/?page_id=544\">Quy ho\u1ea1ch giao th\u00f4ng<\/a><\/p>\n\n\n\n<div class=\"wp-block-columns has-4-columns is-layout-flex wp-container-core-columns-is-layout-1 wp-block-columns-is-layout-flex\">\n<div class=\"wp-block-column is-layout-flow wp-block-column-is-layout-flow\">\n<figure class=\"wp-block-image\"><img loading=\"lazy\" decoding=\"async\" width=\"1024\" height=\"680\" src=\"http:\/\/tedisouth.vn\/wp-content\/uploads\/2019\/08\/quy-hoach-6-1-1024x680.jpg\" alt=\"\" class=\"wp-image-409\" srcset=\"http:\/\/tedisouth.vn\/wp-content\/uploads\/2019\/08\/quy-hoach-6-1.jpg 1024w, http:\/\/tedisouth.vn\/wp-content\/uploads\/2019\/08\/quy-hoach-6-1-300x199.jpg 300w, http:\/\/tedisouth.vn\/wp-content\/uploads\/2019\/08\/quy-hoach-6-1-768x510.jpg 768w\" sizes=\"(max-width: 1024px) 100vw, 1024px\" \/><\/figure>\n\n\n\n<p style=\"font-size:15px;text-align:center\" class=\"has-text-color has-virtue-primary-light-color\">H\u1ea1  t\u1ea7ng khu \u0111\u00f4 th\u1ecb m\u1edbi Th\u1ee7 Thi\u00eam<br>(TP. H\u1ed3 Ch\u00ed Minh)<\/p>\n<\/div>\n\n\n\n<div class=\"wp-block-column is-layout-flow wp-block-column-is-layout-flow\">\n<p><\/p>\n<\/div>\n\n\n\n<div class=\"wp-block-column is-layout-flow wp-block-column-is-layout-flow\"><\/div>\n\n\n\n<div class=\"wp-block-column is-layout-flow wp-block-column-is-layout-flow\"><\/div>\n<\/div>\n","protected":false},"excerpt":{"rendered":"<p>Tr\u1ea3i qua h\u01a1n 40 n\u0103m x\u00e2y d\u1ef1ng v\u00e0 ph\u00e1t tri\u1ec3n, TEDI SOUTH hi\u1ec7n nay \u0111ang l\u00e0 m\u1ed9t trong nh\u1eefng \u0111\u01a1n v\u1ecb T\u01b0 v\u1ea5n h\u00e0ng \u0111\u1ea7u trong l\u0129nh v\u1ef1c x\u00e2y d\u1ef1ng c\u00e1c c\u00f4ng tr\u00ecnh c\u1ee7a ng\u00e0nh GTVT \u1edf khu v\u1ef1c ph\u00eda &hellip; <a href=\"http:\/\/tedisouth.vn\/?page_id=541\">Continued<\/a><\/p>\n","protected":false},"author":1,"featured_media":0,"parent":393,"menu_order":0,"comment_status":"closed","ping_status":"closed","template":"page-fullwidth.php","meta":{"kt_blocks_editor_width":"","footnotes":""},"_links":{"self":[{"href":"http:\/\/tedisouth.vn\/index.php?rest_route=\/wp\/v2\/pages\/541"}],"collection":[{"href":"http:\/\/tedisouth.vn\/index.php?rest_route=\/wp\/v2\/pages"}],"about":[{"href":"http:\/\/tedisouth.vn\/index.php?rest_route=\/wp\/v2\/types\/page"}],"author":[{"embeddable":true,"href":"http:\/\/tedisouth.vn\/index.php?rest_route=\/wp\/v2\/users\/1"}],"replies":[{"embeddable":true,"href":"http:\/\/tedisouth.vn\/index.php?rest_route=%2Fwp%2Fv2%2Fcomments&post=541"}],"version-history":[{"count":3,"href":"http:\/\/tedisouth.vn\/index.php?rest_route=\/wp\/v2\/pages\/541\/revisions"}],"predecessor-version":[{"id":556,"href":"http:\/\/tedisouth.vn\/index.php?rest_route=\/wp\/v2\/pages\/541\/revisions\/556"}],"up":[{"embeddable":true,"href":"http:\/\/tedisouth.vn\/index.php?rest_route=\/wp\/v2\/pages\/393"}],"wp:attachment":[{"href":"http:\/\/tedisouth.vn\/index.php?rest_route=%2Fwp%2Fv2%2Fmedia&parent=541"}],"curies":[{"name":"wp","href":"https:\/\/api.w.org\/{rel}","templated":true}]}}