{"id":562,"date":"2019-08-14T08:53:10","date_gmt":"2019-08-14T01:53:10","guid":{"rendered":"http:\/\/tedisouth.vn\/?page_id=562"},"modified":"2019-08-14T10:49:28","modified_gmt":"2019-08-14T03:49:28","slug":"khao-sat-dia-hinh","status":"publish","type":"page","link":"http:\/\/tedisouth.vn\/?page_id=562","title":{"rendered":"KH\u1ea2O S\u00c1T \u0110\u1ecaA H\u00ccNH"},"content":{"rendered":"\n<hr class=\"wp-block-separator is-style-wide\"\/>\n\n\n\n<h2 class=\"wp-block-heading\" style=\"text-align:center\"><strong>L\u0128NH V\u1ef0C KINH DOANH<\/strong><\/h2>\n\n\n\n<hr class=\"wp-block-separator is-style-wide\"\/>\n\n\n\n<p class=\"has-text-color has-medium-font-size has-virtue-primary-light-color\"><strong>KH\u1ea2O S\u00c1T \u0110\u1ecaA H\u00ccNH<\/strong><\/p>\n\n\n\n<p>Th\u1ef1c hi\u1ec7n c\u00f4ng t\u00e1c kh\u1ea3o s\u00e1t \u0111\u1ecba h\u00ecnh, th\u1ee7y v\u0103n v\u00e0 \u0111o \u0111\u1ea1c b\u1ea3n \u0111\u1ed3.<\/p>\n\n\n\n<p><strong>M\u1ed9t s\u1ed1 c\u00f4ng t\u00e1c ti\u00eau bi\u1ec3u \u0111\u00e3 th\u1ef1c hi\u1ec7n<\/strong><\/p>\n\n\n<style>.kb-gallery-id-_ebdb14-1b .kadence-blocks-gallery-item .kb-gal-image-radius, .kb-gallery-id-_ebdb14-1b .kb-slide-item .kb-gal-image-radius img{border-radius:0px 0px 0px 0px;;}.kb-gallery-id-_ebdb14-1b .kadence-blocks-gallery-item .kadence-blocks-gallery-item-inner .kadence-blocks-gallery-item__caption{font-size:16px;color:#444;}.kb-gallery-caption-style-cover-hover.kb-gallery-id-_ebdb14-1b .kadence-blocks-gallery-item .kadence-blocks-gallery-item-inner .kadence-blocks-gallery-item__caption, .kb-gallery-caption-style-below.kb-gallery-id-_ebdb14-1b .kadence-blocks-gallery-item .kadence-blocks-gallery-item-inner .kadence-blocks-gallery-item__caption{background:rgba(255, 255, 255, 0.5);}.kb-gallery-wrap-id-_ebdb14-1b.wp-block-kadence-advancedgallery{overflow:visible;}.kb-gallery-wrap-id-_ebdb14-1b.wp-block-kadence-advancedgallery .kt-blocks-carousel{overflow:visible;}<\/style>\n<div class=\"wp-block-kadence-advancedgallery\"><div class=\"kb-gallery-ul kb-gallery-type-slider kb-gallery-id-_ebdb14-1b kb-gallery-caption-style-below kb-gallery-filter-none\" data-image-filter=\"none\" data-lightbox-caption=\"true\"><div class=\"kt-blocks-carousel kt-carousel-container-dotstyle-dark\"><div class=\"kt-blocks-carousel-init kb-blocks-slider kt-carousel-arrowstyle-whiteondark kt-carousel-dotstyle-dark\" data-slider-anim-speed=\"400\" data-slider-type=\"slider\" data-slider-scroll=\"1\" data-slider-arrows=\"true\" data-slider-dots=\"true\" data-slider-hover-pause=\"false\" data-slider-auto=\"false\" data-slider-speed=\"7000\"><div class=\"kb-slide-item kb-gallery-slide-item\"><li class=\"kadence-blocks-gallery-item\"><div class=\"kadence-blocks-gallery-item-inner\"><figure class=\"kb-gallery-figure kb-has-image-ratio-inherit\"><div class=\"kb-gal-image-radius\" style=\"max-width:1024px\"><div class=\"kb-gallery-image-contain kadence-blocks-gallery-intrinsic kb-gallery-image-ratio-inherit\"><img loading=\"lazy\" decoding=\"async\" src=\"http:\/\/tedisouth.vn\/wp-content\/uploads\/2019\/08\/linh-vuc-kinh-doanh-ksdh-2-1024x680.jpg\" width=\"1024\" height=\"680\" alt=\"\" data-full-image=\"http:\/\/tedisouth.vn\/wp-content\/uploads\/2019\/08\/linh-vuc-kinh-doanh-ksdh-2.jpg\" data-light-image=\"http:\/\/tedisouth.vn\/wp-content\/uploads\/2019\/08\/linh-vuc-kinh-doanh-ksdh-2.jpg\" data-id=\"306\" data-link=\"http:\/\/tedisouth.vn\/?attachment_id=306\" class=\"wp-image-306\" srcset=\"http:\/\/tedisouth.vn\/wp-content\/uploads\/2019\/08\/linh-vuc-kinh-doanh-ksdh-2.jpg 1024w, http:\/\/tedisouth.vn\/wp-content\/uploads\/2019\/08\/linh-vuc-kinh-doanh-ksdh-2-300x199.jpg 300w, http:\/\/tedisouth.vn\/wp-content\/uploads\/2019\/08\/linh-vuc-kinh-doanh-ksdh-2-768x510.jpg 768w\" sizes=\"(max-width: 1024px) 100vw, 1024px\" \/><\/div><\/div><\/figure><\/div><\/li><\/div><div class=\"kb-slide-item kb-gallery-slide-item\"><li class=\"kadence-blocks-gallery-item\"><div class=\"kadence-blocks-gallery-item-inner\"><figure class=\"kb-gallery-figure kadence-blocks-gallery-item-has-caption kb-has-image-ratio-inherit\"><div class=\"kb-gal-image-radius\" style=\"max-width:1024px\"><div class=\"kb-gallery-image-contain kadence-blocks-gallery-intrinsic kb-gallery-image-ratio-inherit\"><img loading=\"lazy\" decoding=\"async\" src=\"http:\/\/tedisouth.vn\/wp-content\/uploads\/2019\/08\/KSDH-2-1024x680.jpg\" width=\"1024\" height=\"680\" alt=\"\" data-full-image=\"http:\/\/tedisouth.vn\/wp-content\/uploads\/2019\/08\/KSDH-2.jpg\" data-light-image=\"http:\/\/tedisouth.vn\/wp-content\/uploads\/2019\/08\/KSDH-2.jpg\" data-id=\"565\" data-link=\"http:\/\/tedisouth.vn\/?attachment_id=565\" class=\"wp-image-565\" srcset=\"http:\/\/tedisouth.vn\/wp-content\/uploads\/2019\/08\/KSDH-2.jpg 1024w, http:\/\/tedisouth.vn\/wp-content\/uploads\/2019\/08\/KSDH-2-300x199.jpg 300w, http:\/\/tedisouth.vn\/wp-content\/uploads\/2019\/08\/KSDH-2-768x510.jpg 768w\" sizes=\"(max-width: 1024px) 100vw, 1024px\" \/><\/div><\/div><figcaption class=\"kadence-blocks-gallery-item__caption\">\u0110o h\u1ed3i \u00e2m<\/figcaption><\/figure><\/div><\/li><\/div><div class=\"kb-slide-item kb-gallery-slide-item\"><li class=\"kadence-blocks-gallery-item\"><div class=\"kadence-blocks-gallery-item-inner\"><figure class=\"kb-gallery-figure kadence-blocks-gallery-item-has-caption kb-has-image-ratio-inherit\"><div class=\"kb-gal-image-radius\" style=\"max-width:1024px\"><div class=\"kb-gallery-image-contain kadence-blocks-gallery-intrinsic kb-gallery-image-ratio-inherit\"><img loading=\"lazy\" decoding=\"async\" src=\"http:\/\/tedisouth.vn\/wp-content\/uploads\/2019\/08\/Khao-sat-dia-hinh-4-1024x680.jpg\" width=\"1024\" height=\"680\" alt=\"\" data-full-image=\"http:\/\/tedisouth.vn\/wp-content\/uploads\/2019\/08\/Khao-sat-dia-hinh-4.jpg\" data-light-image=\"http:\/\/tedisouth.vn\/wp-content\/uploads\/2019\/08\/Khao-sat-dia-hinh-4.jpg\" data-id=\"590\" data-link=\"http:\/\/tedisouth.vn\/?attachment_id=590\" class=\"wp-image-590\" srcset=\"http:\/\/tedisouth.vn\/wp-content\/uploads\/2019\/08\/Khao-sat-dia-hinh-4.jpg 1024w, http:\/\/tedisouth.vn\/wp-content\/uploads\/2019\/08\/Khao-sat-dia-hinh-4-300x199.jpg 300w, http:\/\/tedisouth.vn\/wp-content\/uploads\/2019\/08\/Khao-sat-dia-hinh-4-768x510.jpg 768w\" sizes=\"(max-width: 1024px) 100vw, 1024px\" \/><\/div><\/div><figcaption class=\"kadence-blocks-gallery-item__caption\">Kh\u1ea3o s\u00e1t tuy\u1ebfn \u0111\u01b0\u1eddng s\u1eaft Nha Trang &#8211; S\u00e0i G\u00f2n <\/figcaption><\/figure><\/div><\/li><\/div><div class=\"kb-slide-item kb-gallery-slide-item\"><li class=\"kadence-blocks-gallery-item\"><div class=\"kadence-blocks-gallery-item-inner\"><figure class=\"kb-gallery-figure kadence-blocks-gallery-item-has-caption kb-has-image-ratio-inherit\"><div class=\"kb-gal-image-radius\" style=\"max-width:1024px\"><div class=\"kb-gallery-image-contain kadence-blocks-gallery-intrinsic kb-gallery-image-ratio-inherit\"><img loading=\"lazy\" decoding=\"async\" src=\"http:\/\/tedisouth.vn\/wp-content\/uploads\/2019\/08\/Khao-sat-dia-hinh-5-1024x680.jpg\" width=\"1024\" height=\"680\" alt=\"\" data-full-image=\"http:\/\/tedisouth.vn\/wp-content\/uploads\/2019\/08\/Khao-sat-dia-hinh-5.jpg\" data-light-image=\"http:\/\/tedisouth.vn\/wp-content\/uploads\/2019\/08\/Khao-sat-dia-hinh-5.jpg\" data-id=\"591\" data-link=\"http:\/\/tedisouth.vn\/?attachment_id=591\" class=\"wp-image-591\" srcset=\"http:\/\/tedisouth.vn\/wp-content\/uploads\/2019\/08\/Khao-sat-dia-hinh-5.jpg 1024w, http:\/\/tedisouth.vn\/wp-content\/uploads\/2019\/08\/Khao-sat-dia-hinh-5-300x199.jpg 300w, http:\/\/tedisouth.vn\/wp-content\/uploads\/2019\/08\/Khao-sat-dia-hinh-5-768x510.jpg 768w\" sizes=\"(max-width: 1024px) 100vw, 1024px\" \/><\/div><\/div><figcaption class=\"kadence-blocks-gallery-item__caption\">M\u1ed1c GPS tuy\u1ebfn \u0111\u01b0\u1eddng s\u1eaft Nha Trang &#8211; S\u00e0i G\u00f2n<\/figcaption><\/figure><\/div><\/li><\/div><div class=\"kb-slide-item kb-gallery-slide-item\"><li class=\"kadence-blocks-gallery-item\"><div class=\"kadence-blocks-gallery-item-inner\"><figure class=\"kb-gallery-figure kadence-blocks-gallery-item-has-caption kb-has-image-ratio-inherit\"><div class=\"kb-gal-image-radius\"><div class=\"kb-gallery-image-contain kadence-blocks-gallery-intrinsic kb-gallery-image-ratio-inherit\"><img loading=\"lazy\" decoding=\"async\" width=\"452\" height=\"680\" src=\"http:\/\/tedisouth.vn\/wp-content\/uploads\/2019\/08\/Khao-sat-dia-hinh-6.jpg\" alt=\"\" data-full-image=\"http:\/\/tedisouth.vn\/wp-content\/uploads\/2019\/08\/Khao-sat-dia-hinh-6.jpg\" data-light-image=\"http:\/\/tedisouth.vn\/wp-content\/uploads\/2019\/08\/Khao-sat-dia-hinh-6.jpg\" data-id=\"592\" data-link=\"http:\/\/tedisouth.vn\/?attachment_id=592\" class=\"wp-image-592\" srcset=\"http:\/\/tedisouth.vn\/wp-content\/uploads\/2019\/08\/Khao-sat-dia-hinh-6.jpg 452w, http:\/\/tedisouth.vn\/wp-content\/uploads\/2019\/08\/Khao-sat-dia-hinh-6-199x300.jpg 199w\" sizes=\"(max-width: 452px) 100vw, 452px\" \/><\/div><\/div><figcaption class=\"kadence-blocks-gallery-item__caption\">\u0110o GPS Hi-target V30 tuy\u1ebfn \u0111\u01b0\u1eddng s\u1eaft Nha Trang &#8211; S\u00e0i G\u00f2n<\/figcaption><\/figure><\/div><\/li><\/div><div class=\"kb-slide-item kb-gallery-slide-item\"><li class=\"kadence-blocks-gallery-item\"><div class=\"kadence-blocks-gallery-item-inner\"><figure class=\"kb-gallery-figure kadence-blocks-gallery-item-has-caption kb-has-image-ratio-inherit\"><div class=\"kb-gal-image-radius\"><div class=\"kb-gallery-image-contain kadence-blocks-gallery-intrinsic kb-gallery-image-ratio-inherit\"><img loading=\"lazy\" decoding=\"async\" width=\"452\" height=\"680\" src=\"http:\/\/tedisouth.vn\/wp-content\/uploads\/2019\/08\/dan-cao-do-hiv-9.jpg\" alt=\"\" data-full-image=\"http:\/\/tedisouth.vn\/wp-content\/uploads\/2019\/08\/dan-cao-do-hiv-9.jpg\" data-light-image=\"http:\/\/tedisouth.vn\/wp-content\/uploads\/2019\/08\/dan-cao-do-hiv-9.jpg\" data-id=\"593\" data-link=\"http:\/\/tedisouth.vn\/?attachment_id=593\" class=\"wp-image-593\" srcset=\"http:\/\/tedisouth.vn\/wp-content\/uploads\/2019\/08\/dan-cao-do-hiv-9.jpg 452w, http:\/\/tedisouth.vn\/wp-content\/uploads\/2019\/08\/dan-cao-do-hiv-9-199x300.jpg 199w\" sizes=\"(max-width: 452px) 100vw, 452px\" \/><\/div><\/div><figcaption class=\"kadence-blocks-gallery-item__caption\">D\u1eabn cao \u0111\u1ed9 h\u1ea1ng IV c\u00f4ng tr\u00ecnh khu d\u00e2n c\u01b0 H\u00f2a B\u00ecnh &#8211; \u0110\u00e0 L\u1ea1t<\/figcaption><\/figure><\/div><\/li><\/div><div class=\"kb-slide-item kb-gallery-slide-item\"><li class=\"kadence-blocks-gallery-item\"><div class=\"kadence-blocks-gallery-item-inner\"><figure class=\"kb-gallery-figure kadence-blocks-gallery-item-has-caption kb-has-image-ratio-inherit\"><div class=\"kb-gal-image-radius\"><div class=\"kb-gallery-image-contain kadence-blocks-gallery-intrinsic kb-gallery-image-ratio-inherit\"><img loading=\"lazy\" decoding=\"async\" width=\"452\" height=\"680\" src=\"http:\/\/tedisouth.vn\/wp-content\/uploads\/2019\/08\/do-GPS-noi-moc-NN_hoa-binh-dalat.jpg\" alt=\"\" data-full-image=\"http:\/\/tedisouth.vn\/wp-content\/uploads\/2019\/08\/do-GPS-noi-moc-NN_hoa-binh-dalat.jpg\" data-light-image=\"http:\/\/tedisouth.vn\/wp-content\/uploads\/2019\/08\/do-GPS-noi-moc-NN_hoa-binh-dalat.jpg\" data-id=\"594\" data-link=\"http:\/\/tedisouth.vn\/?attachment_id=594\" class=\"wp-image-594\" srcset=\"http:\/\/tedisouth.vn\/wp-content\/uploads\/2019\/08\/do-GPS-noi-moc-NN_hoa-binh-dalat.jpg 452w, http:\/\/tedisouth.vn\/wp-content\/uploads\/2019\/08\/do-GPS-noi-moc-NN_hoa-binh-dalat-199x300.jpg 199w\" sizes=\"(max-width: 452px) 100vw, 452px\" \/><\/div><\/div><figcaption class=\"kadence-blocks-gallery-item__caption\">\u0110o GPS m\u1ed1c khu d\u00e2n c\u01b0 H\u00f2a B\u00ecnh &#8211; \u0110\u00e0 L\u1ea1t<\/figcaption><\/figure><\/div><\/li><\/div><div class=\"kb-slide-item kb-gallery-slide-item\"><li class=\"kadence-blocks-gallery-item\"><div class=\"kadence-blocks-gallery-item-inner\"><figure class=\"kb-gallery-figure kadence-blocks-gallery-item-has-caption kb-has-image-ratio-inherit\"><div class=\"kb-gal-image-radius\" style=\"max-width:1024px\"><div class=\"kb-gallery-image-contain kadence-blocks-gallery-intrinsic kb-gallery-image-ratio-inherit\"><img loading=\"lazy\" decoding=\"async\" src=\"http:\/\/tedisouth.vn\/wp-content\/uploads\/2019\/08\/flycam-4-1024x680.jpeg\" width=\"1024\" height=\"680\" alt=\"\" data-full-image=\"http:\/\/tedisouth.vn\/wp-content\/uploads\/2019\/08\/flycam-4.jpeg\" data-light-image=\"http:\/\/tedisouth.vn\/wp-content\/uploads\/2019\/08\/flycam-4.jpeg\" data-id=\"595\" data-link=\"http:\/\/tedisouth.vn\/?attachment_id=595\" class=\"wp-image-595\" srcset=\"http:\/\/tedisouth.vn\/wp-content\/uploads\/2019\/08\/flycam-4.jpeg 1024w, http:\/\/tedisouth.vn\/wp-content\/uploads\/2019\/08\/flycam-4-300x199.jpeg 300w, http:\/\/tedisouth.vn\/wp-content\/uploads\/2019\/08\/flycam-4-768x510.jpeg 768w\" sizes=\"(max-width: 1024px) 100vw, 1024px\" \/><\/div><\/div><figcaption class=\"kadence-blocks-gallery-item__caption\">Chu\u1ea9n b\u1ecb Flycam Phantom 4 \u0111\u1ec3 kh\u1ea3o s\u00e1t<\/figcaption><\/figure><\/div><\/li><\/div><div class=\"kb-slide-item kb-gallery-slide-item\"><li class=\"kadence-blocks-gallery-item\"><div class=\"kadence-blocks-gallery-item-inner\"><figure class=\"kb-gallery-figure kadence-blocks-gallery-item-has-caption kb-has-image-ratio-inherit\"><div class=\"kb-gal-image-radius\" style=\"max-width:1024px\"><div class=\"kb-gallery-image-contain kadence-blocks-gallery-intrinsic kb-gallery-image-ratio-inherit\"><img loading=\"lazy\" decoding=\"async\" src=\"http:\/\/tedisouth.vn\/wp-content\/uploads\/2019\/08\/flycam1-1024x680.jpeg\" width=\"1024\" height=\"680\" alt=\"\" data-full-image=\"http:\/\/tedisouth.vn\/wp-content\/uploads\/2019\/08\/flycam1.jpeg\" data-light-image=\"http:\/\/tedisouth.vn\/wp-content\/uploads\/2019\/08\/flycam1.jpeg\" data-id=\"596\" data-link=\"http:\/\/tedisouth.vn\/?attachment_id=596\" class=\"wp-image-596\" srcset=\"http:\/\/tedisouth.vn\/wp-content\/uploads\/2019\/08\/flycam1.jpeg 1024w, http:\/\/tedisouth.vn\/wp-content\/uploads\/2019\/08\/flycam1-300x199.jpeg 300w, http:\/\/tedisouth.vn\/wp-content\/uploads\/2019\/08\/flycam1-768x510.jpeg 768w\" sizes=\"(max-width: 1024px) 100vw, 1024px\" \/><\/div><\/div><figcaption class=\"kadence-blocks-gallery-item__caption\">Flycam Phantom 4 c\u00f4ng t\u00e1c t\u1ea1i H\u1ed3 Xu\u00e2n H\u01b0\u01a1ng &#8211; \u0110\u00e0 L\u1ea1t<\/figcaption><\/figure><\/div><\/li><\/div><div class=\"kb-slide-item kb-gallery-slide-item\"><li class=\"kadence-blocks-gallery-item\"><div class=\"kadence-blocks-gallery-item-inner\"><figure class=\"kb-gallery-figure kadence-blocks-gallery-item-has-caption kb-has-image-ratio-inherit\"><div class=\"kb-gal-image-radius\"><div class=\"kb-gallery-image-contain kadence-blocks-gallery-intrinsic kb-gallery-image-ratio-inherit\"><img loading=\"lazy\" decoding=\"async\" width=\"452\" height=\"680\" src=\"http:\/\/tedisouth.vn\/wp-content\/uploads\/2019\/08\/hoi-am-_-con-duong-ds-van-don.jpg\" alt=\"\" data-full-image=\"http:\/\/tedisouth.vn\/wp-content\/uploads\/2019\/08\/hoi-am-_-con-duong-ds-van-don.jpg\" data-light-image=\"http:\/\/tedisouth.vn\/wp-content\/uploads\/2019\/08\/hoi-am-_-con-duong-ds-van-don.jpg\" data-id=\"597\" data-link=\"http:\/\/tedisouth.vn\/?attachment_id=597\" class=\"wp-image-597\" srcset=\"http:\/\/tedisouth.vn\/wp-content\/uploads\/2019\/08\/hoi-am-_-con-duong-ds-van-don.jpg 452w, http:\/\/tedisouth.vn\/wp-content\/uploads\/2019\/08\/hoi-am-_-con-duong-ds-van-don-199x300.jpg 199w\" sizes=\"(max-width: 452px) 100vw, 452px\" \/><\/div><\/div><figcaption class=\"kadence-blocks-gallery-item__caption\">\u0110o h\u1ed3i \u00e2m t\u1ea1i con \u0111\u01b0\u1eddng di s\u1ea3n V\u00e2n \u0110\u1ed3n<\/figcaption><\/figure><\/div><\/li><\/div><div class=\"kb-slide-item kb-gallery-slide-item\"><li class=\"kadence-blocks-gallery-item\"><div class=\"kadence-blocks-gallery-item-inner\"><figure class=\"kb-gallery-figure kadence-blocks-gallery-item-has-caption kb-has-image-ratio-inherit\"><div class=\"kb-gal-image-radius\" style=\"max-width:1024px\"><div class=\"kb-gallery-image-contain kadence-blocks-gallery-intrinsic kb-gallery-image-ratio-inherit\"><img loading=\"lazy\" decoding=\"async\" src=\"http:\/\/tedisouth.vn\/wp-content\/uploads\/2019\/08\/hoi-am-_conduong-dsvd4-1024x680.jpg\" width=\"1024\" height=\"680\" alt=\"\" data-full-image=\"http:\/\/tedisouth.vn\/wp-content\/uploads\/2019\/08\/hoi-am-_conduong-dsvd4.jpg\" data-light-image=\"http:\/\/tedisouth.vn\/wp-content\/uploads\/2019\/08\/hoi-am-_conduong-dsvd4.jpg\" data-id=\"598\" data-link=\"http:\/\/tedisouth.vn\/?attachment_id=598\" class=\"wp-image-598\" srcset=\"http:\/\/tedisouth.vn\/wp-content\/uploads\/2019\/08\/hoi-am-_conduong-dsvd4.jpg 1024w, http:\/\/tedisouth.vn\/wp-content\/uploads\/2019\/08\/hoi-am-_conduong-dsvd4-300x199.jpg 300w, http:\/\/tedisouth.vn\/wp-content\/uploads\/2019\/08\/hoi-am-_conduong-dsvd4-768x510.jpg 768w\" sizes=\"(max-width: 1024px) 100vw, 1024px\" \/><\/div><\/div><figcaption class=\"kadence-blocks-gallery-item__caption\">M\u00e1y \u0111o h\u1ed3i \u00e2m<\/figcaption><\/figure><\/div><\/li><\/div><div class=\"kb-slide-item kb-gallery-slide-item\"><li class=\"kadence-blocks-gallery-item\"><div class=\"kadence-blocks-gallery-item-inner\"><figure class=\"kb-gallery-figure kb-has-image-ratio-inherit\"><div class=\"kb-gal-image-radius\" style=\"max-width:1024px\"><div class=\"kb-gallery-image-contain kadence-blocks-gallery-intrinsic kb-gallery-image-ratio-inherit\"><img loading=\"lazy\" decoding=\"async\" src=\"http:\/\/tedisouth.vn\/wp-content\/uploads\/2019\/08\/hoi-am-_conduong-dsvd7-1024x680.jpg\" width=\"1024\" height=\"680\" alt=\"\" data-full-image=\"http:\/\/tedisouth.vn\/wp-content\/uploads\/2019\/08\/hoi-am-_conduong-dsvd7.jpg\" data-light-image=\"http:\/\/tedisouth.vn\/wp-content\/uploads\/2019\/08\/hoi-am-_conduong-dsvd7.jpg\" data-id=\"599\" data-link=\"http:\/\/tedisouth.vn\/?attachment_id=599\" class=\"wp-image-599\" srcset=\"http:\/\/tedisouth.vn\/wp-content\/uploads\/2019\/08\/hoi-am-_conduong-dsvd7.jpg 1024w, http:\/\/tedisouth.vn\/wp-content\/uploads\/2019\/08\/hoi-am-_conduong-dsvd7-300x199.jpg 300w, http:\/\/tedisouth.vn\/wp-content\/uploads\/2019\/08\/hoi-am-_conduong-dsvd7-768x510.jpg 768w\" sizes=\"(max-width: 1024px) 100vw, 1024px\" \/><\/div><\/div><\/figure><\/div><\/li><\/div><div class=\"kb-slide-item kb-gallery-slide-item\"><li class=\"kadence-blocks-gallery-item\"><div class=\"kadence-blocks-gallery-item-inner\"><figure class=\"kb-gallery-figure kadence-blocks-gallery-item-has-caption kb-has-image-ratio-inherit\"><div class=\"kb-gal-image-radius\"><div class=\"kb-gallery-image-contain kadence-blocks-gallery-intrinsic kb-gallery-image-ratio-inherit\"><img loading=\"lazy\" decoding=\"async\" width=\"451\" height=\"680\" src=\"http:\/\/tedisouth.vn\/wp-content\/uploads\/2019\/08\/\u0111o-thuy-van.jpg\" alt=\"\" data-full-image=\"http:\/\/tedisouth.vn\/wp-content\/uploads\/2019\/08\/\u0111o-thuy-van.jpg\" data-light-image=\"http:\/\/tedisouth.vn\/wp-content\/uploads\/2019\/08\/\u0111o-thuy-van.jpg\" data-id=\"600\" data-link=\"http:\/\/tedisouth.vn\/?attachment_id=600\" class=\"wp-image-600\" srcset=\"http:\/\/tedisouth.vn\/wp-content\/uploads\/2019\/08\/\u0111o-thuy-van.jpg 451w, http:\/\/tedisouth.vn\/wp-content\/uploads\/2019\/08\/\u0111o-thuy-van-199x300.jpg 199w\" sizes=\"(max-width: 451px) 100vw, 451px\" \/><\/div><\/div><figcaption class=\"kadence-blocks-gallery-item__caption\">\u0110o m\u1ef1c n\u01b0\u1edbc<\/figcaption><\/figure><\/div><\/li><\/div><\/div><\/div><\/div><\/div>\n\n\n\n<p><\/p>\n","protected":false},"excerpt":{"rendered":"<p>L\u0128NH V\u1ef0C KINH DOANH KH\u1ea2O S\u00c1T \u0110\u1ecaA H\u00ccNH Th\u1ef1c hi\u1ec7n c\u00f4ng t\u00e1c kh\u1ea3o s\u00e1t \u0111\u1ecba h\u00ecnh, th\u1ee7y v\u0103n v\u00e0 \u0111o \u0111\u1ea1c b\u1ea3n \u0111\u1ed3. M\u1ed9t s\u1ed1 c\u00f4ng t\u00e1c ti\u00eau bi\u1ec3u \u0111\u00e3 th\u1ef1c hi\u1ec7n<\/p>\n","protected":false},"author":1,"featured_media":0,"parent":298,"menu_order":0,"comment_status":"closed","ping_status":"closed","template":"","meta":{"kt_blocks_editor_width":"","footnotes":""},"_links":{"self":[{"href":"http:\/\/tedisouth.vn\/index.php?rest_route=\/wp\/v2\/pages\/562"}],"collection":[{"href":"http:\/\/tedisouth.vn\/index.php?rest_route=\/wp\/v2\/pages"}],"about":[{"href":"http:\/\/tedisouth.vn\/index.php?rest_route=\/wp\/v2\/types\/page"}],"author":[{"embeddable":true,"href":"http:\/\/tedisouth.vn\/index.php?rest_route=\/wp\/v2\/users\/1"}],"replies":[{"embeddable":true,"href":"http:\/\/tedisouth.vn\/index.php?rest_route=%2Fwp%2Fv2%2Fcomments&post=562"}],"version-history":[{"count":4,"href":"http:\/\/tedisouth.vn\/index.php?rest_route=\/wp\/v2\/pages\/562\/revisions"}],"predecessor-version":[{"id":601,"href":"http:\/\/tedisouth.vn\/index.php?rest_route=\/wp\/v2\/pages\/562\/revisions\/601"}],"up":[{"embeddable":true,"href":"http:\/\/tedisouth.vn\/index.php?rest_route=\/wp\/v2\/pages\/298"}],"wp:attachment":[{"href":"http:\/\/tedisouth.vn\/index.php?rest_route=%2Fwp%2Fv2%2Fmedia&parent=562"}],"curies":[{"name":"wp","href":"https:\/\/api.w.org\/{rel}","templated":true}]}}