{"id":583,"date":"2019-08-14T09:59:13","date_gmt":"2019-08-14T02:59:13","guid":{"rendered":"http:\/\/tedisouth.vn\/?page_id=583"},"modified":"2019-08-14T10:13:28","modified_gmt":"2019-08-14T03:13:28","slug":"tham-tra","status":"publish","type":"page","link":"http:\/\/tedisouth.vn\/?page_id=583","title":{"rendered":"TH\u1ea8M TRA"},"content":{"rendered":"\n<hr class=\"wp-block-separator is-style-wide\"\/>\n\n\n\n<h2 class=\"wp-block-heading\" style=\"text-align:center\"><strong>L\u0128NH V\u1ef0C KINH DOANH<\/strong><\/h2>\n\n\n\n<hr class=\"wp-block-separator is-style-wide\"\/>\n\n\n\n<p class=\"has-text-color has-medium-font-size has-virtue-primary-light-color\"><strong>TH\u1ea8M TRA<\/strong><\/p>\n\n\n\n<p>&#8211;  Th\u1ea9m tra c\u00e1c h\u1ed3 s\u01a1 b\u00e1o c\u00e1o \u0111\u1ea7u t\u01b0, d\u1ef1 \u00e1n \u0111\u1ea7u t\u01b0; th\u1ea9m tra c\u00e1c h\u1ed3 s\u01a1 thi\u1ebft k\u1ebf c\u00e1c c\u00f4ng&nbsp;&nbsp; tr\u00ecnh giao th\u00f4ng \u0111\u01b0\u1eddng s\u1eaft, \u0111\u01b0\u1eddng b\u1ed9, \u0111\u01b0\u1eddng \u0111\u00f4 th\u1ecb, c\u00f4ng tr\u00ecnh h\u1ea1 t\u1ea7ng k\u1ef9 thu\u1eadt \u0111\u00f4 th\u1ecb&nbsp; v\u00e0 \u0111\u01b0\u1eddng n\u1ed9i b\u1ed9 khu c\u00f4ng nghi\u1ec7p. <\/p>\n\n\n\n<p>&#8211; Th\u1ea9m tra t\u1ed5ng m\u1ee9c \u0111\u1ea7u t\u01b0 v\u00e0 d\u1ef1 to\u00e1n x\u00e2y d\u1ef1ng c\u00f4ng tr\u00ecnh; \u0111\u00e1nh gi\u00e1 hi\u1ec7u qu\u1ea3 \u0111\u1ea7u t\u01b0 x\u00e2y d\u1ef1ng c\u00f4ng tr\u00ecnh; l\u1eadp v\u00e0 x\u00e1c \u0111\u1ecbnh gi\u00e1 c\u00e1c g\u00f3i th\u1ea7u. <\/p>\n\n\n\n<p>&#8211; Th\u1ea9m tra b\u00e1o c\u00e1o \u0111\u00e1nh gi\u00e1 t\u00e1c \u0111\u1ed9ng m\u00f4i tr\u01b0\u1eddng chi\u1ebfn l\u01b0\u1ee3c v\u00e0 chi ti\u1ebft. <\/p>\n\n\n\n<p>&#8211; Th\u1ef1c hi\u1ec7n v\u00e0 th\u1ea9m tra c\u00f4ng t\u00e1c ki\u1ec3m \u0111\u1ecbnh \u0111\u00e1nh gi\u00e1 c\u00e1c ti\u00eau ch\u00ed ch\u1ea5t l\u01b0\u1ee3ng v\u00e0 khai th\u00e1c c\u00e1c h\u1ea1ng m\u1ee5c c\u00f4ng tr\u00ecnh x\u00e2y d\u1ef1ng m\u1edbi v\u00e0 \u0111ang s\u1eed d\u1ee5ng. <\/p>\n\n\n\n<p>&#8211; Th\u1ea9m tra h\u1ed3 s\u01a1 quy\u1ebft to\u00e1n c\u00e1c c\u00f4ng tr\u00ecnh giao th\u00f4ng: \u0111\u01b0\u1eddng s\u1eaft, \u0111\u01b0\u1eddng b\u1ed9, \u0111\u01b0\u1eddng \u0111\u00f4 th\u1ecb, c\u00f4ng tr\u00ecnh h\u1ea1 t\u1ea7ng k\u1ef9 thu\u1eadt \u0111\u00f4 th\u1ecb v\u00e0 \u0111\u01b0\u1eddng giao th\u00f4ng n\u1ed9i b\u1ed9 khu c\u00f4ng nghi\u1ec7p.<\/p>\n\n\n\n<p><strong>M\u1ed9t s\u1ed1 c\u00f4ng tr\u00ecnh ti\u00eau bi\u1ec3u \u0111\u00e3 th\u1ef1c hi\u1ec7n<\/strong><\/p>\n\n\n<style>.kb-gallery-id-_ebdb14-1b .kadence-blocks-gallery-item .kb-gal-image-radius, .kb-gallery-id-_ebdb14-1b .kb-slide-item .kb-gal-image-radius img{border-radius:0px 0px 0px 0px;;}.kb-gallery-id-_ebdb14-1b .kadence-blocks-gallery-item .kadence-blocks-gallery-item-inner .kadence-blocks-gallery-item__caption{font-size:16px;color:#444;}.kb-gallery-caption-style-cover-hover.kb-gallery-id-_ebdb14-1b .kadence-blocks-gallery-item .kadence-blocks-gallery-item-inner .kadence-blocks-gallery-item__caption, .kb-gallery-caption-style-below.kb-gallery-id-_ebdb14-1b .kadence-blocks-gallery-item .kadence-blocks-gallery-item-inner .kadence-blocks-gallery-item__caption{background:rgba(255, 255, 255, 0.5);}.kb-gallery-wrap-id-_ebdb14-1b.wp-block-kadence-advancedgallery{overflow:visible;}.kb-gallery-wrap-id-_ebdb14-1b.wp-block-kadence-advancedgallery .kt-blocks-carousel{overflow:visible;}<\/style>\n<div class=\"wp-block-kadence-advancedgallery\"><div class=\"kb-gallery-ul kb-gallery-type-slider kb-gallery-id-_ebdb14-1b kb-gallery-caption-style-below kb-gallery-filter-none\" data-image-filter=\"none\" data-lightbox-caption=\"true\"><div class=\"kt-blocks-carousel kt-carousel-container-dotstyle-dark\"><div class=\"kt-blocks-carousel-init kb-blocks-slider kt-carousel-arrowstyle-whiteondark kt-carousel-dotstyle-dark\" data-slider-anim-speed=\"400\" data-slider-type=\"slider\" data-slider-scroll=\"1\" data-slider-arrows=\"true\" data-slider-dots=\"true\" data-slider-hover-pause=\"false\" data-slider-auto=\"false\" data-slider-speed=\"7000\"><div class=\"kb-slide-item kb-gallery-slide-item\"><li class=\"kadence-blocks-gallery-item\"><div class=\"kadence-blocks-gallery-item-inner\"><figure class=\"kb-gallery-figure kadence-blocks-gallery-item-has-caption kb-has-image-ratio-inherit\"><div class=\"kb-gal-image-radius\" style=\"max-width:1024px\"><div class=\"kb-gallery-image-contain kadence-blocks-gallery-intrinsic kb-gallery-image-ratio-inherit\"><img loading=\"lazy\" decoding=\"async\" src=\"http:\/\/tedisouth.vn\/wp-content\/uploads\/2019\/08\/4-tuyen-duong-khu-do-thi-Thu-Thiem-1024x519.jpg\" width=\"1024\" height=\"519\" alt=\"\" data-full-image=\"http:\/\/tedisouth.vn\/wp-content\/uploads\/2019\/08\/4-tuyen-duong-khu-do-thi-Thu-Thiem.jpg\" data-light-image=\"http:\/\/tedisouth.vn\/wp-content\/uploads\/2019\/08\/4-tuyen-duong-khu-do-thi-Thu-Thiem.jpg\" data-id=\"381\" data-link=\"http:\/\/tedisouth.vn\/?attachment_id=381\" class=\"wp-image-381\" srcset=\"http:\/\/tedisouth.vn\/wp-content\/uploads\/2019\/08\/4-tuyen-duong-khu-do-thi-Thu-Thiem.jpg 1024w, http:\/\/tedisouth.vn\/wp-content\/uploads\/2019\/08\/4-tuyen-duong-khu-do-thi-Thu-Thiem-300x152.jpg 300w, http:\/\/tedisouth.vn\/wp-content\/uploads\/2019\/08\/4-tuyen-duong-khu-do-thi-Thu-Thiem-768x389.jpg 768w\" sizes=\"(max-width: 1024px) 100vw, 1024px\" \/><\/div><\/div><figcaption class=\"kadence-blocks-gallery-item__caption\">Th\u1ea9m tra b\u1ed1n tuy\u1ebfn \u0111\u01b0\u1eddng ch\u00ednh khu \u0111\u00f4 th\u1ecb Th\u1ee7 Thi\u00eam &#8211; TP. H\u1ed3 Ch\u00ed Minh<\/figcaption><\/figure><\/div><\/li><\/div><div class=\"kb-slide-item kb-gallery-slide-item\"><li class=\"kadence-blocks-gallery-item\"><div class=\"kadence-blocks-gallery-item-inner\"><figure class=\"kb-gallery-figure kadence-blocks-gallery-item-has-caption kb-has-image-ratio-inherit\"><div class=\"kb-gal-image-radius\" style=\"max-width:1024px\"><div class=\"kb-gallery-image-contain kadence-blocks-gallery-intrinsic kb-gallery-image-ratio-inherit\"><img loading=\"lazy\" decoding=\"async\" src=\"http:\/\/tedisouth.vn\/wp-content\/uploads\/2019\/08\/tham-dinh-1-1024x584.jpg\" width=\"1024\" height=\"584\" alt=\"\" data-full-image=\"http:\/\/tedisouth.vn\/wp-content\/uploads\/2019\/08\/tham-dinh-1.jpg\" data-light-image=\"http:\/\/tedisouth.vn\/wp-content\/uploads\/2019\/08\/tham-dinh-1.jpg\" data-id=\"588\" data-link=\"http:\/\/tedisouth.vn\/?attachment_id=588\" class=\"wp-image-588\" srcset=\"http:\/\/tedisouth.vn\/wp-content\/uploads\/2019\/08\/tham-dinh-1-1024x584.jpg 1024w, http:\/\/tedisouth.vn\/wp-content\/uploads\/2019\/08\/tham-dinh-1-300x171.jpg 300w, http:\/\/tedisouth.vn\/wp-content\/uploads\/2019\/08\/tham-dinh-1-768x438.jpg 768w, http:\/\/tedisouth.vn\/wp-content\/uploads\/2019\/08\/tham-dinh-1.jpg 1193w\" sizes=\"(max-width: 1024px) 100vw, 1024px\" \/><\/div><\/div><figcaption class=\"kadence-blocks-gallery-item__caption\">Th\u1ea9m tra b\u1ed1n tuy\u1ebfn \u0111\u01b0\u1eddng ch\u00ednh khu \u0111\u00f4 th\u1ecb m\u1edbi Th\u1ee7 Thi\u00eam &#8211; TP. H\u1ed3 Ch\u00ed Minh<\/figcaption><\/figure><\/div><\/li><\/div><\/div><\/div><\/div><\/div>\n\n\n\n<p><\/p>\n","protected":false},"excerpt":{"rendered":"<p>L\u0128NH V\u1ef0C KINH DOANH TH\u1ea8M TRA &#8211; Th\u1ea9m tra c\u00e1c h\u1ed3 s\u01a1 b\u00e1o c\u00e1o \u0111\u1ea7u t\u01b0, d\u1ef1 \u00e1n \u0111\u1ea7u t\u01b0; th\u1ea9m tra c\u00e1c h\u1ed3 s\u01a1 thi\u1ebft k\u1ebf c\u00e1c c\u00f4ng&nbsp;&nbsp; tr\u00ecnh giao th\u00f4ng \u0111\u01b0\u1eddng s\u1eaft, \u0111\u01b0\u1eddng b\u1ed9, \u0111\u01b0\u1eddng \u0111\u00f4 th\u1ecb, c\u00f4ng &hellip; <a href=\"http:\/\/tedisouth.vn\/?page_id=583\">Continued<\/a><\/p>\n","protected":false},"author":1,"featured_media":0,"parent":298,"menu_order":0,"comment_status":"closed","ping_status":"closed","template":"","meta":{"kt_blocks_editor_width":"","footnotes":""},"_links":{"self":[{"href":"http:\/\/tedisouth.vn\/index.php?rest_route=\/wp\/v2\/pages\/583"}],"collection":[{"href":"http:\/\/tedisouth.vn\/index.php?rest_route=\/wp\/v2\/pages"}],"about":[{"href":"http:\/\/tedisouth.vn\/index.php?rest_route=\/wp\/v2\/types\/page"}],"author":[{"embeddable":true,"href":"http:\/\/tedisouth.vn\/index.php?rest_route=\/wp\/v2\/users\/1"}],"replies":[{"embeddable":true,"href":"http:\/\/tedisouth.vn\/index.php?rest_route=%2Fwp%2Fv2%2Fcomments&post=583"}],"version-history":[{"count":3,"href":"http:\/\/tedisouth.vn\/index.php?rest_route=\/wp\/v2\/pages\/583\/revisions"}],"predecessor-version":[{"id":589,"href":"http:\/\/tedisouth.vn\/index.php?rest_route=\/wp\/v2\/pages\/583\/revisions\/589"}],"up":[{"embeddable":true,"href":"http:\/\/tedisouth.vn\/index.php?rest_route=\/wp\/v2\/pages\/298"}],"wp:attachment":[{"href":"http:\/\/tedisouth.vn\/index.php?rest_route=%2Fwp%2Fv2%2Fmedia&parent=583"}],"curies":[{"name":"wp","href":"https:\/\/api.w.org\/{rel}","templated":true}]}}