{"id":706,"date":"2019-08-16T13:41:24","date_gmt":"2019-08-16T06:41:24","guid":{"rendered":"http:\/\/tedisouth.vn\/?page_id=706"},"modified":"2019-08-16T15:46:25","modified_gmt":"2019-08-16T08:46:25","slug":"quan-he-co-dong","status":"publish","type":"page","link":"http:\/\/tedisouth.vn\/?page_id=706","title":{"rendered":"QUAN H\u1ec6 C\u1ed4 \u0110\u00d4NG"},"content":{"rendered":"\n<p style=\"font-size:18px\" class=\"has-text-color has-very-dark-gray-color\"><strong>TH\u00d4NG TIN C\u1ed4 \u0110\u00d4NG<\/strong><\/p>\n\n\n<ul class=\"wp-block-latest-posts__list has-dates wp-block-latest-posts\"><li><a class=\"wp-block-latest-posts__post-title\" href=\"http:\/\/tedisouth.vn\/?p=1853\">Th\u00f4ng b\u00e1o tr\u1ea3 c\u1ed5 t\u1ee9c \u0111\u1ee3t 2 n\u0103m 2025<\/a><time datetime=\"2026-04-25T12:00:55+07:00\" class=\"wp-block-latest-posts__post-date\">25\/04\/2026<\/time><\/li>\n<li><a class=\"wp-block-latest-posts__post-title\" href=\"http:\/\/tedisouth.vn\/?p=1827\">Th\u00f4ng b\u00e1o tr\u1ea3 c\u1ed5 t\u1ee9c \u0111\u1ee3t 2 n\u0103m 2025<\/a><time datetime=\"2026-01-28T18:34:46+07:00\" class=\"wp-block-latest-posts__post-date\">28\/01\/2026<\/time><\/li>\n<li><a class=\"wp-block-latest-posts__post-title\" href=\"http:\/\/tedisouth.vn\/?p=1809\">Th\u00f4ng b\u00e1o tr\u1ea3 c\u1ed5 t\u1ee9c \u0111\u1ee3t 1 n\u0103m 2025<\/a><time datetime=\"2025-12-16T07:40:36+07:00\" class=\"wp-block-latest-posts__post-date\">16\/12\/2025<\/time><\/li>\n<li><a class=\"wp-block-latest-posts__post-title\" href=\"http:\/\/tedisouth.vn\/?p=1781\">Th\u00f4ng b\u00e1o tr\u1ea3 c\u1ed5 t\u1ee9c \u0111\u1ee3t 2 n\u0103m 2024<\/a><time datetime=\"2025-07-21T08:30:37+07:00\" class=\"wp-block-latest-posts__post-date\">21\/07\/2025<\/time><\/li>\n<li><a class=\"wp-block-latest-posts__post-title\" href=\"http:\/\/tedisouth.vn\/?p=1657\">Th\u00f4ng b\u00e1o tr\u1ea3 c\u1ed5 t\u1ee9c \u0111\u1ee3t 1 n\u0103m 2024<\/a><time datetime=\"2024-12-11T14:55:34+07:00\" class=\"wp-block-latest-posts__post-date\">11\/12\/2024<\/time><\/li>\n<\/ul>\n\n\n<hr class=\"wp-block-separator is-style-wide\"\/>\n\n\n\n<p style=\"font-size:18px\" class=\"has-text-color has-very-dark-gray-color\"><strong>B\u00c1O C\u00c1O T\u00c0I CH\u00cdNH<\/strong><\/p>\n\n\n<ul class=\"wp-block-latest-posts__list has-dates wp-block-latest-posts\"><li><a class=\"wp-block-latest-posts__post-title\" href=\"http:\/\/tedisouth.vn\/?p=1839\">B\u00e1o c\u00e1o ki\u1ec3m to\u00e1n n\u0103m 2025<\/a><time datetime=\"2026-04-04T07:57:12+07:00\" class=\"wp-block-latest-posts__post-date\">04\/04\/2026<\/time><\/li>\n<li><a class=\"wp-block-latest-posts__post-title\" href=\"http:\/\/tedisouth.vn\/?p=1771\">B\u00e1o c\u00e1o ki\u1ec3m to\u00e1n n\u0103m 2024<\/a><time datetime=\"2025-04-29T10:28:13+07:00\" class=\"wp-block-latest-posts__post-date\">29\/04\/2025<\/time><\/li>\n<li><a class=\"wp-block-latest-posts__post-title\" href=\"http:\/\/tedisouth.vn\/?p=1417\">B\u00e1o c\u00e1o ki\u1ec3m to\u00e1n n\u0103m 2023<\/a><time datetime=\"2024-04-01T14:04:47+07:00\" class=\"wp-block-latest-posts__post-date\">01\/04\/2024<\/time><\/li>\n<li><a class=\"wp-block-latest-posts__post-title\" href=\"http:\/\/tedisouth.vn\/?p=1390\">B\u00e1o c\u00e1o ki\u1ec3m to\u00e1n n\u0103m 2022<\/a><time datetime=\"2023-05-19T14:34:56+07:00\" class=\"wp-block-latest-posts__post-date\">19\/05\/2023<\/time><\/li>\n<li><a class=\"wp-block-latest-posts__post-title\" href=\"http:\/\/tedisouth.vn\/?p=1341\">B\u00e1o c\u00e1o ki\u1ec3m to\u00e1n n\u0103m 2021<\/a><time datetime=\"2022-04-21T15:48:29+07:00\" class=\"wp-block-latest-posts__post-date\">21\/04\/2022<\/time><\/li>\n<\/ul>\n\n\n<hr class=\"wp-block-separator is-style-wide\"\/>\n\n\n\n<p style=\"font-size:18px\" class=\"has-text-color has-very-dark-gray-color\"><strong>\u0110\u1ea0I H\u1ed8I \u0110\u1ed2NG C\u1ed4 \u0110\u00d4NG TH\u01af\u1edcNG NI\u00caN<\/strong><\/p>\n\n\n<ul class=\"wp-block-latest-posts__list has-dates wp-block-latest-posts\"><li><a class=\"wp-block-latest-posts__post-title\" href=\"http:\/\/tedisouth.vn\/?p=1831\">Th\u00f4ng b\u00e1o m\u1eddi h\u1ecdp \u0110\u1ea1i h\u1ed9i \u0111\u1ed3ng C\u1ed5 \u0111\u00f4ng th\u01b0\u1eddng ni\u00ean n\u0103m 2026<\/a><time datetime=\"2026-04-04T07:53:48+07:00\" class=\"wp-block-latest-posts__post-date\">04\/04\/2026<\/time><\/li>\n<li><a class=\"wp-block-latest-posts__post-title\" href=\"http:\/\/tedisouth.vn\/?p=1776\">Ngh\u1ecb quy\u1ebft \u0110\u1ea1i h\u1ed9i C\u1ed5 \u0111\u00f4ng th\u01b0\u1eddng ni\u00ean n\u0103m 2025<\/a><time datetime=\"2025-05-12T13:36:33+07:00\" class=\"wp-block-latest-posts__post-date\">12\/05\/2025<\/time><\/li>\n<li><a class=\"wp-block-latest-posts__post-title\" href=\"http:\/\/tedisouth.vn\/?p=1763\">Th\u00f4ng b\u00e1o m\u1eddi h\u1ecdp \u0110\u1ea1i h\u1ed9i \u0111\u1ed3ng C\u1ed5 \u0111\u00f4ng th\u01b0\u1eddng ni\u00ean n\u0103m 2025<\/a><time datetime=\"2025-04-25T10:20:59+07:00\" class=\"wp-block-latest-posts__post-date\">25\/04\/2025<\/time><\/li>\n<li><a class=\"wp-block-latest-posts__post-title\" href=\"http:\/\/tedisouth.vn\/?p=1493\">Ngh\u1ecb quy\u1ebft \u0110\u1ea1i h\u1ed9i C\u1ed5 \u0111\u00f4ng th\u01b0\u1eddng ni\u00ean n\u0103m 2024<\/a><time datetime=\"2024-05-20T09:48:34+07:00\" class=\"wp-block-latest-posts__post-date\">20\/05\/2024<\/time><\/li>\n<li><a class=\"wp-block-latest-posts__post-title\" href=\"http:\/\/tedisouth.vn\/?p=1458\">Th\u00f4ng b\u00e1o thay \u0111\u1ed5i l\u1ecbch h\u1ecdp \u0110\u1ea1i h\u1ed9i \u0111\u1ed3ng C\u1ed5 \u0111\u00f4ng th\u01b0\u1eddng ni\u00ean n\u0103m 2024<\/a><time datetime=\"2024-05-03T09:52:39+07:00\" class=\"wp-block-latest-posts__post-date\">03\/05\/2024<\/time><\/li>\n<\/ul>\n\n\n<hr class=\"wp-block-separator is-style-wide\"\/>\n\n\n\n<p><\/p>\n","protected":false},"excerpt":{"rendered":"<p>TH\u00d4NG TIN C\u1ed4 \u0110\u00d4NG B\u00c1O C\u00c1O T\u00c0I CH\u00cdNH \u0110\u1ea0I H\u1ed8I \u0110\u1ed2NG C\u1ed4 \u0110\u00d4NG TH\u01af\u1edcNG NI\u00caN<\/p>\n","protected":false},"author":1,"featured_media":0,"parent":0,"menu_order":0,"comment_status":"closed","ping_status":"closed","template":"","meta":{"kt_blocks_editor_width":"","footnotes":""},"_links":{"self":[{"href":"http:\/\/tedisouth.vn\/index.php?rest_route=\/wp\/v2\/pages\/706"}],"collection":[{"href":"http:\/\/tedisouth.vn\/index.php?rest_route=\/wp\/v2\/pages"}],"about":[{"href":"http:\/\/tedisouth.vn\/index.php?rest_route=\/wp\/v2\/types\/page"}],"author":[{"embeddable":true,"href":"http:\/\/tedisouth.vn\/index.php?rest_route=\/wp\/v2\/users\/1"}],"replies":[{"embeddable":true,"href":"http:\/\/tedisouth.vn\/index.php?rest_route=%2Fwp%2Fv2%2Fcomments&post=706"}],"version-history":[{"count":8,"href":"http:\/\/tedisouth.vn\/index.php?rest_route=\/wp\/v2\/pages\/706\/revisions"}],"predecessor-version":[{"id":719,"href":"http:\/\/tedisouth.vn\/index.php?rest_route=\/wp\/v2\/pages\/706\/revisions\/719"}],"wp:attachment":[{"href":"http:\/\/tedisouth.vn\/index.php?rest_route=%2Fwp%2Fv2%2Fmedia&parent=706"}],"curies":[{"name":"wp","href":"https:\/\/api.w.org\/{rel}","templated":true}]}}