{"id":92,"date":"2019-08-08T10:12:52","date_gmt":"2019-08-08T03:12:52","guid":{"rendered":"http:\/\/tedisouth.vn\/?page_id=92"},"modified":"2019-08-08T13:53:35","modified_gmt":"2019-08-08T06:53:35","slug":"gioi-thieu","status":"publish","type":"page","link":"http:\/\/tedisouth.vn\/?page_id=92","title":{"rendered":"Gi\u1edbi thi\u1ec7u"},"content":{"rendered":"\n<hr class=\"wp-block-separator is-style-wide\"\/>\n\n\n\n<h2 class=\"wp-block-heading\" style=\"text-align:center\"><strong>Gi\u1edbi thi\u1ec7u<\/strong><\/h2>\n\n\n\n<hr class=\"wp-block-separator is-style-wide\"\/>\n\n\n<style>#kt-layout-id_b7e121-35 > .kt-row-column-wrap{align-content:center;}:where(#kt-layout-id_b7e121-35 > .kt-row-column-wrap) > .wp-block-kadence-column{justify-content:center;}#kt-layout-id_b7e121-35 > .kt-row-column-wrap{column-gap:var(--global-kb-gap-md, 2rem);row-gap:var(--global-kb-gap-md, 2rem);padding-top:var( --global-kb-row-default-top, 25px );padding-bottom:var( --global-kb-row-default-bottom, 25px );padding-top:0px;grid-template-columns:minmax(0, 1fr);}#kt-layout-id_b7e121-35 > .kt-row-layout-overlay{opacity:0.30;}@media all and (max-width: 1024px){#kt-layout-id_b7e121-35 > .kt-row-column-wrap{grid-template-columns:minmax(0, 1fr);}}@media all and (max-width: 767px){#kt-layout-id_b7e121-35 > .kt-row-column-wrap{grid-template-columns:minmax(0, 1fr);}}<\/style>\n<div class=\"wp-block-kadence-rowlayout alignnone\"><div id=\"kt-layout-id_b7e121-35\" class=\"kt-row-layout-inner  kt-layout-id_b7e121-35\"><div class=\"kt-row-column-wrap kt-has-1-columns kt-gutter-default kt-v-gutter-default kt-row-valign-middle kt-row-layout-equal kt-tab-layout-inherit kt-m-colapse-left-to-right kt-mobile-layout-row\"><style>.kadence-column_20c851-b7 > .kt-inside-inner-col{border-top-width:0px;border-right-width:0px;border-bottom-width:0px;border-left-width:0px;}.kadence-column_20c851-b7 > .kt-inside-inner-col,.kadence-column_20c851-b7 > .kt-inside-inner-col:before{border-top-left-radius:0px;border-top-right-radius:0px;border-bottom-right-radius:0px;border-bottom-left-radius:0px;}.kadence-column_20c851-b7 > .kt-inside-inner-col{column-gap:var(--global-kb-gap-sm, 1rem);}.kadence-column_20c851-b7 > .kt-inside-inner-col{flex-direction:column;}.kadence-column_20c851-b7 > .kt-inside-inner-col > .aligncenter{width:100%;}.kadence-column_20c851-b7 > .kt-inside-inner-col:before{opacity:0.3;}.kadence-column_20c851-b7{position:relative;}@media all and (max-width: 1024px){.kadence-column_20c851-b7 > .kt-inside-inner-col{flex-direction:column;justify-content:center;}}@media all and (max-width: 767px){.kadence-column_20c851-b7 > .kt-inside-inner-col{flex-direction:column;justify-content:center;}}<\/style>\n<div class=\"wp-block-kadence-column inner-column-1 kadence-column_20c851-b7\"><div class=\"kt-inside-inner-col\"><style>#kt-layout-id_5ef2f5-55 > .kt-row-column-wrap{align-content:start;}:where(#kt-layout-id_5ef2f5-55 > .kt-row-column-wrap) > .wp-block-kadence-column{justify-content:start;}#kt-layout-id_5ef2f5-55 > .kt-row-column-wrap{column-gap:var(--global-kb-gap-md, 2rem);row-gap:var(--global-kb-gap-md, 2rem);padding-top:var( --global-kb-row-default-top, 25px );padding-bottom:var( --global-kb-row-default-bottom, 25px );padding-top:0px;grid-template-columns:minmax(0, 1fr);}#kt-layout-id_5ef2f5-55 > .kt-row-layout-overlay{opacity:0.30;}@media all and (max-width: 1024px){#kt-layout-id_5ef2f5-55 > .kt-row-column-wrap{grid-template-columns:minmax(0, 1fr);}}@media all and (max-width: 767px){#kt-layout-id_5ef2f5-55 > .kt-row-column-wrap{grid-template-columns:minmax(0, 1fr);}}<\/style>\n<div class=\"wp-block-kadence-rowlayout alignnone\"><div id=\"kt-layout-id_5ef2f5-55\" class=\"kt-row-layout-inner  kt-layout-id_5ef2f5-55\"><div class=\"kt-row-column-wrap kt-has-1-columns kt-gutter-default kt-v-gutter-default kt-row-valign-top kt-row-layout-equal kt-tab-layout-inherit kt-m-colapse-left-to-right kt-mobile-layout-row\"><style>.kadence-column_d2e740-7f > .kt-inside-inner-col{border-top-width:0px;border-right-width:0px;border-bottom-width:0px;border-left-width:0px;}.kadence-column_d2e740-7f > .kt-inside-inner-col,.kadence-column_d2e740-7f > .kt-inside-inner-col:before{border-top-left-radius:0px;border-top-right-radius:0px;border-bottom-right-radius:0px;border-bottom-left-radius:0px;}.kadence-column_d2e740-7f > .kt-inside-inner-col{column-gap:var(--global-kb-gap-sm, 1rem);}.kadence-column_d2e740-7f > .kt-inside-inner-col{flex-direction:column;}.kadence-column_d2e740-7f > .kt-inside-inner-col > .aligncenter{width:100%;}.kadence-column_d2e740-7f > .kt-inside-inner-col:before{opacity:0.3;}.kadence-column_d2e740-7f{position:relative;}@media all and (max-width: 1024px){.kadence-column_d2e740-7f > .kt-inside-inner-col{flex-direction:column;justify-content:center;}}@media all and (max-width: 767px){.kadence-column_d2e740-7f > .kt-inside-inner-col{flex-direction:column;justify-content:center;}}<\/style>\n<div class=\"wp-block-kadence-column inner-column-1 kadence-column_d2e740-7f\"><div class=\"kt-inside-inner-col\">\n<p style=\"text-align: justify; font-size: 15px;\">\u0110\u01b0\u1ee3c th\u00e0nh l\u1eadp v\u00e0o th\u00e1ng 01\/1977 v\u1edbi t\u00ean g\u1ecdi Ph\u00e2n vi\u1ec7n Kh\u1ea3o s\u00e1t \u2013 Thi\u1ebft k\u1ebf GTVT ph\u00eda Nam thu\u1ed9c Vi\u1ec7n Thi\u1ebft k\u1ebf GTVT, tr\u1ea3i qua 40 n\u0103m x\u00e2y d\u1ef1ng v\u00e0 tr\u01b0\u1edfng th\u00e0nh, C\u00f4ng ty c\u1ed5 ph\u1ea7n T\u01b0 v\u1ea5n Thi\u1ebft k\u1ebf GTVT ph\u00eda Nam (TEDI SOUTH) hi\u1ec7n c\u00f3 \u0111\u1ea7y \u0111\u1ee7 c\u00e1c chuy\u00ean ng\u00e0nh c\u1ea7n thi\u1ebft c\u1ee7a m\u1ed9t \u0111\u01a1n v\u1ecb t\u01b0 v\u1ea5n chuy\u00ean nghi\u1ec7p nh\u01b0: kh\u1ea3o s\u00e1t, thi\u1ebft k\u1ebf, gi\u00e1m s\u00e1t, th\u1ea9m \u0111\u1ecbnh, ki\u1ec3m \u0111\u1ecbnh, \u2026 v\u00e0 v\u1eabn lu\u00f4n l\u00e0 s\u1ef1 l\u1ef1a ch\u1ecdn h\u00e0ng \u0111\u1ea7u c\u1ee7a B\u1ed9 GTVT, c\u00e1c ch\u1ee7 \u0111\u1ea7u t\u01b0 c\u0169ng nh\u01b0 c\u1ee7a c\u00e1c t\u01b0 v\u1ea5n n\u01b0\u1edbc ngo\u00e0i trong l\u0129nh v\u1ef1c t\u01b0 v\u1ea5n x\u00e2y d\u1ef1ng c\u00f4ng tr\u00ecnh h\u1ea1 t\u1ea7ng, giao th\u00f4ng.<\/p>\n<p style=\"text-align: justify; font-size: 15px;\">Trong nh\u1eefng n\u0103m qua, TEDI SOUTH li\u00ean t\u1ee5c \u0111\u1ed5i m\u1edbi ph\u1ea7n m\u1ec1m, m\u00e1y m\u00f3c thi\u1ebft b\u1ecb, \u1ee9ng d\u1ee5ng c\u00f4ng ngh\u1ec7 m\u1edbi ph\u1ee5c v\u1ee5 c\u00f4ng t\u00e1c kh\u1ea3o s\u00e1t, thi\u1ebft k\u1ebf nh\u1eb1m \u0111\u00e1p \u1ee9ng y\u00eau c\u1ea7u ng\u00e0y c\u00e0ng cao v\u1ec1 ch\u1ea5t l\u01b0\u1ee3ng, ti\u1ebfn \u0111\u1ed9 v\u00e0 m\u1ef9 thu\u1eadt c\u1ee7a c\u00f4ng tr\u00ecnh c\u0169ng nh\u01b0 \u0111\u1ea9y m\u1ea1nh vi\u1ec7c h\u1ee3p t\u00e1c qu\u1ed1c t\u1ebf nh\u1eb1m ti\u1ebfp c\u1eadn nhanh v\u1edbi m\u00f4 h\u00ecnh qu\u1ea3n l\u00fd, c\u00f4ng ngh\u1ec7 m\u1edbi, ti\u00ean ti\u1ebfn. C\u00f4ng t\u00e1c qu\u1ea3n l\u00fd ch\u1ea5t l\u01b0\u1ee3ng c\u0169ng \u0111\u01b0\u1ee3c quan t\u00e2m v\u1edbi vi\u1ec7c \u00e1p d\u1ee5ng v\u00e0 duy tr\u00ec h\u1ec7 th\u1ed1ng qu\u1ea3n l\u00fd ch\u1ea5t l\u01b0\u1ee3ng theo ISO 9001:2008 v\u00e0 ti\u1ebfn t\u1edbi \u00e1p d\u1ee5ng ISO 9001:2015.<\/p>\n<p style=\"text-align: justify; font-size: 15px;\">V\u1edbi \u0111\u1ed9i ng\u0169 kho\u1ea3ng 450 ng\u01b0\u1eddi, trong \u0111\u00f3 c\u00f3 h\u01a1n 300 k\u1ef9 s\u01b0, th\u1ea1c s\u0129, ti\u1ebfn s\u0129 g\u1ed3m nhi\u1ec1u chuy\u00ean ng\u00e0nh \u0111\u01b0\u1ee3c \u0111\u00e0o t\u1ea1o trong v\u00e0 ngo\u00e0i n\u01b0\u1edbc v\u00e0 g\u1ea7n 100 c\u00f4ng nh\u00e2n k\u1ef9 thu\u1eadt, k\u1ef9 thu\u1eadt vi\u00ean gi\u00e0u kinh nghi\u1ec7m, TEDI SOUTH ti\u1ebfp t\u1ee5c ghi d\u1ea5u \u1ea5n c\u1ee7a m\u00ecnh tr\u00ean nhi\u1ec1u c\u00f4ng tr\u00ecnh tr\u1ecdng \u0111i\u1ec3m \u1edf nhi\u1ec1u t\u1ec9nh th\u00e0nh trong c\u1ea3 n\u01b0\u1edbc, g\u00f3p ph\u1ea7n \u0111\u00e1ng k\u1ec3 v\u00e0o ph\u00e1t tri\u1ec3n kinh t\u1ebf &#8211; x\u00e3  h\u1ed9i, t\u0103ng c\u01b0\u1eddng an ninh &#8211; qu\u1ed1c ph\u00f2ng c\u1ee7a nhi\u1ec1u \u0111\u1ecba ph\u01b0\u01a1ng tr\u00ean c\u1ea3 n\u01b0\u1edbc.<\/p>\n<p style=\"text-align: justify; font-size: 15px;\">D\u00f9 c\u00f2n nhi\u1ec1u kh\u00f3 kh\u0103n th\u00e1ch th\u1ee9c, nh\u01b0ng v\u1edbi n\u0103ng l\u1ef1c, kinh nghi\u1ec7m v\u00e0 truy\u1ec1n th\u1ed1ng qua 40 n\u0103m, C\u00f4ng ty C\u1ed5 ph\u1ea7n T\u01b0 v\u1ea5n Thi\u1ebft k\u1ebf GTVT ph\u00eda Nam s\u1ebd ti\u1ebfp t\u1ee5c ph\u00e1t tri\u1ec3n b\u1ec1n v\u1eefng. Th\u01b0\u01a1ng hi\u1ec7u TEDI SOUTH tr\u00ean m\u1ed7i s\u1ea3n ph\u1ea9m l\u00e0 cam k\u1ebft v\u1ec1 ch\u1ea5t l\u01b0\u1ee3ng c\u1ee7a d\u1ecbch v\u1ee5 cung c\u1ea5p cho kh\u00e1ch h\u00e0ng.<\/p>\n<p style=\"color: red; text-align: justify; font-size: 20px; font-weight:bold;\">\u201cTEDI SOUTH l\u00e0 uy t\u00edn, ch\u1ea5t l\u01b0\u1ee3ng, ni\u1ec1m tin c\u1ee7a kh\u00e1ch h\u00e0ng v\u00e0 ni\u1ec1m t\u1ef1 h\u00e0o m\u1ed7i th\u00e0nh vi\u00ean c\u00f4ng ty\u201d.<\/p>\n\n\n\n<ul class=\"wp-block-gallery columns-5 is-cropped wp-block-gallery-1 is-layout-flex wp-block-gallery-is-layout-flex\"><li class=\"blocks-gallery-item\"><figure><a href=\"http:\/\/tedisouth.vn\/wp-content\/uploads\/2019\/08\/cau-Dinh-Ong-1-1024x680.jpg\"><img loading=\"lazy\" decoding=\"async\" width=\"1024\" height=\"680\" src=\"http:\/\/tedisouth.vn\/wp-content\/uploads\/2019\/08\/cau-Dinh-Ong-1-1024x680.jpg\" alt=\"\" data-id=\"101\" data-link=\"http:\/\/tedisouth.vn\/?attachment_id=101\" class=\"wp-image-101\" srcset=\"http:\/\/tedisouth.vn\/wp-content\/uploads\/2019\/08\/cau-Dinh-Ong-1.jpg 1024w, http:\/\/tedisouth.vn\/wp-content\/uploads\/2019\/08\/cau-Dinh-Ong-1-300x199.jpg 300w, http:\/\/tedisouth.vn\/wp-content\/uploads\/2019\/08\/cau-Dinh-Ong-1-768x510.jpg 768w\" sizes=\"(max-width: 1024px) 100vw, 1024px\" \/><\/a><\/figure><\/li><li class=\"blocks-gallery-item\"><figure><a href=\"http:\/\/tedisouth.vn\/wp-content\/uploads\/2019\/08\/cau-Vinh-Thinh-1-1024x680.jpg\"><img loading=\"lazy\" decoding=\"async\" width=\"1024\" height=\"680\" src=\"http:\/\/tedisouth.vn\/wp-content\/uploads\/2019\/08\/cau-Vinh-Thinh-1-1024x680.jpg\" alt=\"\" data-id=\"100\" data-link=\"http:\/\/tedisouth.vn\/?attachment_id=100\" class=\"wp-image-100\" srcset=\"http:\/\/tedisouth.vn\/wp-content\/uploads\/2019\/08\/cau-Vinh-Thinh-1.jpg 1024w, http:\/\/tedisouth.vn\/wp-content\/uploads\/2019\/08\/cau-Vinh-Thinh-1-300x199.jpg 300w, http:\/\/tedisouth.vn\/wp-content\/uploads\/2019\/08\/cau-Vinh-Thinh-1-768x510.jpg 768w\" sizes=\"(max-width: 1024px) 100vw, 1024px\" \/><\/a><\/figure><\/li><li class=\"blocks-gallery-item\"><figure><a href=\"http:\/\/tedisouth.vn\/wp-content\/uploads\/2019\/08\/duong-Khanh-Le-1024x768.jpg\"><img loading=\"lazy\" decoding=\"async\" width=\"1024\" height=\"768\" src=\"http:\/\/tedisouth.vn\/wp-content\/uploads\/2019\/08\/duong-Khanh-Le-1024x768.jpg\" alt=\"\" data-id=\"103\" data-link=\"http:\/\/tedisouth.vn\/?attachment_id=103\" class=\"wp-image-103\" srcset=\"http:\/\/tedisouth.vn\/wp-content\/uploads\/2019\/08\/duong-Khanh-Le-1024x768.jpg 1024w, http:\/\/tedisouth.vn\/wp-content\/uploads\/2019\/08\/duong-Khanh-Le-300x225.jpg 300w, http:\/\/tedisouth.vn\/wp-content\/uploads\/2019\/08\/duong-Khanh-Le-768x576.jpg 768w, http:\/\/tedisouth.vn\/wp-content\/uploads\/2019\/08\/duong-Khanh-Le.jpg 1999w\" sizes=\"(max-width: 1024px) 100vw, 1024px\" \/><\/a><\/figure><\/li><li class=\"blocks-gallery-item\"><figure><a href=\"http:\/\/tedisouth.vn\/wp-content\/uploads\/2019\/08\/cao-toc-HCM-LT-DG-1024x680.jpg\"><img loading=\"lazy\" decoding=\"async\" width=\"1024\" height=\"680\" src=\"http:\/\/tedisouth.vn\/wp-content\/uploads\/2019\/08\/cao-toc-HCM-LT-DG-1024x680.jpg\" alt=\"\" data-id=\"102\" data-link=\"http:\/\/tedisouth.vn\/?attachment_id=102\" class=\"wp-image-102\" srcset=\"http:\/\/tedisouth.vn\/wp-content\/uploads\/2019\/08\/cao-toc-HCM-LT-DG.jpg 1024w, http:\/\/tedisouth.vn\/wp-content\/uploads\/2019\/08\/cao-toc-HCM-LT-DG-300x199.jpg 300w, http:\/\/tedisouth.vn\/wp-content\/uploads\/2019\/08\/cao-toc-HCM-LT-DG-768x510.jpg 768w\" sizes=\"(max-width: 1024px) 100vw, 1024px\" \/><\/a><\/figure><\/li><li class=\"blocks-gallery-item\"><figure><a href=\"http:\/\/tedisouth.vn\/wp-content\/uploads\/2019\/08\/Nut-giao-tram-2-1024x680.jpg\"><img loading=\"lazy\" decoding=\"async\" width=\"1024\" height=\"680\" src=\"http:\/\/tedisouth.vn\/wp-content\/uploads\/2019\/08\/Nut-giao-tram-2-1024x680.jpg\" alt=\"\" data-id=\"106\" data-link=\"http:\/\/tedisouth.vn\/?attachment_id=106\" class=\"wp-image-106\" srcset=\"http:\/\/tedisouth.vn\/wp-content\/uploads\/2019\/08\/Nut-giao-tram-2.jpg 1024w, http:\/\/tedisouth.vn\/wp-content\/uploads\/2019\/08\/Nut-giao-tram-2-300x199.jpg 300w, http:\/\/tedisouth.vn\/wp-content\/uploads\/2019\/08\/Nut-giao-tram-2-768x510.jpg 768w\" sizes=\"(max-width: 1024px) 100vw, 1024px\" \/><\/a><\/figure><\/li><li class=\"blocks-gallery-item\"><figure><a href=\"http:\/\/tedisouth.vn\/wp-content\/uploads\/2019\/08\/Nut-Giao-QL10-D\u1ef1-\u00e1n-QL18-Uong-Bi-Ha-Long-1024x680.jpg\"><img loading=\"lazy\" decoding=\"async\" width=\"1024\" height=\"680\" src=\"http:\/\/tedisouth.vn\/wp-content\/uploads\/2019\/08\/Nut-Giao-QL10-D\u1ef1-\u00e1n-QL18-Uong-Bi-Ha-Long-1024x680.jpg\" alt=\"\" data-id=\"105\" data-link=\"http:\/\/tedisouth.vn\/?attachment_id=105\" class=\"wp-image-105\" srcset=\"http:\/\/tedisouth.vn\/wp-content\/uploads\/2019\/08\/Nut-Giao-QL10-D\u1ef1-\u00e1n-QL18-Uong-Bi-Ha-Long.jpg 1024w, http:\/\/tedisouth.vn\/wp-content\/uploads\/2019\/08\/Nut-Giao-QL10-D\u1ef1-\u00e1n-QL18-Uong-Bi-Ha-Long-300x199.jpg 300w, http:\/\/tedisouth.vn\/wp-content\/uploads\/2019\/08\/Nut-Giao-QL10-D\u1ef1-\u00e1n-QL18-Uong-Bi-Ha-Long-768x510.jpg 768w\" sizes=\"(max-width: 1024px) 100vw, 1024px\" \/><\/a><\/figure><\/li><li class=\"blocks-gallery-item\"><figure><a href=\"http:\/\/tedisouth.vn\/wp-content\/uploads\/2019\/08\/ham-Deo-Ca-7-1024x680.jpg\"><img loading=\"lazy\" decoding=\"async\" width=\"1024\" height=\"680\" src=\"http:\/\/tedisouth.vn\/wp-content\/uploads\/2019\/08\/ham-Deo-Ca-7-1024x680.jpg\" alt=\"\" data-id=\"104\" data-link=\"http:\/\/tedisouth.vn\/?attachment_id=104\" class=\"wp-image-104\" srcset=\"http:\/\/tedisouth.vn\/wp-content\/uploads\/2019\/08\/ham-Deo-Ca-7.jpg 1024w, http:\/\/tedisouth.vn\/wp-content\/uploads\/2019\/08\/ham-Deo-Ca-7-300x199.jpg 300w, http:\/\/tedisouth.vn\/wp-content\/uploads\/2019\/08\/ham-Deo-Ca-7-768x510.jpg 768w\" sizes=\"(max-width: 1024px) 100vw, 1024px\" \/><\/a><\/figure><\/li><li class=\"blocks-gallery-item\"><figure><a href=\"http:\/\/tedisouth.vn\/wp-content\/uploads\/2019\/08\/doan-ngam-trong-metro-1-ben-thanh-suoi-tien.jpg\"><img loading=\"lazy\" decoding=\"async\" width=\"660\" height=\"440\" src=\"http:\/\/tedisouth.vn\/wp-content\/uploads\/2019\/08\/doan-ngam-trong-metro-1-ben-thanh-suoi-tien.jpg\" alt=\"\" data-id=\"107\" data-link=\"http:\/\/tedisouth.vn\/?attachment_id=107\" class=\"wp-image-107\" srcset=\"http:\/\/tedisouth.vn\/wp-content\/uploads\/2019\/08\/doan-ngam-trong-metro-1-ben-thanh-suoi-tien.jpg 660w, http:\/\/tedisouth.vn\/wp-content\/uploads\/2019\/08\/doan-ngam-trong-metro-1-ben-thanh-suoi-tien-300x200.jpg 300w\" sizes=\"(max-width: 660px) 100vw, 660px\" \/><\/a><\/figure><\/li><li class=\"blocks-gallery-item\"><figure><a href=\"http:\/\/tedisouth.vn\/wp-content\/uploads\/2019\/08\/linh-vuc-kinh-doanh-ksdh-1-1024x680.jpg\"><img loading=\"lazy\" decoding=\"async\" width=\"1024\" height=\"680\" src=\"http:\/\/tedisouth.vn\/wp-content\/uploads\/2019\/08\/linh-vuc-kinh-doanh-ksdh-1-1024x680.jpg\" alt=\"\" data-id=\"131\" data-link=\"http:\/\/tedisouth.vn\/?attachment_id=131\" class=\"wp-image-131\" srcset=\"http:\/\/tedisouth.vn\/wp-content\/uploads\/2019\/08\/linh-vuc-kinh-doanh-ksdh-1.jpg 1024w, http:\/\/tedisouth.vn\/wp-content\/uploads\/2019\/08\/linh-vuc-kinh-doanh-ksdh-1-300x199.jpg 300w, http:\/\/tedisouth.vn\/wp-content\/uploads\/2019\/08\/linh-vuc-kinh-doanh-ksdh-1-768x510.jpg 768w\" sizes=\"(max-width: 1024px) 100vw, 1024px\" \/><\/a><\/figure><\/li><li class=\"blocks-gallery-item\"><figure><a href=\"http:\/\/tedisouth.vn\/wp-content\/uploads\/2019\/08\/linh-vuc-kinh-doanh-dkt-1-1024x680.jpg\"><img loading=\"lazy\" decoding=\"async\" width=\"1024\" height=\"680\" src=\"http:\/\/tedisouth.vn\/wp-content\/uploads\/2019\/08\/linh-vuc-kinh-doanh-dkt-1-1024x680.jpg\" alt=\"\" data-id=\"130\" data-link=\"http:\/\/tedisouth.vn\/?attachment_id=130\" class=\"wp-image-130\" srcset=\"http:\/\/tedisouth.vn\/wp-content\/uploads\/2019\/08\/linh-vuc-kinh-doanh-dkt-1.jpg 1024w, http:\/\/tedisouth.vn\/wp-content\/uploads\/2019\/08\/linh-vuc-kinh-doanh-dkt-1-300x199.jpg 300w, http:\/\/tedisouth.vn\/wp-content\/uploads\/2019\/08\/linh-vuc-kinh-doanh-dkt-1-768x510.jpg 768w\" sizes=\"(max-width: 1024px) 100vw, 1024px\" \/><\/a><\/figure><\/li><\/ul>\n<\/div><\/div>\n<\/div><\/div><\/div>\n<\/div><\/div>\n<\/div><\/div><\/div>\n","protected":false},"excerpt":{"rendered":"<p>Gi\u1edbi thi\u1ec7u \u0110\u01b0\u1ee3c th\u00e0nh l\u1eadp v\u00e0o th\u00e1ng 01\/1977 v\u1edbi t\u00ean g\u1ecdi Ph\u00e2n vi\u1ec7n Kh\u1ea3o s\u00e1t \u2013 Thi\u1ebft k\u1ebf GTVT ph\u00eda Nam thu\u1ed9c Vi\u1ec7n Thi\u1ebft k\u1ebf GTVT, tr\u1ea3i qua 40 n\u0103m x\u00e2y d\u1ef1ng v\u00e0 tr\u01b0\u1edfng th\u00e0nh, C\u00f4ng ty c\u1ed5 ph\u1ea7n T\u01b0 &hellip; <a href=\"http:\/\/tedisouth.vn\/?page_id=92\">Continued<\/a><\/p>\n","protected":false},"author":1,"featured_media":0,"parent":0,"menu_order":0,"comment_status":"closed","ping_status":"closed","template":"","meta":{"kt_blocks_editor_width":"","footnotes":""},"_links":{"self":[{"href":"http:\/\/tedisouth.vn\/index.php?rest_route=\/wp\/v2\/pages\/92"}],"collection":[{"href":"http:\/\/tedisouth.vn\/index.php?rest_route=\/wp\/v2\/pages"}],"about":[{"href":"http:\/\/tedisouth.vn\/index.php?rest_route=\/wp\/v2\/types\/page"}],"author":[{"embeddable":true,"href":"http:\/\/tedisouth.vn\/index.php?rest_route=\/wp\/v2\/users\/1"}],"replies":[{"embeddable":true,"href":"http:\/\/tedisouth.vn\/index.php?rest_route=%2Fwp%2Fv2%2Fcomments&post=92"}],"version-history":[{"count":13,"href":"http:\/\/tedisouth.vn\/index.php?rest_route=\/wp\/v2\/pages\/92\/revisions"}],"predecessor-version":[{"id":164,"href":"http:\/\/tedisouth.vn\/index.php?rest_route=\/wp\/v2\/pages\/92\/revisions\/164"}],"wp:attachment":[{"href":"http:\/\/tedisouth.vn\/index.php?rest_route=%2Fwp%2Fv2%2Fmedia&parent=92"}],"curies":[{"name":"wp","href":"https:\/\/api.w.org\/{rel}","templated":true}]}}