{"id":298,"date":"2019-08-09T14:54:14","date_gmt":"2019-08-09T07:54:14","guid":{"rendered":"http:\/\/tedisouth.vn\/?page_id=298"},"modified":"2019-08-14T10:53:38","modified_gmt":"2019-08-14T03:53:38","slug":"linh-vuc-kinh-doanh","status":"publish","type":"page","link":"https:\/\/tedisouth.vn\/?page_id=298","title":{"rendered":"L\u0128NH V\u1ef0C KINH DOANH"},"content":{"rendered":"\n<p style=\"text-align: justify; font-size: 15px;\">V\u1edbi kinh nghi\u1ec7m \u2013 n\u0103ng l\u1ef1c \u0111\u00e3 \u0111\u01b0\u1ee3c kh\u1eb3ng \u0111\u1ecbnh, TEDI SOUTH ng\u00e0y nay \u0111\u1ee7 n\u0103ng l\u1ef1c \u0111\u1ea3m nh\u1eadn c\u00e1c c\u00f4ng t\u00e1c t\u01b0 v\u1ea5n c\u00f4ng tr\u00ecnh giao th\u00f4ng nh\u01b0 l\u1eadp quy ho\u1ea1ch, l\u1eadp d\u1ef1 \u00e1n, l\u1eadp thi\u1ebft k\u1ebf c\u00f4ng tr\u00ecnh, l\u1eadp h\u1ed3 s\u01a1 th\u1ea7u, th\u1ea9m tra thi\u1ebft k\u1ebf, t\u01b0 v\u1ea5n gi\u00e1m s\u00e1t v\u00e0 ki\u1ec3m \u0111\u1ecbnh c\u00f4ng tr\u00ecnh \u1edf trong n\u01b0\u1edbc v\u00e0 khu v\u1ef1c. <\/p>\n\n\n\n<div class=\"wp-block-columns has-4-columns is-layout-flex wp-container-core-columns-is-layout-1 wp-block-columns-is-layout-flex\">\n<div class=\"wp-block-column is-layout-flow wp-block-column-is-layout-flow\">\n<figure class=\"wp-block-image\"><a href=\"http:\/\/tedisouth.vn\/?page_id=322\"><img loading=\"lazy\" decoding=\"async\" width=\"1024\" height=\"680\" src=\"http:\/\/tedisouth.vn\/wp-content\/uploads\/2019\/08\/linh-vuc-kinh-doanh-quy-hoach-1024x680.jpg\" alt=\"\" class=\"wp-image-302\" srcset=\"https:\/\/tedisouth.vn\/wp-content\/uploads\/2019\/08\/linh-vuc-kinh-doanh-quy-hoach.jpg 1024w, https:\/\/tedisouth.vn\/wp-content\/uploads\/2019\/08\/linh-vuc-kinh-doanh-quy-hoach-300x199.jpg 300w, https:\/\/tedisouth.vn\/wp-content\/uploads\/2019\/08\/linh-vuc-kinh-doanh-quy-hoach-768x510.jpg 768w\" sizes=\"(max-width: 1024px) 100vw, 1024px\" \/><\/a><\/figure>\n\n\n\n<p style=\"text-align:center\" class=\"has-text-color has-normal-font-size has-virtue-primary-color\"><strong><a href=\"http:\/\/tedisouth.vn\/?page_id=322\">L\u1eadp quy ho\u1ea1ch<\/a><\/strong><\/p>\n\n\n\n<figure class=\"wp-block-image\"><a href=\"http:\/\/tedisouth.vn\/?page_id=562\"><img loading=\"lazy\" decoding=\"async\" width=\"1024\" height=\"680\" src=\"http:\/\/tedisouth.vn\/wp-content\/uploads\/2019\/08\/linh-vuc-kinh-doanh-ksdh-2-1024x680.jpg\" alt=\"\" class=\"wp-image-306\" srcset=\"https:\/\/tedisouth.vn\/wp-content\/uploads\/2019\/08\/linh-vuc-kinh-doanh-ksdh-2.jpg 1024w, https:\/\/tedisouth.vn\/wp-content\/uploads\/2019\/08\/linh-vuc-kinh-doanh-ksdh-2-300x199.jpg 300w, https:\/\/tedisouth.vn\/wp-content\/uploads\/2019\/08\/linh-vuc-kinh-doanh-ksdh-2-768x510.jpg 768w\" sizes=\"(max-width: 1024px) 100vw, 1024px\" \/><\/a><\/figure>\n\n\n\n<p style=\"text-align:center\" class=\"has-text-color has-normal-font-size has-virtue-primary-color\"><strong><a href=\"http:\/\/tedisouth.vn\/?page_id=562\">Kh\u1ea3o s\u00e1t \u0111\u1ecba h\u00ecnh<\/a><\/strong><\/p>\n<\/div>\n\n\n\n<div class=\"wp-block-column is-layout-flow wp-block-column-is-layout-flow\">\n<figure class=\"wp-block-image\"><a href=\"http:\/\/tedisouth.vn\/?page_id=337\"><img loading=\"lazy\" decoding=\"async\" width=\"1024\" height=\"680\" src=\"http:\/\/tedisouth.vn\/wp-content\/uploads\/2019\/08\/linh-vuc-kinh-doanh-lap-bao-cao-dau-tu-1024x680.jpg\" alt=\"\" class=\"wp-image-303\" srcset=\"https:\/\/tedisouth.vn\/wp-content\/uploads\/2019\/08\/linh-vuc-kinh-doanh-lap-bao-cao-dau-tu.jpg 1024w, https:\/\/tedisouth.vn\/wp-content\/uploads\/2019\/08\/linh-vuc-kinh-doanh-lap-bao-cao-dau-tu-300x199.jpg 300w, https:\/\/tedisouth.vn\/wp-content\/uploads\/2019\/08\/linh-vuc-kinh-doanh-lap-bao-cao-dau-tu-768x510.jpg 768w\" sizes=\"(max-width: 1024px) 100vw, 1024px\" \/><\/a><\/figure>\n\n\n\n<p style=\"text-align:center\" class=\"has-text-color has-normal-font-size has-virtue-primary-color\"><strong><a href=\"http:\/\/tedisouth.vn\/?page_id=337\">L\u1eadp b\u00e1o c\u00e1o \u0111\u1ea7u t\u01b0<\/a><\/strong><\/p>\n\n\n\n<figure class=\"wp-block-image\"><a href=\"http:\/\/tedisouth.vn\/?page_id=571\"><img loading=\"lazy\" decoding=\"async\" width=\"1024\" height=\"680\" src=\"http:\/\/tedisouth.vn\/wp-content\/uploads\/2019\/08\/linh-vuc-kinh-doanh-dkt-2-1024x680.jpg\" alt=\"\" class=\"wp-image-307\" srcset=\"https:\/\/tedisouth.vn\/wp-content\/uploads\/2019\/08\/linh-vuc-kinh-doanh-dkt-2.jpg 1024w, https:\/\/tedisouth.vn\/wp-content\/uploads\/2019\/08\/linh-vuc-kinh-doanh-dkt-2-300x199.jpg 300w, https:\/\/tedisouth.vn\/wp-content\/uploads\/2019\/08\/linh-vuc-kinh-doanh-dkt-2-768x510.jpg 768w\" sizes=\"(max-width: 1024px) 100vw, 1024px\" \/><\/a><\/figure>\n\n\n\n<p style=\"text-align:center\" class=\"has-text-color has-normal-font-size has-virtue-primary-color\"><strong><a href=\"http:\/\/tedisouth.vn\/?page_id=571\">Kh\u1ea3o s\u00e1t, th\u00ed nghi\u1ec7m \u0111\u1ecba k\u1ef9 thu\u1eadt<\/a><\/strong><\/p>\n<\/div>\n\n\n\n<div class=\"wp-block-column is-layout-flow wp-block-column-is-layout-flow\">\n<figure class=\"wp-block-image\"><a href=\"http:\/\/tedisouth.vn\/?page_id=356\"><img loading=\"lazy\" decoding=\"async\" width=\"1024\" height=\"680\" src=\"http:\/\/tedisouth.vn\/wp-content\/uploads\/2019\/08\/linh-vuc-kinh-doanh-thiet-ke-1-1024x680.jpg\" alt=\"\" class=\"wp-image-317\" srcset=\"https:\/\/tedisouth.vn\/wp-content\/uploads\/2019\/08\/linh-vuc-kinh-doanh-thiet-ke-1.jpg 1024w, https:\/\/tedisouth.vn\/wp-content\/uploads\/2019\/08\/linh-vuc-kinh-doanh-thiet-ke-1-300x199.jpg 300w, https:\/\/tedisouth.vn\/wp-content\/uploads\/2019\/08\/linh-vuc-kinh-doanh-thiet-ke-1-768x510.jpg 768w, https:\/\/tedisouth.vn\/wp-content\/uploads\/2019\/08\/linh-vuc-kinh-doanh-thiet-ke-1-678x450.jpg 678w\" sizes=\"(max-width: 1024px) 100vw, 1024px\" \/><\/a><\/figure>\n\n\n\n<p style=\"text-align:center\" class=\"has-text-color has-normal-font-size has-virtue-primary-color\"><strong><a href=\"http:\/\/tedisouth.vn\/?page_id=356\">Thi\u1ebft k\u1ebf<\/a><\/strong><\/p>\n\n\n\n<figure class=\"wp-block-image\"><a href=\"http:\/\/tedisouth.vn\/?page_id=583\"><img loading=\"lazy\" decoding=\"async\" width=\"1024\" height=\"680\" src=\"http:\/\/tedisouth.vn\/wp-content\/uploads\/2019\/08\/linh-vuc-kinh-doanh-tham-tra-1024x680.jpg\" alt=\"\" class=\"wp-image-308\" srcset=\"https:\/\/tedisouth.vn\/wp-content\/uploads\/2019\/08\/linh-vuc-kinh-doanh-tham-tra.jpg 1024w, https:\/\/tedisouth.vn\/wp-content\/uploads\/2019\/08\/linh-vuc-kinh-doanh-tham-tra-300x199.jpg 300w, https:\/\/tedisouth.vn\/wp-content\/uploads\/2019\/08\/linh-vuc-kinh-doanh-tham-tra-768x510.jpg 768w\" sizes=\"(max-width: 1024px) 100vw, 1024px\" \/><\/a><\/figure>\n\n\n\n<p style=\"text-align:center\" class=\"has-text-color has-normal-font-size has-virtue-primary-color\"><strong><a href=\"http:\/\/tedisouth.vn\/?page_id=583\">Th\u1ea9m tra<\/a><\/strong><\/p>\n<\/div>\n\n\n\n<div class=\"wp-block-column is-layout-flow wp-block-column-is-layout-flow\">\n<figure class=\"wp-block-image\"><a href=\"http:\/\/tedisouth.vn\/?page_id=373\"><img loading=\"lazy\" decoding=\"async\" width=\"1024\" height=\"680\" src=\"http:\/\/tedisouth.vn\/wp-content\/uploads\/2019\/08\/linh-vuc-kinh-doanh-tvgs-1024x680.jpg\" alt=\"\" class=\"wp-image-305\" srcset=\"https:\/\/tedisouth.vn\/wp-content\/uploads\/2019\/08\/linh-vuc-kinh-doanh-tvgs.jpg 1024w, https:\/\/tedisouth.vn\/wp-content\/uploads\/2019\/08\/linh-vuc-kinh-doanh-tvgs-300x199.jpg 300w, https:\/\/tedisouth.vn\/wp-content\/uploads\/2019\/08\/linh-vuc-kinh-doanh-tvgs-768x510.jpg 768w\" sizes=\"(max-width: 1024px) 100vw, 1024px\" \/><\/a><\/figure>\n\n\n\n<p style=\"text-align:center\" class=\"has-text-color has-normal-font-size has-virtue-primary-color\"><strong><a href=\"http:\/\/tedisouth.vn\/?page_id=373\">T\u01b0 v\u1ea5n gi\u00e1m s\u00e1t<\/a><\/strong><\/p>\n\n\n\n<figure class=\"wp-block-image\"><a href=\"http:\/\/tedisouth.vn\/?page_id=602\"><img loading=\"lazy\" decoding=\"async\" width=\"1024\" height=\"680\" src=\"http:\/\/tedisouth.vn\/wp-content\/uploads\/2019\/08\/linh-vuc-kinh-doanh-kiem-dinh-1024x680.jpg\" alt=\"\" class=\"wp-image-309\" srcset=\"https:\/\/tedisouth.vn\/wp-content\/uploads\/2019\/08\/linh-vuc-kinh-doanh-kiem-dinh.jpg 1024w, https:\/\/tedisouth.vn\/wp-content\/uploads\/2019\/08\/linh-vuc-kinh-doanh-kiem-dinh-300x199.jpg 300w, https:\/\/tedisouth.vn\/wp-content\/uploads\/2019\/08\/linh-vuc-kinh-doanh-kiem-dinh-768x510.jpg 768w\" sizes=\"(max-width: 1024px) 100vw, 1024px\" \/><\/a><\/figure>\n\n\n\n<p style=\"text-align:center\" class=\"has-text-color has-normal-font-size has-virtue-primary-color\"><strong><a href=\"http:\/\/tedisouth.vn\/?page_id=602\">Ki\u1ec3m \u0111\u1ecbnh<\/a><\/strong><\/p>\n<\/div>\n<\/div>\n\n\n\n<p><\/p>\n","protected":false},"excerpt":{"rendered":"<p>V\u1edbi kinh nghi\u1ec7m \u2013 n\u0103ng l\u1ef1c \u0111\u00e3 \u0111\u01b0\u1ee3c kh\u1eb3ng \u0111\u1ecbnh, TEDI SOUTH ng\u00e0y nay \u0111\u1ee7 n\u0103ng l\u1ef1c \u0111\u1ea3m nh\u1eadn c\u00e1c c\u00f4ng t\u00e1c t\u01b0 v\u1ea5n c\u00f4ng tr\u00ecnh giao th\u00f4ng nh\u01b0 l\u1eadp quy ho\u1ea1ch, l\u1eadp d\u1ef1 \u00e1n, l\u1eadp thi\u1ebft k\u1ebf c\u00f4ng tr\u00ecnh, &hellip; <a href=\"https:\/\/tedisouth.vn\/?page_id=298\">Continued<\/a><\/p>\n","protected":false},"author":1,"featured_media":0,"parent":0,"menu_order":0,"comment_status":"closed","ping_status":"closed","template":"page-fullwidth.php","meta":{"kt_blocks_editor_width":"","footnotes":""},"_links":{"self":[{"href":"https:\/\/tedisouth.vn\/index.php?rest_route=\/wp\/v2\/pages\/298"}],"collection":[{"href":"https:\/\/tedisouth.vn\/index.php?rest_route=\/wp\/v2\/pages"}],"about":[{"href":"https:\/\/tedisouth.vn\/index.php?rest_route=\/wp\/v2\/types\/page"}],"author":[{"embeddable":true,"href":"https:\/\/tedisouth.vn\/index.php?rest_route=\/wp\/v2\/users\/1"}],"replies":[{"embeddable":true,"href":"https:\/\/tedisouth.vn\/index.php?rest_route=%2Fwp%2Fv2%2Fcomments&post=298"}],"version-history":[{"count":11,"href":"https:\/\/tedisouth.vn\/index.php?rest_route=\/wp\/v2\/pages\/298\/revisions"}],"predecessor-version":[{"id":605,"href":"https:\/\/tedisouth.vn\/index.php?rest_route=\/wp\/v2\/pages\/298\/revisions\/605"}],"wp:attachment":[{"href":"https:\/\/tedisouth.vn\/index.php?rest_route=%2Fwp%2Fv2%2Fmedia&parent=298"}],"curies":[{"name":"wp","href":"https:\/\/api.w.org\/{rel}","templated":true}]}}