{"id":773,"date":"2019-09-06T14:47:03","date_gmt":"2019-09-06T07:47:03","guid":{"rendered":"http:\/\/tedisouth.vn\/?page_id=773"},"modified":"2019-09-06T14:55:59","modified_gmt":"2019-09-06T07:55:59","slug":"quan-he-co-dong-2","status":"publish","type":"page","link":"https:\/\/tedisouth.vn\/?page_id=773","title":{"rendered":"TIN T\u1ee8C"},"content":{"rendered":"\n<p style=\"font-size:18px\" class=\"has-text-color has-very-dark-gray-color\"><strong>TIN T\u1ee8C S\u1ef0 KI\u1ec6N<\/strong><\/p>\n\n\n<ul class=\"wp-block-latest-posts__list has-dates wp-block-latest-posts\"><li><a class=\"wp-block-latest-posts__post-title\" href=\"https:\/\/tedisouth.vn\/?p=1822\">T\u1eb7ng b\u1eb1ng khen cho c\u00e1c t\u1eadp th\u1ec3, c\u00e1 nh\u00e2n trong th\u1ef1c hi\u1ec7n D\u1ef1 \u00e1n \u0111\u01b0\u1eddng V\u00e0nh \u0111ai 4 TP.H\u1ed3 Ch\u00ed Minh<\/a><time datetime=\"2026-01-23T15:10:50+07:00\" class=\"wp-block-latest-posts__post-date\">23\/01\/2026<\/time><\/li>\n<li><a class=\"wp-block-latest-posts__post-title\" href=\"https:\/\/tedisouth.vn\/?p=1669\">Tuy\u1ebfn \u0111\u01b0\u1eddng si\u00eau \u0111\u1eb9p c\u1ee7a \u0110\u00e0 L\u1ea1t (\u0111\u01b0\u1eddng v\u00e0nh \u0111i TP \u0110\u00e0 L\u1ea1t) sau h\u01a1n 3 n\u0103m thi c\u00f4ng<\/a><time datetime=\"2025-02-06T09:38:06+07:00\" class=\"wp-block-latest-posts__post-date\">06\/02\/2025<\/time><\/li>\n<li><a class=\"wp-block-latest-posts__post-title\" href=\"https:\/\/tedisouth.vn\/?p=1661\">C\u1ea7u Ba Son (c\u1ea7u Th\u1ee7 Thi\u00eam 2) \u0111\u01b0\u1ee3c l\u1eafp h\u1ec7 th\u1ed1ng \u0111\u00e8n chi\u1ebfu s\u00e1ng m\u1ef9 thu\u1eadt<\/a><time datetime=\"2024-12-30T14:14:06+07:00\" class=\"wp-block-latest-posts__post-date\">30\/12\/2024<\/time><\/li>\n<li><a class=\"wp-block-latest-posts__post-title\" href=\"https:\/\/tedisouth.vn\/?p=1647\">H\u00ecnh \u1ea3nh Th\u1ee7 t\u01b0\u1edbng ki\u1ec3m tra ti\u1ebfn \u0111\u1ed9 s\u00e2n bay Long Th\u00e0nh ng\u00e0y 03\/12\/2024<\/a><time datetime=\"2024-12-04T07:59:13+07:00\" class=\"wp-block-latest-posts__post-date\">04\/12\/2024<\/time><\/li>\n<li><a class=\"wp-block-latest-posts__post-title\" href=\"https:\/\/tedisouth.vn\/?p=1632\">Th\u00f4ng xe c\u1ea7u R\u1ea1ch \u0110\u1ec9a n\u1ed1i Qu\u1eadn 7 v\u00e0 Nh\u00e0 B\u00e8<\/a><time datetime=\"2024-11-29T10:05:03+07:00\" class=\"wp-block-latest-posts__post-date\">29\/11\/2024<\/time><\/li>\n<\/ul>\n\n\n<hr class=\"wp-block-separator is-style-wide\"\/>\n\n\n\n<p style=\"font-size:18px\" class=\"has-text-color has-very-dark-gray-color\"><strong>TIN TEDI SOUTH<\/strong><\/p>\n\n\n<ul class=\"wp-block-latest-posts__list has-dates wp-block-latest-posts\"><li><a class=\"wp-block-latest-posts__post-title\" href=\"https:\/\/tedisouth.vn\/?p=1847\">C\u00f4ng b\u1ed1 n\u0103ng l\u1ef1c ho\u1ea1t \u0111\u1ed9ng th\u00ed nghi\u1ec7m chuy\u00ean ng\u00e0nh x\u00e2y d\u1ef1ng<\/a><time datetime=\"2026-04-13T14:13:50+07:00\" class=\"wp-block-latest-posts__post-date\">13\/04\/2026<\/time><\/li>\n<li><a class=\"wp-block-latest-posts__post-title\" href=\"https:\/\/tedisouth.vn\/?p=1800\">L\u1ec5 k\u1ef7 ni\u1ec7m Ng\u00e0y Ph\u1ee5 n\u1eef Vi\u1ec7t Nam 20\/10\/2025<\/a><time datetime=\"2025-10-20T15:57:19+07:00\" class=\"wp-block-latest-posts__post-date\">20\/10\/2025<\/time><\/li>\n<li><a class=\"wp-block-latest-posts__post-title\" href=\"https:\/\/tedisouth.vn\/?p=1788\">25 k\u1ef9 s\u01b0 TEDI South t\u1ed1t nghi\u1ec7p chuy\u00ean ng\u00e0nh \u0110\u01b0\u1eddng s\u1eaft, tham gia nhi\u1ec1u d\u1ef1 \u00e1n tr\u1ecdng \u0111i\u1ec3m<\/a><time datetime=\"2025-10-20T09:27:41+07:00\" class=\"wp-block-latest-posts__post-date\">20\/10\/2025<\/time><\/li>\n<li><a class=\"wp-block-latest-posts__post-title\" href=\"https:\/\/tedisouth.vn\/?p=1679\">M\u1ed9t s\u1ed1 ho\u1ea1t \u0111\u1ed9ng m\u1eebng xu\u00e2n \u1ea4t T\u1ef5 2025<\/a><time datetime=\"2025-02-10T08:28:35+07:00\" class=\"wp-block-latest-posts__post-date\">10\/02\/2025<\/time><\/li>\n<li><a class=\"wp-block-latest-posts__post-title\" href=\"https:\/\/tedisouth.vn\/?p=1598\">Ch\u01b0\u01a1ng tr\u00ecnh d\u00e3 ngo\u1ea1i 2024: &#8220;K\u1ebft s\u1ee9c m\u1ea1nh n\u1ed1i th\u00e0nh c\u00f4ng&#8221; t\u1ea1i Nha Trang<\/a><time datetime=\"2024-07-25T14:21:53+07:00\" class=\"wp-block-latest-posts__post-date\">25\/07\/2024<\/time><\/li>\n<\/ul>\n\n\n<hr class=\"wp-block-separator is-style-wide\"\/>\n\n\n\n<p style=\"font-size:18px\" class=\"has-text-color has-very-dark-gray-color\"><strong>TIN \u0110O\u00c0N TH\u1ec2<\/strong><\/p>\n\n\n<ul class=\"wp-block-latest-posts__list has-dates wp-block-latest-posts\"><li><a class=\"wp-block-latest-posts__post-title\" href=\"https:\/\/tedisouth.vn\/?p=1489\">H\u1ed9i thao truy\u1ec1n th\u1ed1ng Tedi South n\u0103m 2023<\/a><time datetime=\"2023-12-25T12:51:45+07:00\" class=\"wp-block-latest-posts__post-date\">25\/12\/2023<\/time><\/li>\n<li><a class=\"wp-block-latest-posts__post-title\" href=\"https:\/\/tedisouth.vn\/?p=1478\">C\u00f4ng ty Tedi South c\u00f9ng c\u00e1c \u0111\u01a1n v\u1ecb trong C\u1ee5m V\u0103n ho\u00e1 th\u1ec3 thao s\u1ed1 4 tham gia H\u1ed9i thao Ch\u00e0o m\u1eebng \u0110\u1ea1i h\u1ed9i XI C\u00f4ng \u0110o\u00e0n GTVT Vi\u1ec7t Nam, Nhi\u1ec7m k\u1ef3 2023-2028<\/a><time datetime=\"2023-09-15T20:27:07+07:00\" class=\"wp-block-latest-posts__post-date\">15\/09\/2023<\/time><\/li>\n<li><a class=\"wp-block-latest-posts__post-title\" href=\"https:\/\/tedisouth.vn\/?p=780\">H\u1ed9i thao truy\u1ec1n th\u1ed1ng Tedi South n\u0103m 2019<\/a><time datetime=\"2019-09-06T14:58:23+07:00\" class=\"wp-block-latest-posts__post-date\">06\/09\/2019<\/time><\/li>\n<\/ul>\n\n\n<hr class=\"wp-block-separator is-style-wide\"\/>\n\n\n\n<p><\/p>\n","protected":false},"excerpt":{"rendered":"<p>TIN T\u1ee8C S\u1ef0 KI\u1ec6N TIN TEDI SOUTH TIN \u0110O\u00c0N TH\u1ec2<\/p>\n","protected":false},"author":1,"featured_media":0,"parent":0,"menu_order":0,"comment_status":"closed","ping_status":"closed","template":"","meta":{"kt_blocks_editor_width":"","footnotes":""},"_links":{"self":[{"href":"https:\/\/tedisouth.vn\/index.php?rest_route=\/wp\/v2\/pages\/773"}],"collection":[{"href":"https:\/\/tedisouth.vn\/index.php?rest_route=\/wp\/v2\/pages"}],"about":[{"href":"https:\/\/tedisouth.vn\/index.php?rest_route=\/wp\/v2\/types\/page"}],"author":[{"embeddable":true,"href":"https:\/\/tedisouth.vn\/index.php?rest_route=\/wp\/v2\/users\/1"}],"replies":[{"embeddable":true,"href":"https:\/\/tedisouth.vn\/index.php?rest_route=%2Fwp%2Fv2%2Fcomments&post=773"}],"version-history":[{"count":1,"href":"https:\/\/tedisouth.vn\/index.php?rest_route=\/wp\/v2\/pages\/773\/revisions"}],"predecessor-version":[{"id":774,"href":"https:\/\/tedisouth.vn\/index.php?rest_route=\/wp\/v2\/pages\/773\/revisions\/774"}],"wp:attachment":[{"href":"https:\/\/tedisouth.vn\/index.php?rest_route=%2Fwp%2Fv2%2Fmedia&parent=773"}],"curies":[{"name":"wp","href":"https:\/\/api.w.org\/{rel}","templated":true}]}}